{"id":2476,"date":"2025-10-14T12:12:36","date_gmt":"2025-10-14T15:12:36","guid":{"rendered":"https:\/\/talkwoot.com\/terms-conditions\/"},"modified":"2025-10-28T09:14:37","modified_gmt":"2025-10-28T12:14:37","slug":"terminos-y-condiciones","status":"publish","type":"page","link":"https:\/\/talkwoot.com\/es\/terminos-y-condiciones\/","title":{"rendered":"T\u00e9rminos y Condiciones"},"content":{"rendered":"\t\t<div data-elementor-type=\"wp-page\" data-elementor-id=\"2476\" class=\"elementor elementor-2476 elementor-1506\">\n\t\t\t\t<div class=\"elementor-element elementor-element-95a2d82 e-flex e-con-boxed e-con e-parent\" data-id=\"95a2d82\" data-element_type=\"container\" data-e-type=\"container\">\n\t\t\t\t\t<div class=\"e-con-inner\">\n\t\t\t\t<div class=\"elementor-element elementor-element-c12da83 terms-content elementor-widget elementor-widget-text-editor\" data-id=\"c12da83\" data-element_type=\"widget\" data-e-type=\"widget\" data-widget_type=\"text-editor.default\">\n\t\t\t\t\t\t\t\t\t<p>\u00daltima actualizaci\u00f3n: 14 de octubre de 2025<\/p><h2>Acuerdo<\/h2><p>Al acceder o utilizar <a href=\"https:\/\/talkwoot.com\/\">https:\/\/talkwoot.com<\/a>, declaras que tienes plena autoridad para actuar en tu propio nombre, en nombre de tu empresa o de cualquier entidad legal que representes, y que tu uso continuado de este sitio web o plataforma constituye el reconocimiento de que has le\u00eddo, entendido y aceptado estos T\u00e9rminos de Uso y todos los dem\u00e1s acuerdos aplicables publicados en este sitio, incluida nuestra <strong>Pol\u00edtica de Privacidad<\/strong> y <strong>Pol\u00edtica de Reembolsos<\/strong>.<\/p><p>Al ver, visitar o interactuar con cualquier parte de este sitio web, incluidos banners, pop-ups o publicidad, aceptas todas las disposiciones contenidas en estos T\u00e9rminos de Uso.<br \/>El acceso a este sitio web est\u00e1 prohibido para cualquier persona amparada por la <strong>Children\u2019s Online Privacy Protection Act (COPPA) de 1998<\/strong>.<\/p><p>TalkWoot se reserva el derecho de denegar el acceso a cualquier persona u organizaci\u00f3n por cualquier motivo leg\u00edtimo.<br \/>De conformidad con nuestra <strong>Pol\u00edtica de Privacidad<\/strong> \u2014que aceptas como condici\u00f3n para visualizar este sitio\u2014, TalkWoot puede recopilar y almacenar datos e informaci\u00f3n con fines de anal\u00edtica, mejora del servicio y cumplimiento normativo.<\/p><p>Estos T\u00e9rminos pueden actualizarse peri\u00f3dicamente. Los Visitantes son responsables de revisar esta p\u00e1gina con regularidad para mantenerse informados de cualquier cambio.<\/p><h2>Partes del Acuerdo<\/h2><p>Todos los visitantes, usuarios, suscriptores, miembros, afiliados o clientes (colectivamente, los \u201cUsuarios\u201d) son partes de este Acuerdo.<br \/>El sitio web, su plataforma y su titular \u2014<strong>Studio Web Consultoria em Inform\u00e1tica Ltda<\/strong>\u2014 se denominan colectivamente <strong>\u201cTalkWoot\u201d<\/strong>, <strong>\u201cla Empresa\u201d<\/strong> o <strong>\u201cla Plataforma\u201d<\/strong>.<\/p><h2>1. Finalidad<\/h2><p>TalkWoot proporciona una plataforma <strong>Software como Servicio (SaaS)<\/strong> dise\u00f1ada para facilitar la comunicaci\u00f3n automatizada, la atenci\u00f3n al cliente y la gesti\u00f3n de datos a trav\u00e9s de <strong>WhatsApp, Instagram, Facebook Messenger<\/strong> y otros canales integrados.<\/p><p>Estos T\u00e9rminos rigen tu uso de nuestra plataforma y de los servicios ofrecidos, que pueden incluir, entre otros: <strong>automatizaciones de chat, integraciones, gesti\u00f3n de usuarios, enrutamiento de mensajes, anal\u00edticas y soporte.<\/strong><\/p><h2>2. Aceptaci\u00f3n y Modificaciones<\/h2><p>Tu uso de la plataforma TalkWoot, incluida la creaci\u00f3n de cuenta o el acceso continuado, implica la aceptaci\u00f3n \u00edntegra de estos T\u00e9rminos.<br \/>TalkWoot puede modificar estos T\u00e9rminos de Uso en cualquier momento, proporcionando un <strong>aviso previo m\u00ednimo de treinta (30) d\u00edas<\/strong> por correo electr\u00f3nico, mensajes en la aplicaci\u00f3n o mediante esta p\u00e1gina.<\/p><p>Si no est\u00e1s de acuerdo con la versi\u00f3n revisada, puedes <strong>cancelar tu cuenta<\/strong> antes de que la nueva versi\u00f3n entre en vigor.<\/p><h2>3. Registro de Usuario<\/h2><p>Para acceder a determinadas \u00e1reas o funciones, puede que necesites registrarte. Aceptas:<\/p><ul><li><p>Proporcionar informaci\u00f3n <strong>exacta, actual y completa<\/strong>;<\/p><\/li><li><p>Mantener la <strong>confidencialidad<\/strong> de tus credenciales;<\/p><\/li><li><p>Asumir la <strong>responsabilidad<\/strong> por todas las actividades realizadas bajo tu cuenta;<\/p><\/li><li><p>No utilizar la plataforma con fines il\u00edcitos, de <strong>spam<\/strong> o para vulnerar derechos de terceros.<\/p><\/li><\/ul><p>TalkWoot se reserva el derecho de eliminar o modificar un nombre de usuario que considere inapropiado o enga\u00f1oso.<br \/>Si proporcionas informaci\u00f3n inexacta o incompleta, TalkWoot puede suspender o cancelar tu cuenta sin previo aviso.<\/p><p>Al usar la plataforma, afirmas que:<\/p><ul><li><p>Tienes <strong>capacidad legal<\/strong> para celebrar este Acuerdo;<\/p><\/li><li><p><strong>No eres menor de edad<\/strong> en tu jurisdicci\u00f3n;<\/p><\/li><li><p>No acceder\u00e1s al sitio mediante medios <strong>automatizados o no humanos<\/strong> (bots, scripts, etc.);<\/p><\/li><li><p>Tu uso cumple con todas las <strong>leyes y normativas<\/strong> aplicables.<\/p><\/li><\/ul><h2>4. Licencia y Uso<\/h2><p>TalkWoot te concede una <strong>licencia limitada, no exclusiva, intransferible y revocable<\/strong> para utilizar la plataforma y sus servicios conforme a tu plan de suscripci\u00f3n.<\/p><p>Aceptas no:<\/p><ul><li><p><strong>Copiar, modificar, distribuir<\/strong> ni <strong>ingenierizar inversamente<\/strong> la plataforma;<\/p><\/li><li><p>Utilizarla con fines il\u00edcitos, de <strong>spam<\/strong> o <strong>competencia desleal<\/strong>;<\/p><\/li><li><p>Acceder o intentar acceder a sistemas o datos <strong>m\u00e1s all\u00e1 de tu alcance autorizado<\/strong>.<\/p><\/li><\/ul><p>Todos los derechos no concedidos expresamente <strong>permanecen en TalkWoot<\/strong>.<\/p><h2>5. Restricciones de Hiperv\u00ednculos y Referencias<\/h2><p>Salvo autorizaci\u00f3n expresa de TalkWoot, no puedes:<\/p><ul><li><p><strong>Hipervincular<\/strong> este sitio web ni su contenido (logotipos, marcas o materiales) desde tu propio sitio;<\/p><\/li><li><p><strong>Referenciar<\/strong> la URL del sitio en medios comerciales o no comerciales sin consentimiento escrito;<\/p><\/li><li><p><strong>\u201cEnmarcar\u201d (framing)<\/strong> o replicar el contenido del sitio.<\/p><\/li><\/ul><p>Aceptas colaborar en la <strong>eliminaci\u00f3n<\/strong> de referencias o enlaces no autorizados y puedes ser responsable de los <strong>da\u00f1os<\/strong>derivados de tales infracciones.<\/p><h2>6. Exenci\u00f3n de Responsabilidad sobre el Contenido del Sitio<\/h2><p>TalkWoot no se responsabiliza de la <strong>exactitud o integridad<\/strong> de la informaci\u00f3n publicada en este sitio o enlazada desde \u00e9l.<br \/>Los Usuarios asumen <strong>todo riesgo<\/strong> al ver, leer o basarse en dicha informaci\u00f3n.<\/p><p>No garantizamos un servicio <strong>ininterrumpido o libre de errores<\/strong>, ni asumimos responsabilidad por da\u00f1os causados por <strong>datos corruptos, virus u otros elementos nocivos<\/strong> transmitidos a trav\u00e9s del sitio.<br \/>El acceso e interacci\u00f3n con este sitio y su contenido se realiza <strong>bajo tu propio riesgo<\/strong>.<\/p><p>Este sitio no forma parte ni est\u00e1 avalado por <strong>Meta Platforms, Inc. (Facebook, Instagram)<\/strong> ni por <strong>Google LLC<\/strong>.<br \/>Podemos usar <strong>Google Ads<\/strong> o herramientas de remarketing de Meta para mostrar anuncios relevantes a visitantes que hayan interactuado previamente con nuestro sitio.<\/p><h2>7. Planes, Pagos y Condiciones Comerciales<\/h2><p>Los servicios de pago de TalkWoot operan mediante <strong>planes de suscripci\u00f3n<\/strong> listados en la <strong>P\u00e1gina de Precios<\/strong>.<br \/>Las <strong>condiciones de pago<\/strong>, <strong>frecuencia<\/strong> y <strong>m\u00e9todos<\/strong> se definen en el momento de la compra.<\/p><p>El impago en la fecha de vencimiento puede resultar en:<\/p><ul><li><p><strong>Suspensi\u00f3n temporal<\/strong> del acceso a la cuenta;<\/p><\/li><li><p><strong>Recargos por mora<\/strong>;<\/p><\/li><li><p><strong>Terminaci\u00f3n<\/strong> de la cuenta por morosidad prolongada.<\/p><\/li><\/ul><p>Las <strong>integraciones a medida<\/strong> o servicios <strong>enterprise<\/strong> pueden tener t\u00e9rminos de facturaci\u00f3n <strong>separados<\/strong> acordados por escrito.<\/p><h2>8. Tratamiento de Datos y Privacidad<\/h2><p>TalkWoot cumple la <strong>Ley General de Protecci\u00f3n de Datos de Brasil (LGPD)<\/strong> y el <strong>Reglamento General de Protecci\u00f3n de Datos de la UE (GDPR)<\/strong>.<br \/>Adoptamos medidas <strong>t\u00e9cnicas y organizativas<\/strong> apropiadas para garantizar la <strong>seguridad, integridad y confidencialidad<\/strong> de tus datos.<\/p><p>Al usar TalkWoot, aceptas nuestras <strong>pr\u00e1cticas de datos<\/strong> descritas en la <strong>Pol\u00edtica de Privacidad<\/strong>, que forma parte de este Acuerdo.<\/p><p>El <strong>CLIENTE<\/strong> es responsable de asegurar que dispone de una <strong>base legal<\/strong> (p. ej., consentimiento, inter\u00e9s leg\u00edtimo) para procesar cualquier dato de terceros a trav\u00e9s de la plataforma.<\/p><h2>9. Integraciones de Terceros<\/h2><p>TalkWoot ofrece integraciones con plataformas externas como <strong>WhatsApp Business API, Instagram, Facebook y WooCommerce<\/strong>.<br \/>Cada integraci\u00f3n est\u00e1 sujeta a los <strong>t\u00e9rminos, limitaciones de API y reglas t\u00e9cnicas<\/strong> del tercero correspondiente.<\/p><p>TalkWoot no es responsable de <strong>interrupciones de servicio<\/strong>, cambios de pol\u00edticas o <strong>limitaciones de funciones<\/strong> causadas por proveedores externos.<\/p><p>Algunas integraciones pueden requerir <strong>verificaci\u00f3n adicional<\/strong> o <strong>documentaci\u00f3n<\/strong>, que el CLIENTE deber\u00e1 proporcionar a solicitud.<\/p><h2>10. Propiedad Intelectual<\/h2><p>Todo el <strong>software, dise\u00f1o, c\u00f3digo fuente, identidad visual, marcas<\/strong> y dem\u00e1s materiales creativos relacionados con TalkWoot son propiedad exclusiva de <strong>Studio Web Ltda<\/strong> o de sus licenciantes.<\/p><p>Ninguna parte de la plataforma puede <strong>reproducirse, modificarse o distribuirse<\/strong> sin <strong>permiso previo por escrito<\/strong>.<br \/>Tu suscripci\u00f3n <strong>no<\/strong> otorga propiedad sobre ninguna <strong>propiedad intelectual<\/strong>.<\/p><h2>11. Limitaci\u00f3n de Responsabilidad<\/h2><p>Al acceder o utilizar la plataforma TalkWoot, renuncias a reclamaciones por <strong>da\u00f1os<\/strong> derivados de tu uso, incluidos <strong>da\u00f1os indirectos, incidentales, consecuentes o punitivos<\/strong>.<\/p><p>En jurisdicciones que no permiten tales exclusiones, la <strong>responsabilidad total<\/strong> de TalkWoot no exceder\u00e1 el <strong>importe pagado por ti en los seis (6) meses<\/strong> anteriores al incidente.<\/p><p>No somos responsables de da\u00f1os causados por <strong>eventos fuera de nuestro control<\/strong>, como <strong>fuerza mayor, desastres naturales, guerra, acciones gubernamentales<\/strong> o <strong>fallos de servicios de terceros<\/strong>.<\/p><h2>12. Indemnizaci\u00f3n<\/h2><p>Aceptas <strong>indemnizar y mantener indemne<\/strong> a <strong>Studio Web Ltda<\/strong>, sus afiliadas, empleados y socios frente a cualquier reclamaci\u00f3n, p\u00e9rdida o da\u00f1o derivado de tu <strong>uso indebido<\/strong> de la plataforma o de la <strong>violaci\u00f3n<\/strong> de estos T\u00e9rminos.<\/p><h2>13. Gesti\u00f3n del Sitio<\/h2><p>TalkWoot se reserva el derecho de:<\/p><ul><li><p><strong>Monitorear<\/strong> y actuar frente a infracciones de estos T\u00e9rminos;<\/p><\/li><li><p><strong>Restringir o suspender<\/strong> el acceso a cualquier usuario;<\/p><\/li><li><p><strong>Eliminar<\/strong> contenido o datos que puedan da\u00f1ar el sistema o violar pol\u00edticas;<\/p><\/li><li><p><strong>Denunciar<\/strong> conductas il\u00edcitas ante las autoridades cuando sea necesario.<\/p><\/li><\/ul><h2>14. Vigencia y Terminaci\u00f3n<\/h2><p>Estos T\u00e9rminos permanecen vigentes mientras utilices la plataforma.<br \/>TalkWoot puede, a su discreci\u00f3n, <strong>suspender o cancelar<\/strong> el acceso de usuarios que infrinjan estos T\u00e9rminos o las leyes aplicables.<\/p><p>Tras la terminaci\u00f3n, los datos podr\u00e1n <strong>conservarse hasta 60 d\u00edas<\/strong> para copias de seguridad y cumplimiento legal antes de su eliminaci\u00f3n, conforme a nuestra <strong>Pol\u00edtica de Privacidad<\/strong>.<\/p><h2>15. Ley Aplicable y Jurisdicci\u00f3n<\/h2><p>Este Acuerdo se rige e interpreta de acuerdo con las <strong>leyes de la Rep\u00fablica Federativa de Brasil<\/strong>.<br \/>Las partes acuerdan que cualquier disputa se resolver\u00e1 en los <strong>tribunales de S\u00e3o Paulo, Estado de S\u00e3o Paulo, Brasil<\/strong>, con exclusi\u00f3n de cualquier otro fuero.<\/p><h2>16. Notificaci\u00f3n<\/h2><p>Renuncias a cualquier derecho a recibir notificaciones adicionales m\u00e1s all\u00e1 de lo expresamente previsto en estos T\u00e9rminos.<br \/>Al continuar utilizando el sitio o la plataforma, confirmas tu <strong>comprensi\u00f3n y aceptaci\u00f3n<\/strong> de todas las disposiciones aqu\u00ed contenidas.<\/p>\t\t\t\t\t\t\t\t<\/div>\n\t\t\t\t\t<\/div>\n\t\t\t\t<\/div>\n\t\t\t\t<\/div>\n\t\t","protected":false},"excerpt":{"rendered":"<p>\u00daltima actualizaci\u00f3n: 14 de octubre de 2025 Acuerdo Al acceder o utilizar https:\/\/talkwoot.com, declaras que tienes plena autoridad para actuar en tu propio nombre, en nombre de tu empresa o de cualquier entidad legal que representes, y que tu uso continuado de este sitio web o plataforma constituye el reconocimiento de que has le\u00eddo, entendido [&hellip;]<\/p>\n","protected":false},"author":1,"featured_media":0,"parent":0,"menu_order":0,"comment_status":"closed","ping_status":"closed","template":"","meta":{"footnotes":""},"class_list":["post-2476","page","type-page","status-publish","hentry"],"_links":{"self":[{"href":"https:\/\/talkwoot.com\/es\/wp-json\/wp\/v2\/pages\/2476","targetHints":{"allow":["GET"]}}],"collection":[{"href":"https:\/\/talkwoot.com\/es\/wp-json\/wp\/v2\/pages"}],"about":[{"href":"https:\/\/talkwoot.com\/es\/wp-json\/wp\/v2\/types\/page"}],"author":[{"embeddable":true,"href":"https:\/\/talkwoot.com\/es\/wp-json\/wp\/v2\/users\/1"}],"replies":[{"embeddable":true,"href":"https:\/\/talkwoot.com\/es\/wp-json\/wp\/v2\/comments?post=2476"}],"version-history":[{"count":6,"href":"https:\/\/talkwoot.com\/es\/wp-json\/wp\/v2\/pages\/2476\/revisions"}],"predecessor-version":[{"id":2485,"href":"https:\/\/talkwoot.com\/es\/wp-json\/wp\/v2\/pages\/2476\/revisions\/2485"}],"wp:attachment":[{"href":"https:\/\/talkwoot.com\/es\/wp-json\/wp\/v2\/media?parent=2476"}],"curies":[{"name":"wp","href":"https:\/\/api.w.org\/{rel}","templated":true}]}}