{"id":2558,"date":"2025-10-16T11:34:44","date_gmt":"2025-10-16T14:34:44","guid":{"rendered":"https:\/\/talkwoot.com\/integraciones\/"},"modified":"2025-10-28T11:01:37","modified_gmt":"2025-10-28T14:01:37","slug":"integraciones","status":"publish","type":"page","link":"https:\/\/talkwoot.com\/es\/integraciones\/","title":{"rendered":"Integraciones"},"content":{"rendered":"\t\t<div data-elementor-type=\"wp-page\" data-elementor-id=\"2558\" class=\"elementor elementor-2558 elementor-1696\">\n\t\t\t\t<div class=\"elementor-element elementor-element-d25c3e1 e-flex e-con-boxed e-con e-parent\" data-id=\"d25c3e1\" data-element_type=\"container\" data-e-type=\"container\" data-settings=\"{&quot;background_background&quot;:&quot;classic&quot;}\">\n\t\t\t\t\t<div class=\"e-con-inner\">\n\t\t\t\t<div class=\"elementor-element elementor-element-68071f3 elementor-widget elementor-widget-sasi-heading\" data-id=\"68071f3\" data-element_type=\"widget\" data-e-type=\"widget\" data-settings=\"{&quot;_animation&quot;:&quot;none&quot;}\" data-widget_type=\"sasi-heading.default\">\n\t\t\t\t<div class=\"elementor-widget-container\">\n\t\t\t\t\t\t\t<div class=\"sasi-heading\">\r\n\t        <span class=\"sasi-heading__sub\">Integraciones<\/span>\t        <h1 class=\"sasi-heading__title\">Integra TalkWoot con tus Plataformas Favoritas<\/h1>\t    <\/div>\r\n\t    \t\t\t\t<\/div>\n\t\t\t\t<\/div>\n\t\t\t\t<div class=\"elementor-element elementor-element-9b707c9 elementor-widget-divider--view-line elementor-widget elementor-widget-divider\" data-id=\"9b707c9\" data-element_type=\"widget\" data-e-type=\"widget\" data-widget_type=\"divider.default\">\n\t\t\t\t\t\t\t<div class=\"elementor-divider\">\n\t\t\t<span class=\"elementor-divider-separator\">\n\t\t\t\t\t\t<\/span>\n\t\t<\/div>\n\t\t\t\t\t\t<\/div>\n\t\t\t\t<div class=\"elementor-element elementor-element-93cbb91 elementor-widget elementor-widget-text-editor\" data-id=\"93cbb91\" data-element_type=\"widget\" data-e-type=\"widget\" data-settings=\"{&quot;_animation&quot;:&quot;none&quot;,&quot;_animation_delay&quot;:200}\" data-widget_type=\"text-editor.default\">\n\t\t\t\t\t\t\t\t\t<p data-start=\"358\" data-end=\"589\">Conecta TalkWoot con WhatsApp, Instagram, Telegram y mucho m\u00e1s. Centraliza todas las conversaciones con tus clientes, automatiza los flujos de trabajo y ampl\u00eda la comunicaci\u00f3n a trav\u00e9s de todos tus canales comerciales, todo desde una \u00fanica y potente plataforma.<\/p>\t\t\t\t\t\t\t\t<\/div>\n\t\t\t\t\t<\/div>\n\t\t\t\t<\/div>\n\t\t<div class=\"elementor-element elementor-element-c8b7230 e-flex e-con-boxed e-con e-parent\" data-id=\"c8b7230\" data-element_type=\"container\" data-e-type=\"container\">\n\t\t\t\t\t<div class=\"e-con-inner\">\n\t\t<div class=\"elementor-element elementor-element-8d356a9 e-con-full e-flex e-con e-child\" data-id=\"8d356a9\" data-element_type=\"container\" data-e-type=\"container\">\n\t\t<div class=\"elementor-element elementor-element-3c189d1 e-con-full sticky-container e-flex e-con e-child\" data-id=\"3c189d1\" data-element_type=\"container\" data-e-type=\"container\" data-settings=\"{&quot;background_background&quot;:&quot;classic&quot;}\">\n\t\t<div class=\"elementor-element elementor-element-372bea9 e-con-full e-flex e-con e-child\" data-id=\"372bea9\" data-element_type=\"container\" data-e-type=\"container\" data-settings=\"{&quot;background_background&quot;:&quot;gradient&quot;}\">\n\t\t\t\t<div class=\"elementor-element elementor-element-14dabff elementor-widget elementor-widget-image\" data-id=\"14dabff\" data-element_type=\"widget\" data-e-type=\"widget\" data-widget_type=\"image.default\">\n\t\t\t\t\t\t\t\t\t\t\t\t\t\t\t\t<a href=\"https:\/\/talkwoot.com\/integrations\/woocommerce\/\">\n\t\t\t\t\t\t\t<img decoding=\"async\" width=\"176\" height=\"104\" src=\"https:\/\/talkwoot.com\/wp-content\/uploads\/2025\/10\/woocommerce-logo.png\" class=\"attachment-medium size-medium wp-image-2555\" alt=\"\" \/>\t\t\t\t\t\t\t\t<\/a>\n\t\t\t\t\t\t\t\t\t\t\t\t\t\t\t<\/div>\n\t\t\t\t<\/div>\n\t\t<div class=\"elementor-element elementor-element-8e30022 e-con-full e-flex e-con e-child\" data-id=\"8e30022\" data-element_type=\"container\" data-e-type=\"container\">\n\t\t\t\t<div class=\"elementor-element elementor-element-78afad7 elementor-widget elementor-widget-heading\" data-id=\"78afad7\" data-element_type=\"widget\" data-e-type=\"widget\" data-widget_type=\"heading.default\">\n\t\t\t\t\t<h2 class=\"elementor-heading-title elementor-size-default\">Automate your eCommerce communication and boost sales with WhatsApp<\/h2>\t\t\t\t<\/div>\n\t\t\t\t<div class=\"elementor-element elementor-element-912c668 elementor-align-center btn__full elementor-widget elementor-widget-sasi-button\" data-id=\"912c668\" data-element_type=\"widget\" data-e-type=\"widget\" data-widget_type=\"sasi-button.default\">\n\t\t\t\t<div class=\"elementor-widget-container\">\n\t\t\t\t\t\t\t\r\n\t\t<a href=\"https:\/\/mkt.wisewoot.com\/register\" class=\"sasi-btn sasi-btn-primary sasi-btn-icon sasi-btn-icon__right\" target=\"_blank\" rel=\"noopener\">\r\n\t\t\t<span class=\"sasi-text\">Prueba gratuita de 14 d\u00edas<\/span> \r\n\t\t\t\t\t\t\t<span class=\"sasi-icon\">\r\n\t\t\t\t\t<svg xmlns=\"http:\/\/www.w3.org\/2000\/svg\" width=\"15\" height=\"14\" viewBox=\"0 0 15 14\" fill=\"none\"><path d=\"M6.84375 13.8125C6.96875 13.9688 7.21875 13.9688 7.375 13.8125L13.9062 7.28125C14.0625 7.125 14.0625 6.90625 13.9062 6.75L7.375 0.21875C7.21875 0.0625 6.96875 0.0625 6.84375 0.21875L6.21875 0.8125C6.0625 0.96875 6.0625 1.21875 6.21875 1.34375L11.0625 6.1875H0.375C0.1875 6.1875 0 6.375 0 6.5625V7.4375C0 7.65625 0.1875 7.8125 0.375 7.8125H11.0625L6.21875 12.6875C6.0625 12.8125 6.0625 13.0625 6.21875 13.2188L6.84375 13.8125Z\" fill=\"#0E0E0E\"><\/path><\/svg>\t\t\t\t<\/span>\r\n\t\t\t\t\t<\/a>\r\n\t    \r\n\t    \t\t\t\t<\/div>\n\t\t\t\t<\/div>\n\t\t\t\t<div class=\"elementor-element elementor-element-1c95251 elementor-align-center btn__full elementor-widget elementor-widget-sasi-button\" data-id=\"1c95251\" data-element_type=\"widget\" data-e-type=\"widget\" data-widget_type=\"sasi-button.default\">\n\t\t\t\t<div class=\"elementor-widget-container\">\n\t\t\t\t\t\t\t\r\n\t\t<a href=\"https:\/\/talkwoot.com\/es\/integraciones\/woocommerce\/\" class=\"sasi-btn sasi-btn-outline_2 sasi-btn-icon sasi-btn-icon__right\">\r\n\t\t\t<span class=\"sasi-text\">Ver m\u00e1s<\/span> \r\n\t\t\t\t\t\t\t<span class=\"sasi-icon\">\r\n\t\t\t\t\t<svg xmlns=\"http:\/\/www.w3.org\/2000\/svg\" width=\"15\" height=\"14\" viewBox=\"0 0 15 14\" fill=\"none\"><path d=\"M6.84375 13.8125C6.96875 13.9688 7.21875 13.9688 7.375 13.8125L13.9062 7.28125C14.0625 7.125 14.0625 6.90625 13.9062 6.75L7.375 0.21875C7.21875 0.0625 6.96875 0.0625 6.84375 0.21875L6.21875 0.8125C6.0625 0.96875 6.0625 1.21875 6.21875 1.34375L11.0625 6.1875H0.375C0.1875 6.1875 0 6.375 0 6.5625V7.4375C0 7.65625 0.1875 7.8125 0.375 7.8125H11.0625L6.21875 12.6875C6.0625 12.8125 6.0625 13.0625 6.21875 13.2188L6.84375 13.8125Z\" fill=\"#0E0E0E\"><\/path><\/svg>\t\t\t\t<\/span>\r\n\t\t\t\t\t<\/a>\r\n\t    \r\n\t    \t\t\t\t<\/div>\n\t\t\t\t<\/div>\n\t\t\t\t<\/div>\n\t\t\t\t<\/div>\n\t\t<div class=\"elementor-element elementor-element-89db98b e-con-full sticky-container e-flex e-con e-child\" data-id=\"89db98b\" data-element_type=\"container\" data-e-type=\"container\" data-settings=\"{&quot;background_background&quot;:&quot;classic&quot;}\">\n\t\t<div class=\"elementor-element elementor-element-9435ade e-con-full e-flex e-con e-child\" data-id=\"9435ade\" data-element_type=\"container\" data-e-type=\"container\" data-settings=\"{&quot;background_background&quot;:&quot;gradient&quot;}\">\n\t\t\t\t<div class=\"elementor-element elementor-element-9bef523 elementor-widget elementor-widget-image\" data-id=\"9bef523\" data-element_type=\"widget\" data-e-type=\"widget\" data-widget_type=\"image.default\">\n\t\t\t\t\t\t\t\t\t\t\t\t\t\t\t\t<a href=\"https:\/\/talkwoot.com\/integrations\/shopify\/\">\n\t\t\t\t\t\t\t<img decoding=\"async\" width=\"300\" height=\"85\" src=\"https:\/\/talkwoot.com\/wp-content\/uploads\/2025\/10\/shopify-logo-300x85.png\" class=\"attachment-medium size-medium wp-image-2556\" alt=\"\" srcset=\"https:\/\/talkwoot.com\/wp-content\/uploads\/2025\/10\/shopify-logo-300x85.png 300w, https:\/\/talkwoot.com\/wp-content\/uploads\/2025\/10\/shopify-logo-1024x292.png 1024w, https:\/\/talkwoot.com\/wp-content\/uploads\/2025\/10\/shopify-logo-768x219.png 768w, https:\/\/talkwoot.com\/wp-content\/uploads\/2025\/10\/shopify-logo-1536x438.png 1536w, https:\/\/talkwoot.com\/wp-content\/uploads\/2025\/10\/shopify-logo-2048x584.png 2048w\" sizes=\"(max-width: 300px) 100vw, 300px\" \/>\t\t\t\t\t\t\t\t<\/a>\n\t\t\t\t\t\t\t\t\t\t\t\t\t\t\t<\/div>\n\t\t\t\t<\/div>\n\t\t<div class=\"elementor-element elementor-element-350365e e-con-full e-flex e-con e-child\" data-id=\"350365e\" data-element_type=\"container\" data-e-type=\"container\">\n\t\t\t\t<div class=\"elementor-element elementor-element-badaab1 elementor-widget elementor-widget-heading\" data-id=\"badaab1\" data-element_type=\"widget\" data-e-type=\"widget\" data-widget_type=\"heading.default\">\n\t\t\t\t\t<h2 class=\"elementor-heading-title elementor-size-default\">Simplifica la comunicaci\u00f3n con tus clientes, aumenta la interacci\u00f3n y potencia las ventas mediante la automatizaci\u00f3n de WhatsApp.<\/h2>\t\t\t\t<\/div>\n\t\t\t\t<div class=\"elementor-element elementor-element-cd6f8ca elementor-align-center btn__full elementor-widget elementor-widget-sasi-button\" data-id=\"cd6f8ca\" data-element_type=\"widget\" data-e-type=\"widget\" data-widget_type=\"sasi-button.default\">\n\t\t\t\t<div class=\"elementor-widget-container\">\n\t\t\t\t\t\t\t\r\n\t\t<a href=\"https:\/\/mkt.wisewoot.com\/register\" class=\"sasi-btn sasi-btn-primary sasi-btn-icon sasi-btn-icon__right\" target=\"_blank\" rel=\"noopener\">\r\n\t\t\t<span class=\"sasi-text\">Prueba gratuita de 14 d\u00edas<\/span> \r\n\t\t\t\t\t\t\t<span class=\"sasi-icon\">\r\n\t\t\t\t\t<svg xmlns=\"http:\/\/www.w3.org\/2000\/svg\" width=\"15\" height=\"14\" viewBox=\"0 0 15 14\" fill=\"none\"><path d=\"M6.84375 13.8125C6.96875 13.9688 7.21875 13.9688 7.375 13.8125L13.9062 7.28125C14.0625 7.125 14.0625 6.90625 13.9062 6.75L7.375 0.21875C7.21875 0.0625 6.96875 0.0625 6.84375 0.21875L6.21875 0.8125C6.0625 0.96875 6.0625 1.21875 6.21875 1.34375L11.0625 6.1875H0.375C0.1875 6.1875 0 6.375 0 6.5625V7.4375C0 7.65625 0.1875 7.8125 0.375 7.8125H11.0625L6.21875 12.6875C6.0625 12.8125 6.0625 13.0625 6.21875 13.2188L6.84375 13.8125Z\" fill=\"#0E0E0E\"><\/path><\/svg>\t\t\t\t<\/span>\r\n\t\t\t\t\t<\/a>\r\n\t    \r\n\t    \t\t\t\t<\/div>\n\t\t\t\t<\/div>\n\t\t\t\t<div class=\"elementor-element elementor-element-a976b6f elementor-align-center btn__full elementor-widget elementor-widget-sasi-button\" data-id=\"a976b6f\" data-element_type=\"widget\" data-e-type=\"widget\" data-widget_type=\"sasi-button.default\">\n\t\t\t\t<div class=\"elementor-widget-container\">\n\t\t\t\t\t\t\t\r\n\t\t<a href=\"https:\/\/talkwoot.com\/es\/integraciones\/shopify\/\" class=\"sasi-btn sasi-btn-outline_2 sasi-btn-icon sasi-btn-icon__right\">\r\n\t\t\t<span class=\"sasi-text\">Ver m\u00e1s<\/span> \r\n\t\t\t\t\t\t\t<span class=\"sasi-icon\">\r\n\t\t\t\t\t<svg xmlns=\"http:\/\/www.w3.org\/2000\/svg\" width=\"15\" height=\"14\" viewBox=\"0 0 15 14\" fill=\"none\"><path d=\"M6.84375 13.8125C6.96875 13.9688 7.21875 13.9688 7.375 13.8125L13.9062 7.28125C14.0625 7.125 14.0625 6.90625 13.9062 6.75L7.375 0.21875C7.21875 0.0625 6.96875 0.0625 6.84375 0.21875L6.21875 0.8125C6.0625 0.96875 6.0625 1.21875 6.21875 1.34375L11.0625 6.1875H0.375C0.1875 6.1875 0 6.375 0 6.5625V7.4375C0 7.65625 0.1875 7.8125 0.375 7.8125H11.0625L6.21875 12.6875C6.0625 12.8125 6.0625 13.0625 6.21875 13.2188L6.84375 13.8125Z\" fill=\"#0E0E0E\"><\/path><\/svg>\t\t\t\t<\/span>\r\n\t\t\t\t\t<\/a>\r\n\t    \r\n\t    \t\t\t\t<\/div>\n\t\t\t\t<\/div>\n\t\t\t\t<\/div>\n\t\t\t\t<\/div>\n\t\t<div class=\"elementor-element elementor-element-9ea04a0 e-con-full sticky-container e-flex e-con e-child\" data-id=\"9ea04a0\" data-element_type=\"container\" data-e-type=\"container\" data-settings=\"{&quot;background_background&quot;:&quot;classic&quot;}\">\n\t\t<div class=\"elementor-element elementor-element-611d3e4 e-con-full e-flex e-con e-child\" data-id=\"611d3e4\" data-element_type=\"container\" data-e-type=\"container\" data-settings=\"{&quot;background_background&quot;:&quot;gradient&quot;}\">\n\t\t\t\t<div class=\"elementor-element elementor-element-64ad545 elementor-widget elementor-widget-image\" data-id=\"64ad545\" data-element_type=\"widget\" data-e-type=\"widget\" data-widget_type=\"image.default\">\n\t\t\t\t\t\t\t\t\t\t\t\t\t\t\t\t<a href=\"https:\/\/talkwoot.com\/integrations\/webhook\/\">\n\t\t\t\t\t\t\t<img decoding=\"async\" width=\"300\" height=\"84\" src=\"https:\/\/talkwoot.com\/wp-content\/uploads\/2025\/10\/webhook-300x84.png\" class=\"attachment-medium size-medium wp-image-2557\" alt=\"\" srcset=\"https:\/\/talkwoot.com\/wp-content\/uploads\/2025\/10\/webhook-300x84.png 300w, https:\/\/talkwoot.com\/wp-content\/uploads\/2025\/10\/webhook-768x214.png 768w, https:\/\/talkwoot.com\/wp-content\/uploads\/2025\/10\/webhook.png 999w\" sizes=\"(max-width: 300px) 100vw, 300px\" \/>\t\t\t\t\t\t\t\t<\/a>\n\t\t\t\t\t\t\t\t\t\t\t\t\t\t\t<\/div>\n\t\t\t\t<\/div>\n\t\t<div class=\"elementor-element elementor-element-a07be60 e-con-full e-flex e-con e-child\" data-id=\"a07be60\" data-element_type=\"container\" data-e-type=\"container\">\n\t\t\t\t<div class=\"elementor-element elementor-element-4ffc937 elementor-widget elementor-widget-heading\" data-id=\"4ffc937\" data-element_type=\"widget\" data-e-type=\"widget\" data-widget_type=\"heading.default\">\n\t\t\t\t\t<h2 class=\"elementor-heading-title elementor-size-default\">Automatizaci\u00f3n en tiempo real que conecta tus herramientas, sincroniza tus datos y ofrece actualizaciones instant\u00e1neas de WhatsApp.<\/h2>\t\t\t\t<\/div>\n\t\t\t\t<div class=\"elementor-element elementor-element-aaae785 elementor-align-center btn__full elementor-widget elementor-widget-sasi-button\" data-id=\"aaae785\" data-element_type=\"widget\" data-e-type=\"widget\" data-widget_type=\"sasi-button.default\">\n\t\t\t\t<div class=\"elementor-widget-container\">\n\t\t\t\t\t\t\t\r\n\t\t<a href=\"https:\/\/mkt.wisewoot.com\/register\" class=\"sasi-btn sasi-btn-primary sasi-btn-icon sasi-btn-icon__right\" target=\"_blank\" rel=\"noopener\">\r\n\t\t\t<span class=\"sasi-text\">Prueba gratuita de 14 d\u00edas<\/span> \r\n\t\t\t\t\t\t\t<span class=\"sasi-icon\">\r\n\t\t\t\t\t<svg xmlns=\"http:\/\/www.w3.org\/2000\/svg\" width=\"15\" height=\"14\" viewBox=\"0 0 15 14\" fill=\"none\"><path d=\"M6.84375 13.8125C6.96875 13.9688 7.21875 13.9688 7.375 13.8125L13.9062 7.28125C14.0625 7.125 14.0625 6.90625 13.9062 6.75L7.375 0.21875C7.21875 0.0625 6.96875 0.0625 6.84375 0.21875L6.21875 0.8125C6.0625 0.96875 6.0625 1.21875 6.21875 1.34375L11.0625 6.1875H0.375C0.1875 6.1875 0 6.375 0 6.5625V7.4375C0 7.65625 0.1875 7.8125 0.375 7.8125H11.0625L6.21875 12.6875C6.0625 12.8125 6.0625 13.0625 6.21875 13.2188L6.84375 13.8125Z\" fill=\"#0E0E0E\"><\/path><\/svg>\t\t\t\t<\/span>\r\n\t\t\t\t\t<\/a>\r\n\t    \r\n\t    \t\t\t\t<\/div>\n\t\t\t\t<\/div>\n\t\t\t\t<div class=\"elementor-element elementor-element-17986d4 elementor-align-center btn__full elementor-widget elementor-widget-sasi-button\" data-id=\"17986d4\" data-element_type=\"widget\" data-e-type=\"widget\" data-widget_type=\"sasi-button.default\">\n\t\t\t\t<div class=\"elementor-widget-container\">\n\t\t\t\t\t\t\t\r\n\t\t<a href=\"https:\/\/talkwoot.com\/es\/integraciones\/webhook\/\" class=\"sasi-btn sasi-btn-outline_2 sasi-btn-icon sasi-btn-icon__right\">\r\n\t\t\t<span class=\"sasi-text\">Ver m\u00e1s<\/span> \r\n\t\t\t\t\t\t\t<span class=\"sasi-icon\">\r\n\t\t\t\t\t<svg xmlns=\"http:\/\/www.w3.org\/2000\/svg\" width=\"15\" height=\"14\" viewBox=\"0 0 15 14\" fill=\"none\"><path d=\"M6.84375 13.8125C6.96875 13.9688 7.21875 13.9688 7.375 13.8125L13.9062 7.28125C14.0625 7.125 14.0625 6.90625 13.9062 6.75L7.375 0.21875C7.21875 0.0625 6.96875 0.0625 6.84375 0.21875L6.21875 0.8125C6.0625 0.96875 6.0625 1.21875 6.21875 1.34375L11.0625 6.1875H0.375C0.1875 6.1875 0 6.375 0 6.5625V7.4375C0 7.65625 0.1875 7.8125 0.375 7.8125H11.0625L6.21875 12.6875C6.0625 12.8125 6.0625 13.0625 6.21875 13.2188L6.84375 13.8125Z\" fill=\"#0E0E0E\"><\/path><\/svg>\t\t\t\t<\/span>\r\n\t\t\t\t\t<\/a>\r\n\t    \r\n\t    \t\t\t\t<\/div>\n\t\t\t\t<\/div>\n\t\t\t\t<\/div>\n\t\t\t\t<\/div>\n\t\t\t\t<\/div>\n\t\t\t\t\t<\/div>\n\t\t\t\t<\/div>\n\t\t<div class=\"elementor-element elementor-element-655155a e-con-full e-flex e-con e-parent\" data-id=\"655155a\" data-element_type=\"container\" data-e-type=\"container\">\n\t\t<div class=\"elementor-element elementor-element-5b931af section-padd e-flex e-con-boxed e-con e-child\" data-id=\"5b931af\" data-element_type=\"container\" data-e-type=\"container\" data-settings=\"{&quot;background_background&quot;:&quot;gradient&quot;}\">\n\t\t\t\t\t<div class=\"e-con-inner\">\n\t\t\t\t<div class=\"elementor-element elementor-element-4139329 elementor-invisible elementor-widget elementor-widget-sasi-heading\" data-id=\"4139329\" data-element_type=\"widget\" data-e-type=\"widget\" data-settings=\"{&quot;_animation&quot;:&quot;fadeInUp&quot;}\" data-widget_type=\"sasi-heading.default\">\n\t\t\t\t<div class=\"elementor-widget-container\">\n\t\t\t\t\t\t\t<div class=\"sasi-heading\">\r\n\t        <span class=\"sasi-heading__sub\">FAQ<\/span>\t        <h2 class=\"sasi-heading__title\">Preguntas Frecuentes<\/h2>\t    <\/div>\r\n\t    \t\t\t\t<\/div>\n\t\t\t\t<\/div>\n\t\t\t\t<div class=\"elementor-element elementor-element-1035353 elementor-widget__width-initial elementor-invisible elementor-widget elementor-widget-text-editor\" data-id=\"1035353\" data-element_type=\"widget\" data-e-type=\"widget\" data-settings=\"{&quot;_animation&quot;:&quot;fadeInUp&quot;}\" data-widget_type=\"text-editor.default\">\n\t\t\t\t\t\t\t\t\t<p data-start=\"6994\" data-end=\"7103\">Respondemos las principales preguntas para ayudarte a entender c\u00f3mo TalkWoot puede impulsar mejor tu negocio.<\/p>\t\t\t\t\t\t\t\t<\/div>\n\t\t<div class=\"elementor-element elementor-element-886c7f7 e-con-full e-flex e-con e-child\" data-id=\"886c7f7\" data-element_type=\"container\" data-e-type=\"container\">\n\t\t<div class=\"elementor-element elementor-element-0c59d46 e-con-full e-flex elementor-invisible e-con e-child\" data-id=\"0c59d46\" data-element_type=\"container\" data-e-type=\"container\" data-settings=\"{&quot;animation&quot;:&quot;fadeInLeft&quot;}\">\n\t\t\t\t<div class=\"elementor-element elementor-element-c666bd7 elementor-widget-tablet__width-inherit elementor-widget elementor-widget-sasi-accordions-2\" data-id=\"c666bd7\" data-element_type=\"widget\" data-e-type=\"widget\" data-widget_type=\"sasi-accordions-2.default\">\n\t\t\t\t<div class=\"elementor-widget-container\">\n\t\t\t\t\t\r\n\t\t<div class=\"sasi-accordions-wrapper\">\r\n\t\t\t\t\t\t<div class=\"sasi-acc-item-s2\">\r\n\t\t\t\t<h5 class=\"sasi-acc-item__title\" data-tab=\"1\" data-default=\"yes\" >\r\n\r\n\t\t\t\t\t\t\t\t\t\t1. \u00bfQu\u00e9 es TalkWoot?\r\n\t\t\t\t\t\t\t\t\t<\/h5>\r\n\t\t\t\t<div class=\"sasi-acc-item__content\">\r\n\t\t\t\t\t<div class=\"acc__content-inner\"><p>TalkWoot es una plataforma de IA conversacional y automatizaci\u00f3n que centraliza WhatsApp, Instagram, Facebook, Telegram y el chat web en un solo lugar.<\/p><\/div>\r\n\t\t\t\t<\/div>\r\n\t\t\t<\/div>\r\n\t\t\t\t\t\t<div class=\"sasi-acc-item-s2\">\r\n\t\t\t\t<h5 class=\"sasi-acc-item__title\" data-tab=\"2\" data-default=\"\" >\r\n\r\n\t\t\t\t\t\t\t\t\t\t2. \u00bfSu sistema CRM es adecuado para peque\u00f1as empresas?\r\n\t\t\t\t\t\t\t\t\t<\/h5>\r\n\t\t\t\t<div class=\"sasi-acc-item__content\">\r\n\t\t\t\t\t<div class=\"acc__content-inner\"><p data-start=\"400\" data-end=\"592\">No. Nuestro creador de bots es 100% visual y no requiere programaci\u00f3n. Puedes crear f\u00e1cilmente flujos de conversaci\u00f3n, campa\u00f1as y recordatorios con tan solo unos pocos clics.<\/p><\/div>\r\n\t\t\t\t<\/div>\r\n\t\t\t<\/div>\r\n\t\t\t\t\t\t<div class=\"sasi-acc-item-s2\">\r\n\t\t\t\t<h5 class=\"sasi-acc-item__title\" data-tab=\"3\" data-default=\"\" >\r\n\r\n\t\t\t\t\t\t\t\t\t\t3. \u00bfTalkWoot funciona solo con WhatsApp?\r\n\t\t\t\t\t\t\t\t\t<\/h5>\r\n\t\t\t\t<div class=\"sasi-acc-item__content\">\r\n\t\t\t\t\t<div class=\"acc__content-inner\"><p data-start=\"599\" data-end=\"800\">No. Adem\u00e1s de WhatsApp, puedes integrar otros canales como Instagram, Facebook, Telegram y el chat de tu sitio web, todo en una \u00fanica bandeja de entrada inteligente.<\/p><\/div>\r\n\t\t\t\t<\/div>\r\n\t\t\t<\/div>\r\n\t\t\t\t\t\t<div class=\"sasi-acc-item-s2\">\r\n\t\t\t\t<h5 class=\"sasi-acc-item__title\" data-tab=\"4\" data-default=\"\" >\r\n\r\n\t\t\t\t\t\t\t\t\t\t4. \u00bfC\u00f3mo funciona la prueba gratuita de 14 d\u00edas?\r\n\t\t\t\t\t\t\t\t\t<\/h5>\r\n\t\t\t\t<div class=\"sasi-acc-item__content\">\r\n\t\t\t\t\t<div class=\"acc__content-inner\"><p data-start=\"807\" data-end=\"1006\">Crea tu cuenta, conecta tus canales y disfruta de todas las funciones gratis durante 14 d\u00edas. Transcurrido ese plazo, simplemente elige el plan que mejor se adapte a tu negocio.<\/p><\/div>\r\n\t\t\t\t<\/div>\r\n\t\t\t<\/div>\r\n\t\t\t\t\t\t<div class=\"sasi-acc-item-s2\">\r\n\t\t\t\t<h5 class=\"sasi-acc-item__title\" data-tab=\"5\" data-default=\"\" >\r\n\r\n\t\t\t\t\t\t\t\t\t\t5. \u00bfEs segura TalkWoot?\r\n\t\t\t\t\t\t\t\t\t<\/h5>\r\n\t\t\t\t<div class=\"sasi-acc-item__content\">\r\n\t\t\t\t\t<div class=\"acc__content-inner\"><p data-start=\"1013\" data-end=\"1183\">S\u00ed. Utilizamos la API oficial de WhatsApp Business y seguimos estrictas normas de protecci\u00f3n de datos y cumplimiento del RGPD para mantener su informaci\u00f3n segura.<\/p><\/div>\r\n\t\t\t\t<\/div>\r\n\t\t\t<\/div>\r\n\t\t\t\t    <\/div>\r\n\r\n\t    \t\t\t\t<\/div>\n\t\t\t\t<\/div>\n\t\t\t\t<\/div>\n\t\t<div class=\"elementor-element elementor-element-e7e1b1b e-con-full e-flex elementor-invisible e-con e-child\" data-id=\"e7e1b1b\" data-element_type=\"container\" data-e-type=\"container\" data-settings=\"{&quot;animation&quot;:&quot;fadeInRight&quot;}\">\n\t\t\t\t<div class=\"elementor-element elementor-element-6ad9b82 elementor-widget elementor-widget-image\" data-id=\"6ad9b82\" data-element_type=\"widget\" data-e-type=\"widget\" data-widget_type=\"image.default\">\n\t\t\t\t\t\t\t\t\t\t\t\t\t\t\t<img loading=\"lazy\" decoding=\"async\" width=\"628\" height=\"571\" src=\"https:\/\/talkwoot.com\/wp-content\/uploads\/2025\/10\/image-faq-talkwoot.png\" class=\"attachment-full size-full wp-image-2416\" alt=\"\" srcset=\"https:\/\/talkwoot.com\/wp-content\/uploads\/2025\/10\/image-faq-talkwoot.png 628w, https:\/\/talkwoot.com\/wp-content\/uploads\/2025\/10\/image-faq-talkwoot-300x273.png 300w\" sizes=\"(max-width: 628px) 100vw, 628px\" \/>\t\t\t\t\t\t\t\t\t\t\t\t\t\t\t<\/div>\n\t\t\t\t<\/div>\n\t\t\t\t<\/div>\n\t\t\t\t\t<\/div>\n\t\t\t\t<\/div>\n\t\t\t\t<\/div>\n\t\t\t\t<\/div>\n\t\t","protected":false},"excerpt":{"rendered":"<p>Integraciones Integra TalkWoot con tus Plataformas Favoritas Conecta TalkWoot con WhatsApp, Instagram, Telegram y mucho m\u00e1s. Centraliza todas las conversaciones con tus clientes, automatiza los flujos de trabajo y ampl\u00eda la comunicaci\u00f3n a trav\u00e9s de todos tus canales comerciales, todo desde una \u00fanica y potente plataforma. Automate your eCommerce communication and boost sales with WhatsApp [&hellip;]<\/p>\n","protected":false},"author":1,"featured_media":0,"parent":0,"menu_order":0,"comment_status":"closed","ping_status":"closed","template":"","meta":{"footnotes":""},"class_list":["post-2558","page","type-page","status-publish","hentry"],"_links":{"self":[{"href":"https:\/\/talkwoot.com\/es\/wp-json\/wp\/v2\/pages\/2558","targetHints":{"allow":["GET"]}}],"collection":[{"href":"https:\/\/talkwoot.com\/es\/wp-json\/wp\/v2\/pages"}],"about":[{"href":"https:\/\/talkwoot.com\/es\/wp-json\/wp\/v2\/types\/page"}],"author":[{"embeddable":true,"href":"https:\/\/talkwoot.com\/es\/wp-json\/wp\/v2\/users\/1"}],"replies":[{"embeddable":true,"href":"https:\/\/talkwoot.com\/es\/wp-json\/wp\/v2\/comments?post=2558"}],"version-history":[{"count":6,"href":"https:\/\/talkwoot.com\/es\/wp-json\/wp\/v2\/pages\/2558\/revisions"}],"predecessor-version":[{"id":2654,"href":"https:\/\/talkwoot.com\/es\/wp-json\/wp\/v2\/pages\/2558\/revisions\/2654"}],"wp:attachment":[{"href":"https:\/\/talkwoot.com\/es\/wp-json\/wp\/v2\/media?parent=2558"}],"curies":[{"name":"wp","href":"https:\/\/api.w.org\/{rel}","templated":true}]}}