{"id":2561,"date":"2025-10-16T13:06:58","date_gmt":"2025-10-16T16:06:58","guid":{"rendered":"https:\/\/talkwoot.com\/integraciones\/shopify\/"},"modified":"2025-10-28T11:06:44","modified_gmt":"2025-10-28T14:06:44","slug":"shopify","status":"publish","type":"page","link":"https:\/\/talkwoot.com\/es\/integraciones\/shopify\/","title":{"rendered":"Shopify"},"content":{"rendered":"\t\t<div data-elementor-type=\"wp-page\" data-elementor-id=\"2561\" class=\"elementor elementor-2561 elementor-1730\">\n\t\t\t\t<div class=\"elementor-element elementor-element-301d615 e-flex e-con-boxed e-con e-parent\" data-id=\"301d615\" data-element_type=\"container\" data-e-type=\"container\" data-settings=\"{&quot;background_background&quot;:&quot;classic&quot;}\">\n\t\t\t\t\t<div class=\"e-con-inner\">\n\t\t<div class=\"elementor-element elementor-element-aeba228 e-con-full e-flex e-con e-child\" data-id=\"aeba228\" data-element_type=\"container\" data-e-type=\"container\">\n\t\t\t\t<div class=\"elementor-element elementor-element-2ef0613 elementor-invisible elementor-widget elementor-widget-sasi-breadcrumbs\" data-id=\"2ef0613\" data-element_type=\"widget\" data-e-type=\"widget\" data-settings=\"{&quot;_animation&quot;:&quot;fadeInUp&quot;}\" data-widget_type=\"sasi-breadcrumbs.default\">\n\t\t\t\t<div class=\"elementor-widget-container\">\n\t\t\t\t\t<ul id=\"sasi-breadcrumbs\" class=\"sasi-breadcrumbs none-style\"><li><a href=\"https:\/\/talkwoot.com\/es\/\">Home<\/a><\/li><\/ul>    \r\n        \t\t\t\t<\/div>\n\t\t\t\t<\/div>\n\t\t\t\t<div class=\"elementor-element elementor-element-34ebed8 elementor-widget__width-inherit elementor-invisible elementor-widget elementor-widget-sasi-heading\" data-id=\"34ebed8\" data-element_type=\"widget\" data-e-type=\"widget\" data-settings=\"{&quot;_animation&quot;:&quot;fadeInUp&quot;,&quot;_animation_delay&quot;:200}\" data-widget_type=\"sasi-heading.default\">\n\t\t\t\t<div class=\"elementor-widget-container\">\n\t\t\t\t\t\t\t<div class=\"sasi-heading\">\r\n\t        \t        <h2 class=\"sasi-heading__title\"><span class=\"text-green\">Shopify<\/span> <\/br>Integraci\u00f3n con TalkWoot<\/h2>\t    <\/div>\r\n\t    \t\t\t\t<\/div>\n\t\t\t\t<\/div>\n\t\t\t\t<\/div>\n\t\t\t\t\t<\/div>\n\t\t\t\t<\/div>\n\t\t<div class=\"elementor-element elementor-element-85f9757 e-flex e-con-boxed e-con e-parent\" data-id=\"85f9757\" data-element_type=\"container\" data-e-type=\"container\">\n\t\t\t\t\t<div class=\"e-con-inner\">\n\t\t<div class=\"elementor-element elementor-element-5616065 e-con-full sticky-container e-flex e-con e-child\" data-id=\"5616065\" data-element_type=\"container\" data-e-type=\"container\" data-settings=\"{&quot;background_background&quot;:&quot;classic&quot;}\">\n\t\t<div class=\"elementor-element elementor-element-ac00d32 e-con-full e-flex e-con e-child\" data-id=\"ac00d32\" data-element_type=\"container\" data-e-type=\"container\" data-settings=\"{&quot;background_background&quot;:&quot;gradient&quot;}\">\n\t\t\t\t<div class=\"elementor-element elementor-element-5a8030a elementor-widget elementor-widget-image\" data-id=\"5a8030a\" data-element_type=\"widget\" data-e-type=\"widget\" data-widget_type=\"image.default\">\n\t\t\t\t\t\t\t\t\t\t\t\t\t\t\t<img decoding=\"async\" width=\"300\" height=\"85\" src=\"https:\/\/talkwoot.com\/wp-content\/uploads\/2025\/10\/shopify-logo-300x85.png\" class=\"attachment-medium size-medium wp-image-2556\" alt=\"\" srcset=\"https:\/\/talkwoot.com\/wp-content\/uploads\/2025\/10\/shopify-logo-300x85.png 300w, https:\/\/talkwoot.com\/wp-content\/uploads\/2025\/10\/shopify-logo-1024x292.png 1024w, https:\/\/talkwoot.com\/wp-content\/uploads\/2025\/10\/shopify-logo-768x219.png 768w, https:\/\/talkwoot.com\/wp-content\/uploads\/2025\/10\/shopify-logo-1536x438.png 1536w, https:\/\/talkwoot.com\/wp-content\/uploads\/2025\/10\/shopify-logo-2048x584.png 2048w\" sizes=\"(max-width: 300px) 100vw, 300px\" \/>\t\t\t\t\t\t\t\t\t\t\t\t\t\t\t<\/div>\n\t\t\t\t<\/div>\n\t\t<div class=\"elementor-element elementor-element-4026ff5 e-con-full e-flex e-con e-child\" data-id=\"4026ff5\" data-element_type=\"container\" data-e-type=\"container\">\n\t\t\t\t<div class=\"elementor-element elementor-element-1d59108 elementor-widget elementor-widget-heading\" data-id=\"1d59108\" data-element_type=\"widget\" data-e-type=\"widget\" data-widget_type=\"heading.default\">\n\t\t\t\t\t<h2 class=\"elementor-heading-title elementor-size-default\">Simplifica la comunicaci\u00f3n con tus clientes, aumenta el engagement y haz crecer tus ventas mediante la automatizaci\u00f3n de WhatsApp.<\/h2>\t\t\t\t<\/div>\n\t\t\t\t<div class=\"elementor-element elementor-element-8079120 elementor-align-center btn__full elementor-widget elementor-widget-sasi-button\" data-id=\"8079120\" data-element_type=\"widget\" data-e-type=\"widget\" data-widget_type=\"sasi-button.default\">\n\t\t\t\t<div class=\"elementor-widget-container\">\n\t\t\t\t\t\t\t\r\n\t\t<a href=\"https:\/\/mkt.wisewoot.com\/register\" class=\"sasi-btn sasi-btn-primary sasi-btn-icon sasi-btn-icon__right\" target=\"_blank\" rel=\"noopener\">\r\n\t\t\t<span class=\"sasi-text\">Prueba gratuita de 14 d\u00edas<\/span> \r\n\t\t\t\t\t\t\t<span class=\"sasi-icon\">\r\n\t\t\t\t\t<svg xmlns=\"http:\/\/www.w3.org\/2000\/svg\" width=\"15\" height=\"14\" viewBox=\"0 0 15 14\" fill=\"none\"><path d=\"M6.84375 13.8125C6.96875 13.9688 7.21875 13.9688 7.375 13.8125L13.9062 7.28125C14.0625 7.125 14.0625 6.90625 13.9062 6.75L7.375 0.21875C7.21875 0.0625 6.96875 0.0625 6.84375 0.21875L6.21875 0.8125C6.0625 0.96875 6.0625 1.21875 6.21875 1.34375L11.0625 6.1875H0.375C0.1875 6.1875 0 6.375 0 6.5625V7.4375C0 7.65625 0.1875 7.8125 0.375 7.8125H11.0625L6.21875 12.6875C6.0625 12.8125 6.0625 13.0625 6.21875 13.2188L6.84375 13.8125Z\" fill=\"#0E0E0E\"><\/path><\/svg>\t\t\t\t<\/span>\r\n\t\t\t\t\t<\/a>\r\n\t    \r\n\t    \t\t\t\t<\/div>\n\t\t\t\t<\/div>\n\t\t\t\t<div class=\"elementor-element elementor-element-ed29857 elementor-align-center btn__full elementor-widget elementor-widget-sasi-button\" data-id=\"ed29857\" data-element_type=\"widget\" data-e-type=\"widget\" data-widget_type=\"sasi-button.default\">\n\t\t\t\t<div class=\"elementor-widget-container\">\n\t\t\t\t\t\t\t\r\n\t\t<a href=\"https:\/\/talkwoot.com\/es\/precios\/\" class=\"sasi-btn sasi-btn-outline_2 sasi-btn-icon sasi-btn-icon__right\">\r\n\t\t\t<span class=\"sasi-text\">Comparar planes<\/span> \r\n\t\t\t\t\t\t\t<span class=\"sasi-icon\">\r\n\t\t\t\t\t<svg xmlns=\"http:\/\/www.w3.org\/2000\/svg\" width=\"15\" height=\"14\" viewBox=\"0 0 15 14\" fill=\"none\"><path d=\"M6.84375 13.8125C6.96875 13.9688 7.21875 13.9688 7.375 13.8125L13.9062 7.28125C14.0625 7.125 14.0625 6.90625 13.9062 6.75L7.375 0.21875C7.21875 0.0625 6.96875 0.0625 6.84375 0.21875L6.21875 0.8125C6.0625 0.96875 6.0625 1.21875 6.21875 1.34375L11.0625 6.1875H0.375C0.1875 6.1875 0 6.375 0 6.5625V7.4375C0 7.65625 0.1875 7.8125 0.375 7.8125H11.0625L6.21875 12.6875C6.0625 12.8125 6.0625 13.0625 6.21875 13.2188L6.84375 13.8125Z\" fill=\"#0E0E0E\"><\/path><\/svg>\t\t\t\t<\/span>\r\n\t\t\t\t\t<\/a>\r\n\t    \r\n\t    \t\t\t\t<\/div>\n\t\t\t\t<\/div>\n\t\t\t\t<\/div>\n\t\t\t\t<\/div>\n\t\t<div class=\"elementor-element elementor-element-627c4af e-con-full e-flex e-con e-child\" data-id=\"627c4af\" data-element_type=\"container\" data-e-type=\"container\">\n\t\t\t\t<div class=\"elementor-element elementor-element-21bf9d6 elementor-widget elementor-widget-text-editor\" data-id=\"21bf9d6\" data-element_type=\"widget\" data-e-type=\"widget\" data-widget_type=\"text-editor.default\">\n\t\t\t\t\t\t\t\t\t<p data-start=\"447\" data-end=\"609\">Integrar tu tienda de <strong data-start=\"469\" data-end=\"480\">Shopify<\/strong> con <strong data-start=\"485\" data-end=\"497\">TalkWoot<\/strong> transforma la manera en que te conectas con tus clientes y gestionas tus operaciones de comercio electr\u00f3nico.<\/p><p data-start=\"611\" data-end=\"845\">Env\u00eda <strong data-start=\"617\" data-end=\"661\">notificaciones de pedidos en tiempo real<\/strong>, verifica pagos contra entrega (<strong data-start=\"694\" data-end=\"701\">COD<\/strong>), <strong data-start=\"704\" data-end=\"737\">recupera carritos abandonados<\/strong>y muestra tus productos directamente dentro de los chats de WhatsApp \u2014 todo desde un <strong data-start=\"823\" data-end=\"842\">panel unificado<\/strong>.<\/p>\t\t\t\t\t\t\t\t<\/div>\n\t\t\t\t<div class=\"elementor-element elementor-element-0f3af94 elementor-widget elementor-widget-heading\" data-id=\"0f3af94\" data-element_type=\"widget\" data-e-type=\"widget\" data-widget_type=\"heading.default\">\n\t\t\t\t\t<h2 class=\"elementor-heading-title elementor-size-default\">Principales caracter\u00edsticas de la integraci\u00f3n de Shopify con TalkWoot\n<\/h2>\t\t\t\t<\/div>\n\t\t\t\t<div class=\"elementor-element elementor-element-6e5a3a0 elementor-widget elementor-widget-text-editor\" data-id=\"6e5a3a0\" data-element_type=\"widget\" data-e-type=\"widget\" data-widget_type=\"text-editor.default\">\n\t\t\t\t\t\t\t\t\t<p data-start=\"930\" data-end=\"980\"><strong data-start=\"934\" data-end=\"978\">1. Notificaciones autom\u00e1ticas de pedidos<\/strong><\/p><p data-start=\"981\" data-end=\"1225\">Mant\u00e9n informados a tus clientes en cada paso del proceso.<br data-start=\"1039\" data-end=\"1042\" \/>Env\u00eda actualizaciones instant\u00e1neas por WhatsApp sobre <strong data-start=\"1096\" data-end=\"1152\">confirmaciones de pedido, estado del env\u00edo y entrega<\/strong>, creando una experiencia de compra r\u00e1pida, transparente y personalizada.<\/p><hr data-start=\"1227\" data-end=\"1230\" \/><p data-start=\"1232\" data-end=\"1287\"><strong data-start=\"1236\" data-end=\"1285\">2. Verificaci\u00f3n de pagos contra entrega (COD)<\/strong><\/p><p data-start=\"1288\" data-end=\"1550\">Reduce el fraude y los errores humanos automatizando los mensajes de verificaci\u00f3n COD.<br data-start=\"1374\" data-end=\"1377\" \/>Los clientes reciben un aviso instant\u00e1neo para confirmar sus pedidos a trav\u00e9s de WhatsApp, lo que mejora la precisi\u00f3n en las entregas y reduce las devoluciones innecesarias.<\/p><hr data-start=\"1552\" data-end=\"1555\" \/><p data-start=\"1557\" data-end=\"1606\"><strong data-start=\"1561\" data-end=\"1604\">3. Recuperaci\u00f3n de carritos abandonados<\/strong><\/p><p data-start=\"1607\" data-end=\"1839\">Recupera a los clientes que no completaron su compra.<br data-start=\"1660\" data-end=\"1663\" \/>Env\u00eda autom\u00e1ticamente recordatorios personalizados por WhatsApp, incluyendo <strong data-start=\"1739\" data-end=\"1806\">im\u00e1genes de producto, precios y c\u00f3digos de descuento opcionales<\/strong>, para recuperar ventas perdidas.<\/p><hr data-start=\"1841\" data-end=\"1844\" \/><p data-start=\"1846\" data-end=\"1904\"><strong data-start=\"1850\" data-end=\"1902\">4. Visualizaci\u00f3n de productos dentro de WhatsApp<\/strong><\/p><p data-start=\"1905\" data-end=\"2167\">Permite que tus clientes exploren tus productos de <strong data-start=\"1956\" data-end=\"1967\">Shopify<\/strong> directamente desde el chat.<br data-start=\"1995\" data-end=\"1998\" \/>Usa <strong data-start=\"2002\" data-end=\"2027\">tarjetas interactivas<\/strong> con im\u00e1genes, nombres, descripciones y precios para simplificar la decisi\u00f3n de compra y fomentar compras inmediatas, sin salir de WhatsApp.<\/p><hr data-start=\"2169\" data-end=\"2172\" \/><p data-start=\"2174\" data-end=\"2221\"><strong data-start=\"2178\" data-end=\"2219\">5. Panel unificado para control total<\/strong><\/p><p data-start=\"2222\" data-end=\"2449\">Gestiona todas tus conversaciones, automatizaciones y flujos de pedidos desde un solo panel centralizado.<br data-start=\"2327\" data-end=\"2330\" \/>Supervisa <strong data-start=\"2340\" data-end=\"2381\">mensajes, disparadores y conversiones<\/strong> dentro de TalkWoot \u2014 totalmente integrado con tu tienda de Shopify.<\/p>\t\t\t\t\t\t\t\t<\/div>\n\t\t\t\t<div class=\"elementor-element elementor-element-eb5058b elementor-widget elementor-widget-heading\" data-id=\"eb5058b\" data-element_type=\"widget\" data-e-type=\"widget\" data-widget_type=\"heading.default\">\n\t\t\t\t\t<h2 class=\"elementor-heading-title elementor-size-default\">C\u00f3mo integrar Shopify con TalkWoot<\/h2>\t\t\t\t<\/div>\n\t\t\t\t<div class=\"elementor-element elementor-element-e71faf4 elementor-widget elementor-widget-text-editor\" data-id=\"e71faf4\" data-element_type=\"widget\" data-e-type=\"widget\" data-widget_type=\"text-editor.default\">\n\t\t\t\t\t\t\t\t\t<p data-start=\"2499\" data-end=\"2542\"><strong data-start=\"2503\" data-end=\"2542\">Paso 1. Crear un Webhook en Shopify<\/strong><\/p><ol data-start=\"2544\" data-end=\"2858\"><li data-start=\"2544\" data-end=\"2604\"><p data-start=\"2547\" data-end=\"2604\">Inicia sesi\u00f3n en tu panel de administraci\u00f3n de Shopify.<\/p><\/li><li data-start=\"2605\" data-end=\"2661\"><p data-start=\"2608\" data-end=\"2661\">Ve a <strong data-start=\"2613\" data-end=\"2659\">Configuraci\u00f3n \u2192 Notificaciones \u2192 Webhooks.<\/strong><\/p><\/li><li data-start=\"2662\" data-end=\"2769\"><p data-start=\"2665\" data-end=\"2769\">Haz clic en \u201cCrear webhook\u201d y selecciona <strong data-start=\"2706\" data-end=\"2728\">Creaci\u00f3n de pedido<\/strong> (u otros eventos que desees rastrear).<\/p><\/li><li data-start=\"2770\" data-end=\"2826\"><p data-start=\"2773\" data-end=\"2826\">Pega tu <strong data-start=\"2781\" data-end=\"2824\">URL de Callback de Webhook de TalkWoot.<\/strong><\/p><\/li><li data-start=\"2827\" data-end=\"2858\"><p data-start=\"2830\" data-end=\"2858\">Guarda y prueba la conexi\u00f3n.<\/p><\/li><\/ol><hr data-start=\"2860\" data-end=\"2863\" \/><p data-start=\"2865\" data-end=\"2912\"><strong data-start=\"2869\" data-end=\"2912\">Paso 2. Configurar Webhooks en TalkWoot<\/strong><\/p><ol data-start=\"2914\" data-end=\"3229\"><li data-start=\"2914\" data-end=\"2949\"><p data-start=\"2917\" data-end=\"2949\">Abre tu <strong data-start=\"2925\" data-end=\"2947\">panel de TalkWoot.<\/strong><\/p><\/li><li data-start=\"2950\" data-end=\"3001\"><p data-start=\"2953\" data-end=\"3001\">Ve a <strong data-start=\"2958\" data-end=\"2999\">Integraciones \u2192 E-commerce \u2192 Shopify.<\/strong><\/p><\/li><li data-start=\"3002\" data-end=\"3092\"><p data-start=\"3005\" data-end=\"3092\">Activa el flujo de trabajo de Webhook para procesar los eventos entrantes de Shopify.<\/p><\/li><li data-start=\"3093\" data-end=\"3201\"><p data-start=\"3096\" data-end=\"3201\">Asigna los campos de datos (por ejemplo, ID del pedido, nombre del cliente, lista de productos, total).<\/p><\/li><li data-start=\"3202\" data-end=\"3229\"><p data-start=\"3205\" data-end=\"3229\">Guarda tu configuraci\u00f3n.<\/p><\/li><\/ol><hr data-start=\"3231\" data-end=\"3234\" \/><p data-start=\"3236\" data-end=\"3280\"><strong data-start=\"3240\" data-end=\"3280\">Paso 3. Crear plantillas de mensajes<\/strong><\/p><p data-start=\"3282\" data-end=\"3343\">Dise\u00f1a plantillas aprobadas por <strong data-start=\"3314\" data-end=\"3335\">WhatsApp Business<\/strong> para:<\/p><ul data-start=\"3345\" data-end=\"3474\"><li data-start=\"3345\" data-end=\"3373\"><p data-start=\"3347\" data-end=\"3373\">Confirmaciones de pedido<\/p><\/li><li data-start=\"3374\" data-end=\"3412\"><p data-start=\"3376\" data-end=\"3412\">Actualizaciones de env\u00edo y entrega<\/p><\/li><li data-start=\"3413\" data-end=\"3433\"><p data-start=\"3415\" data-end=\"3433\">Verificaci\u00f3n COD<\/p><\/li><li data-start=\"3434\" data-end=\"3474\"><p data-start=\"3436\" data-end=\"3474\">Recuperaci\u00f3n de carritos abandonados<\/p><\/li><\/ul><p data-start=\"3476\" data-end=\"3542\">Una vez aprobadas, vinc\u00falalas a tus flujos de trabajo en TalkWoot.<\/p><hr data-start=\"3544\" data-end=\"3547\" \/><p data-start=\"3549\" data-end=\"3585\"><strong data-start=\"3553\" data-end=\"3585\">Paso 4. Automatizar campa\u00f1as<\/strong><\/p><p data-start=\"3587\" data-end=\"3647\">Crea secuencias de automatizaci\u00f3n dentro de TalkWoot para:<\/p><ul data-start=\"3649\" data-end=\"3847\"><li data-start=\"3649\" data-end=\"3713\"><p data-start=\"3651\" data-end=\"3713\">Enviar notificaciones de pedido instant\u00e1neas tras la compra.<\/p><\/li><li data-start=\"3714\" data-end=\"3768\"><p data-start=\"3716\" data-end=\"3768\">Activar verificaciones COD para pedidos elegibles.<\/p><\/li><li data-start=\"3769\" data-end=\"3847\"><p data-start=\"3771\" data-end=\"3847\">Reenganchar carritos abandonados autom\u00e1ticamente con mensajes segmentados.<\/p><\/li><\/ul><p data-start=\"3849\" data-end=\"3923\">Todo funciona en <strong data-start=\"3866\" data-end=\"3885\">modo autom\u00e1tico<\/strong>, sin necesidad de seguimiento manual.<\/p><hr data-start=\"3925\" data-end=\"3928\" \/><p data-start=\"3930\" data-end=\"3982\"><strong data-start=\"3934\" data-end=\"3982\">Paso 5. Mostrar productos a trav\u00e9s de la API<\/strong><\/p><p data-start=\"3984\" data-end=\"4254\">Utiliza la <strong data-start=\"3995\" data-end=\"4031\">integraci\u00f3n HTTP API de TalkWoot<\/strong> para extraer datos de productos de Shopify en tiempo real.<br data-start=\"4090\" data-end=\"4093\" \/>Configura flujos de chatbot que muestren productos din\u00e1micamente dentro de WhatsApp, permitiendo que los clientes <strong data-start=\"4207\" data-end=\"4254\">exploren, pregunten y compren sin fricci\u00f3n.<\/strong><\/p>\t\t\t\t\t\t\t\t<\/div>\n\t\t\t\t<div class=\"elementor-element elementor-element-c5102d2 elementor-widget elementor-widget-heading\" data-id=\"c5102d2\" data-element_type=\"widget\" data-e-type=\"widget\" data-widget_type=\"heading.default\">\n\t\t\t\t\t<h2 class=\"elementor-heading-title elementor-size-default\">\u00bfPor qu\u00e9 integrar Shopify con TalkWoot?\n<\/h2>\t\t\t\t<\/div>\n\t\t\t\t<div class=\"elementor-element elementor-element-9ea3a69 elementor-widget elementor-widget-text-editor\" data-id=\"9ea3a69\" data-element_type=\"widget\" data-e-type=\"widget\" data-widget_type=\"text-editor.default\">\n\t\t\t\t\t\t\t\t\t<ul><li><strong data-start=\"4311\" data-end=\"4340\">Aumenta las conversiones:<\/strong> Recupera carritos abandonados y eleva el valor medio de pedido.<\/li><li><strong data-start=\"4410\" data-end=\"4448\">Mejora la experiencia del cliente:<\/strong> Comunicaci\u00f3n en tiempo real y soporte proactivo.<\/li><li><strong data-start=\"4503\" data-end=\"4532\">Reduce el trabajo manual:<\/strong> Automatiza mensajes repetitivos y enf\u00f3cate en el crecimiento.<\/li><li><strong data-start=\"4601\" data-end=\"4624\">Previene el fraude:<\/strong> Verifica pedidos COD instant\u00e1neamente mediante automatizaci\u00f3n segura por WhatsApp.<\/li><li><strong data-start=\"4713\" data-end=\"4733\">Panel unificado:<\/strong> Gestiona conversaciones, automatizaciones y anal\u00edticas en un solo lugar.<\/li><\/ul>\t\t\t\t\t\t\t\t<\/div>\n\t\t\t\t<div class=\"elementor-element elementor-element-b9ffe8a elementor-widget elementor-widget-heading\" data-id=\"b9ffe8a\" data-element_type=\"widget\" data-e-type=\"widget\" data-widget_type=\"heading.default\">\n\t\t\t\t\t<h2 class=\"elementor-heading-title elementor-size-default\">Convierte tu tienda Shopify en un motor de conversi\u00f3n\n<\/h2>\t\t\t\t<\/div>\n\t\t\t\t<div class=\"elementor-element elementor-element-b336697 elementor-widget elementor-widget-text-editor\" data-id=\"b336697\" data-element_type=\"widget\" data-e-type=\"widget\" data-widget_type=\"text-editor.default\">\n\t\t\t\t\t\t\t\t\t<p data-start=\"4875\" data-end=\"5047\">La configuraci\u00f3n toma solo unos minutos.<br data-start=\"4915\" data-end=\"4918\" \/>Comienza a automatizar conversaciones, sorprender a tus clientes y generar ventas consistentes \u2014 todo a trav\u00e9s de <strong data-start=\"5032\" data-end=\"5044\">WhatsApp<\/strong>.<\/p><p data-start=\"5049\" data-end=\"5164\"><strong data-start=\"5049\" data-end=\"5164\">Sin c\u00f3digo necesario | Compatible con Shopify y WhatsApp Business | Interacci\u00f3n en tiempo real con los clientes<\/strong><\/p><p data-start=\"5166\" data-end=\"5236\"><strong data-start=\"5166\" data-end=\"5236\">TalkWoot \u2014 donde las conversaciones se convierten en conversiones.<\/strong><\/p>\t\t\t\t\t\t\t\t<\/div>\n\t\t\t\t<\/div>\n\t\t\t\t\t<\/div>\n\t\t\t\t<\/div>\n\t\t\t\t<\/div>\n\t\t","protected":false},"excerpt":{"rendered":"<p>Home Shopify Integraci\u00f3n con TalkWoot Simplifica la comunicaci\u00f3n con tus clientes, aumenta el engagement y haz crecer tus ventas mediante la automatizaci\u00f3n de WhatsApp. Prueba gratuita de 14 d\u00edas Comparar planes Integrar tu tienda de Shopify con TalkWoot transforma la manera en que te conectas con tus clientes y gestionas tus operaciones de comercio electr\u00f3nico. [&hellip;]<\/p>\n","protected":false},"author":1,"featured_media":0,"parent":2558,"menu_order":0,"comment_status":"closed","ping_status":"closed","template":"","meta":{"footnotes":""},"class_list":["post-2561","page","type-page","status-publish","hentry"],"_links":{"self":[{"href":"https:\/\/talkwoot.com\/es\/wp-json\/wp\/v2\/pages\/2561","targetHints":{"allow":["GET"]}}],"collection":[{"href":"https:\/\/talkwoot.com\/es\/wp-json\/wp\/v2\/pages"}],"about":[{"href":"https:\/\/talkwoot.com\/es\/wp-json\/wp\/v2\/types\/page"}],"author":[{"embeddable":true,"href":"https:\/\/talkwoot.com\/es\/wp-json\/wp\/v2\/users\/1"}],"replies":[{"embeddable":true,"href":"https:\/\/talkwoot.com\/es\/wp-json\/wp\/v2\/comments?post=2561"}],"version-history":[{"count":5,"href":"https:\/\/talkwoot.com\/es\/wp-json\/wp\/v2\/pages\/2561\/revisions"}],"predecessor-version":[{"id":2663,"href":"https:\/\/talkwoot.com\/es\/wp-json\/wp\/v2\/pages\/2561\/revisions\/2663"}],"up":[{"embeddable":true,"href":"https:\/\/talkwoot.com\/es\/wp-json\/wp\/v2\/pages\/2558"}],"wp:attachment":[{"href":"https:\/\/talkwoot.com\/es\/wp-json\/wp\/v2\/media?parent=2561"}],"curies":[{"name":"wp","href":"https:\/\/api.w.org\/{rel}","templated":true}]}}