{"id":2563,"date":"2025-10-16T13:13:20","date_gmt":"2025-10-16T16:13:20","guid":{"rendered":"https:\/\/talkwoot.com\/integraciones\/webhook\/"},"modified":"2025-10-28T11:09:57","modified_gmt":"2025-10-28T14:09:57","slug":"webhook","status":"publish","type":"page","link":"https:\/\/talkwoot.com\/es\/integraciones\/webhook\/","title":{"rendered":"WebHook"},"content":{"rendered":"\t\t<div data-elementor-type=\"wp-page\" data-elementor-id=\"2563\" class=\"elementor elementor-2563 elementor-1742\">\n\t\t\t\t<div class=\"elementor-element elementor-element-301d615 e-flex e-con-boxed e-con e-parent\" data-id=\"301d615\" data-element_type=\"container\" data-e-type=\"container\" data-settings=\"{&quot;background_background&quot;:&quot;classic&quot;}\">\n\t\t\t\t\t<div class=\"e-con-inner\">\n\t\t<div class=\"elementor-element elementor-element-aeba228 e-con-full e-flex e-con e-child\" data-id=\"aeba228\" data-element_type=\"container\" data-e-type=\"container\">\n\t\t\t\t<div class=\"elementor-element elementor-element-2ef0613 elementor-invisible elementor-widget elementor-widget-sasi-breadcrumbs\" data-id=\"2ef0613\" data-element_type=\"widget\" data-e-type=\"widget\" data-settings=\"{&quot;_animation&quot;:&quot;fadeInUp&quot;}\" data-widget_type=\"sasi-breadcrumbs.default\">\n\t\t\t\t<div class=\"elementor-widget-container\">\n\t\t\t\t\t<ul id=\"sasi-breadcrumbs\" class=\"sasi-breadcrumbs none-style\"><li><a href=\"https:\/\/talkwoot.com\/es\/\">Home<\/a><\/li><\/ul>    \r\n        \t\t\t\t<\/div>\n\t\t\t\t<\/div>\n\t\t\t\t<div class=\"elementor-element elementor-element-34ebed8 elementor-widget__width-inherit elementor-invisible elementor-widget elementor-widget-sasi-heading\" data-id=\"34ebed8\" data-element_type=\"widget\" data-e-type=\"widget\" data-settings=\"{&quot;_animation&quot;:&quot;fadeInUp&quot;,&quot;_animation_delay&quot;:200}\" data-widget_type=\"sasi-heading.default\">\n\t\t\t\t<div class=\"elementor-widget-container\">\n\t\t\t\t\t\t\t<div class=\"sasi-heading\">\r\n\t        \t        <h2 class=\"sasi-heading__title\"><span class=\"text-green\">WebHook<\/span> <\/br>Integraci\u00f3n con TalkWoot<\/h2>\t    <\/div>\r\n\t    \t\t\t\t<\/div>\n\t\t\t\t<\/div>\n\t\t\t\t<\/div>\n\t\t\t\t\t<\/div>\n\t\t\t\t<\/div>\n\t\t<div class=\"elementor-element elementor-element-85f9757 e-flex e-con-boxed e-con e-parent\" data-id=\"85f9757\" data-element_type=\"container\" data-e-type=\"container\">\n\t\t\t\t\t<div class=\"e-con-inner\">\n\t\t<div class=\"elementor-element elementor-element-5616065 e-con-full sticky-container e-flex e-con e-child\" data-id=\"5616065\" data-element_type=\"container\" data-e-type=\"container\" data-settings=\"{&quot;background_background&quot;:&quot;classic&quot;}\">\n\t\t<div class=\"elementor-element elementor-element-ac00d32 e-con-full e-flex e-con e-child\" data-id=\"ac00d32\" data-element_type=\"container\" data-e-type=\"container\" data-settings=\"{&quot;background_background&quot;:&quot;gradient&quot;}\">\n\t\t\t\t<div class=\"elementor-element elementor-element-5a8030a elementor-widget elementor-widget-image\" data-id=\"5a8030a\" data-element_type=\"widget\" data-e-type=\"widget\" data-widget_type=\"image.default\">\n\t\t\t\t\t\t\t\t\t\t\t\t\t\t\t<img decoding=\"async\" width=\"300\" height=\"84\" src=\"https:\/\/talkwoot.com\/wp-content\/uploads\/2025\/10\/webhook-300x84.png\" class=\"attachment-medium size-medium wp-image-2557\" alt=\"\" srcset=\"https:\/\/talkwoot.com\/wp-content\/uploads\/2025\/10\/webhook-300x84.png 300w, https:\/\/talkwoot.com\/wp-content\/uploads\/2025\/10\/webhook-768x214.png 768w, https:\/\/talkwoot.com\/wp-content\/uploads\/2025\/10\/webhook.png 999w\" sizes=\"(max-width: 300px) 100vw, 300px\" \/>\t\t\t\t\t\t\t\t\t\t\t\t\t\t\t<\/div>\n\t\t\t\t<\/div>\n\t\t<div class=\"elementor-element elementor-element-4026ff5 e-con-full e-flex e-con e-child\" data-id=\"4026ff5\" data-element_type=\"container\" data-e-type=\"container\">\n\t\t\t\t<div class=\"elementor-element elementor-element-c1d3267 elementor-widget elementor-widget-heading\" data-id=\"c1d3267\" data-element_type=\"widget\" data-e-type=\"widget\" data-widget_type=\"heading.default\">\n\t\t\t\t\t<h2 class=\"elementor-heading-title elementor-size-default\">Automatizaci\u00f3n en tiempo real que conecta tus herramientas, sincroniza tus datos y env\u00eda actualizaciones instant\u00e1neas por WhatsApp.<\/h2>\t\t\t\t<\/div>\n\t\t\t\t<div class=\"elementor-element elementor-element-8079120 elementor-align-center btn__full elementor-widget elementor-widget-sasi-button\" data-id=\"8079120\" data-element_type=\"widget\" data-e-type=\"widget\" data-widget_type=\"sasi-button.default\">\n\t\t\t\t<div class=\"elementor-widget-container\">\n\t\t\t\t\t\t\t\r\n\t\t<a href=\"https:\/\/mkt.wisewoot.com\/register\" class=\"sasi-btn sasi-btn-primary sasi-btn-icon sasi-btn-icon__right\" target=\"_blank\" rel=\"noopener\">\r\n\t\t\t<span class=\"sasi-text\">Prueba gratuita de 14 d\u00edas<\/span> \r\n\t\t\t\t\t\t\t<span class=\"sasi-icon\">\r\n\t\t\t\t\t<svg xmlns=\"http:\/\/www.w3.org\/2000\/svg\" width=\"15\" height=\"14\" viewBox=\"0 0 15 14\" fill=\"none\"><path d=\"M6.84375 13.8125C6.96875 13.9688 7.21875 13.9688 7.375 13.8125L13.9062 7.28125C14.0625 7.125 14.0625 6.90625 13.9062 6.75L7.375 0.21875C7.21875 0.0625 6.96875 0.0625 6.84375 0.21875L6.21875 0.8125C6.0625 0.96875 6.0625 1.21875 6.21875 1.34375L11.0625 6.1875H0.375C0.1875 6.1875 0 6.375 0 6.5625V7.4375C0 7.65625 0.1875 7.8125 0.375 7.8125H11.0625L6.21875 12.6875C6.0625 12.8125 6.0625 13.0625 6.21875 13.2188L6.84375 13.8125Z\" fill=\"#0E0E0E\"><\/path><\/svg>\t\t\t\t<\/span>\r\n\t\t\t\t\t<\/a>\r\n\t    \r\n\t    \t\t\t\t<\/div>\n\t\t\t\t<\/div>\n\t\t\t\t<div class=\"elementor-element elementor-element-ed29857 elementor-align-center btn__full elementor-widget elementor-widget-sasi-button\" data-id=\"ed29857\" data-element_type=\"widget\" data-e-type=\"widget\" data-widget_type=\"sasi-button.default\">\n\t\t\t\t<div class=\"elementor-widget-container\">\n\t\t\t\t\t\t\t\r\n\t\t<a href=\"https:\/\/talkwoot.com\/es\/precios\/\" class=\"sasi-btn sasi-btn-outline_2 sasi-btn-icon sasi-btn-icon__right\">\r\n\t\t\t<span class=\"sasi-text\">Comparar planes<\/span> \r\n\t\t\t\t\t\t\t<span class=\"sasi-icon\">\r\n\t\t\t\t\t<svg xmlns=\"http:\/\/www.w3.org\/2000\/svg\" width=\"15\" height=\"14\" viewBox=\"0 0 15 14\" fill=\"none\"><path d=\"M6.84375 13.8125C6.96875 13.9688 7.21875 13.9688 7.375 13.8125L13.9062 7.28125C14.0625 7.125 14.0625 6.90625 13.9062 6.75L7.375 0.21875C7.21875 0.0625 6.96875 0.0625 6.84375 0.21875L6.21875 0.8125C6.0625 0.96875 6.0625 1.21875 6.21875 1.34375L11.0625 6.1875H0.375C0.1875 6.1875 0 6.375 0 6.5625V7.4375C0 7.65625 0.1875 7.8125 0.375 7.8125H11.0625L6.21875 12.6875C6.0625 12.8125 6.0625 13.0625 6.21875 13.2188L6.84375 13.8125Z\" fill=\"#0E0E0E\"><\/path><\/svg>\t\t\t\t<\/span>\r\n\t\t\t\t\t<\/a>\r\n\t    \r\n\t    \t\t\t\t<\/div>\n\t\t\t\t<\/div>\n\t\t\t\t<\/div>\n\t\t\t\t<\/div>\n\t\t<div class=\"elementor-element elementor-element-627c4af e-con-full e-flex e-con e-child\" data-id=\"627c4af\" data-element_type=\"container\" data-e-type=\"container\">\n\t\t\t\t<div class=\"elementor-element elementor-element-21bf9d6 elementor-widget elementor-widget-text-editor\" data-id=\"21bf9d6\" data-element_type=\"widget\" data-e-type=\"widget\" data-widget_type=\"text-editor.default\">\n\t\t\t\t\t\t\t\t\t<p data-start=\"474\" data-end=\"838\">La automatizaci\u00f3n es la base de la eficiencia moderna \u2014 y el <strong data-start=\"535\" data-end=\"564\">flujo Webhook de TalkWoot<\/strong> lo hace sin esfuerzo.<br data-start=\"586\" data-end=\"589\" \/>Con esta funci\u00f3n, puedes conectar <strong data-start=\"623\" data-end=\"635\">TalkWoot<\/strong> con tus plataformas existentes (<strong data-start=\"668\" data-end=\"743\">Shopify, WooCommerce, sistemas CRM o cualquier aplicaci\u00f3n personalizada<\/strong>) y activar <strong data-start=\"755\" data-end=\"808\">mensajes de WhatsApp autom\u00e1ticos y personalizados<\/strong> basados en eventos en vivo.<\/p><p data-start=\"840\" data-end=\"1040\">Ya sean <strong data-start=\"848\" data-end=\"944\">confirmaciones de pedido, actualizaciones de env\u00edo, alertas de pago o recordatorios de citas<\/strong>, los <strong data-start=\"950\" data-end=\"974\">Webhooks de TalkWoot<\/strong> garantizan que tus clientes est\u00e9n informados sin mover un dedo.<\/p>\t\t\t\t\t\t\t\t<\/div>\n\t\t\t\t<div class=\"elementor-element elementor-element-0f3af94 elementor-widget elementor-widget-heading\" data-id=\"0f3af94\" data-element_type=\"widget\" data-e-type=\"widget\" data-widget_type=\"heading.default\">\n\t\t\t\t\t<h2 class=\"elementor-heading-title elementor-size-default\">\u00bfQu\u00e9 es el flujo Webhook de TalkWoot?\n<\/h2>\t\t\t\t<\/div>\n\t\t\t\t<div class=\"elementor-element elementor-element-5979f8e elementor-widget elementor-widget-text-editor\" data-id=\"5979f8e\" data-element_type=\"widget\" data-e-type=\"widget\" data-widget_type=\"text-editor.default\">\n\t\t\t\t\t\t\t\t\t<p data-start=\"1093\" data-end=\"1470\">El <strong data-start=\"1096\" data-end=\"1113\">flujo Webhook<\/strong> es una funci\u00f3n de automatizaci\u00f3n que permite que sistemas externos se comuniquen con TalkWoot mediante una <strong data-start=\"1221\" data-end=\"1246\">URL de Callback \u00fanica<\/strong>.<br data-start=\"1247\" data-end=\"1250\" \/>Cada vez que ocurre un evento espec\u00edfico en tu plataforma externa \u2014 como un nuevo pedido, confirmaci\u00f3n de pago o carrito abandonado \u2014 se activa instant\u00e1neamente un mensaje de WhatsApp a tu cliente a trav\u00e9s de TalkWoot.<\/p><p data-start=\"1472\" data-end=\"1625\">Esto crea un flujo de datos perfecto entre tus sistemas y tus clientes, eliminando la intervenci\u00f3n manual y aumentando el compromiso y la satisfacci\u00f3n.<\/p>\t\t\t\t\t\t\t\t<\/div>\n\t\t\t\t<div class=\"elementor-element elementor-element-407e144 elementor-widget elementor-widget-heading\" data-id=\"407e144\" data-element_type=\"widget\" data-e-type=\"widget\" data-widget_type=\"heading.default\">\n\t\t\t\t\t<h2 class=\"elementor-heading-title elementor-size-default\">C\u00f3mo usar el flujo Webhook\n<\/h2>\t\t\t\t<\/div>\n\t\t\t\t<div class=\"elementor-element elementor-element-6e5a3a0 elementor-widget elementor-widget-text-editor\" data-id=\"6e5a3a0\" data-element_type=\"widget\" data-e-type=\"widget\" data-widget_type=\"text-editor.default\">\n\t\t\t\t\t\t\t\t\t<p data-start=\"1667\" data-end=\"1703\"><strong data-start=\"1671\" data-end=\"1703\">1. Crear un flujo de trabajo<\/strong><\/p><ol data-start=\"1705\" data-end=\"2007\"><li data-start=\"1705\" data-end=\"1752\"><p data-start=\"1708\" data-end=\"1752\">Inicia sesi\u00f3n en tu <strong data-start=\"1728\" data-end=\"1749\">Panel de TalkWoot<\/strong>.<\/p><\/li><li data-start=\"1753\" data-end=\"1803\"><p data-start=\"1756\" data-end=\"1803\">Ve a <strong data-start=\"1761\" data-end=\"1801\">Automatizaciones \u2192 Webhook Workflow.<\/strong><\/p><\/li><li data-start=\"1804\" data-end=\"1931\"><p data-start=\"1807\" data-end=\"1931\">Haz clic en <strong data-start=\"1819\" data-end=\"1853\">\u201cCrear nuevo flujo de trabajo\u201d<\/strong> y as\u00edgnale un nombre (por ejemplo, <em data-start=\"1889\" data-end=\"1927\">Notificaciones de pedidos de Shopify<\/em>).<\/p><\/li><li data-start=\"1932\" data-end=\"2007\"><p data-start=\"1935\" data-end=\"2007\">Selecciona la cuenta de WhatsApp que enviar\u00e1 los mensajes autom\u00e1ticos.<\/p><\/li><\/ol><hr data-start=\"2009\" data-end=\"2012\" \/><p data-start=\"2014\" data-end=\"2063\"><strong data-start=\"2018\" data-end=\"2063\">2. Generar la URL de Callback del Webhook<\/strong><\/p><p data-start=\"2065\" data-end=\"2230\">Despu\u00e9s de crear el flujo, <strong data-start=\"2092\" data-end=\"2104\">TalkWoot<\/strong> genera autom\u00e1ticamente una <strong data-start=\"2132\" data-end=\"2157\">URL de Callback \u00fanica<\/strong>.<br data-start=\"2158\" data-end=\"2161\" \/>Copia esta URL: la necesitar\u00e1s para conectar tu plataforma externa.<\/p><hr data-start=\"2232\" data-end=\"2235\" \/><p data-start=\"2237\" data-end=\"2280\"><strong data-start=\"2241\" data-end=\"2280\">3. Configurar la plataforma externa<\/strong><\/p><ol data-start=\"2282\" data-end=\"2648\"><li data-start=\"2282\" data-end=\"2425\"><p data-start=\"2285\" data-end=\"2425\">Accede a la configuraci\u00f3n de <strong data-start=\"2314\" data-end=\"2343\">webhooks o automatizaci\u00f3n<\/strong> de la plataforma que elijas (por ejemplo, <strong data-start=\"2386\" data-end=\"2421\">Shopify, WooCommerce, CRM o ERP<\/strong>).<\/p><\/li><li data-start=\"2426\" data-end=\"2579\"><p data-start=\"2429\" data-end=\"2579\">Pega la <strong data-start=\"2437\" data-end=\"2468\">URL del Webhook de TalkWoot<\/strong> en el campo de notificaci\u00f3n del evento (por ejemplo: <em data-start=\"2522\" data-end=\"2537\">pedido creado<\/em>, <em data-start=\"2539\" data-end=\"2553\">pago exitoso<\/em>, <em data-start=\"2555\" data-end=\"2575\">carrito abandonado<\/em>).<\/p><\/li><li data-start=\"2580\" data-end=\"2648\"><p data-start=\"2583\" data-end=\"2648\">Guarda tu configuraci\u00f3n \u2014 \u00a1tus sistemas ahora est\u00e1n conectados!<\/p><\/li><\/ol><hr data-start=\"2650\" data-end=\"2653\" \/><p data-start=\"2655\" data-end=\"2692\"><strong data-start=\"2659\" data-end=\"2692\">4. Mapear los datos entrantes<\/strong><\/p><p data-start=\"2694\" data-end=\"2913\">Dentro de TalkWoot, abre la secci\u00f3n <strong data-start=\"2730\" data-end=\"2750\">Response Mapping<\/strong>.<br data-start=\"2751\" data-end=\"2754\" \/>Aqu\u00ed defines c\u00f3mo los datos de tu plataforma externa (como ID de pedido, nombre del cliente o monto total) se asignan a las variables de mensaje de TalkWoot.<\/p><p data-start=\"2915\" data-end=\"3034\">As\u00ed te aseguras de que tus plantillas de WhatsApp reciban los datos correctos en el lugar correcto \u2014 autom\u00e1ticamente.<\/p><hr data-start=\"3036\" data-end=\"3039\" \/><p data-start=\"3041\" data-end=\"3093\"><strong data-start=\"3045\" data-end=\"3091\">5. Usar el formateador de datos (opcional)<\/strong><\/p><p data-start=\"3095\" data-end=\"3196\">Mejora tu l\u00f3gica de automatizaci\u00f3n con el <strong data-start=\"3137\" data-end=\"3161\">formateador de datos<\/strong> integrado de TalkWoot.<br data-start=\"3184\" data-end=\"3187\" \/>Puedes:<\/p><ul data-start=\"3198\" data-end=\"3380\"><li data-start=\"3198\" data-end=\"3265\"><p data-start=\"3200\" data-end=\"3265\">Combinar varios nombres de productos en una sola l\u00ednea legible.<\/p><\/li><li data-start=\"3266\" data-end=\"3318\"><p data-start=\"3268\" data-end=\"3318\">Formatear fechas de entrega o n\u00fameros de pedido.<\/p><\/li><li data-start=\"3319\" data-end=\"3380\"><p data-start=\"3321\" data-end=\"3380\">Calcular totales o descuentos antes de enviar el mensaje.<\/p><\/li><\/ul><p data-start=\"3382\" data-end=\"3501\">Esto garantiza que tus mensajes no solo sean autom\u00e1ticos, sino tambi\u00e9n <strong data-start=\"3453\" data-end=\"3499\">inteligentes y contextualmente relevantes.<\/strong><\/p><hr data-start=\"3503\" data-end=\"3506\" \/><p data-start=\"3508\" data-end=\"3570\"><strong data-start=\"3512\" data-end=\"3570\">6. Crear y vincular plantillas de mensajes de WhatsApp<\/strong><\/p><ol data-start=\"3572\" data-end=\"3962\"><li data-start=\"3572\" data-end=\"3635\"><p data-start=\"3575\" data-end=\"3635\">Navega a <strong data-start=\"3584\" data-end=\"3620\">WhatsApp \u2192 Plantillas de mensaje<\/strong> en TalkWoot.<\/p><\/li><li data-start=\"3636\" data-end=\"3810\"><p data-start=\"3639\" data-end=\"3810\">Crea o importa una plantilla aprobada por WhatsApp Business (por ejemplo:<br data-start=\"3712\" data-end=\"3715\" \/>\u201cHola {{1}}, tu pedido #{{2}} ha sido confirmado. Total: {{3}}. \u00a1Gracias por tu compra!\u201d).<\/p><\/li><li data-start=\"3811\" data-end=\"3888\"><p data-start=\"3814\" data-end=\"3888\">Una vez aprobada por WhatsApp, vincula la plantilla al flujo de trabajo.<\/p><\/li><li data-start=\"3889\" data-end=\"3962\"><p data-start=\"3892\" data-end=\"3962\">Asocia las variables del mensaje con los datos mapeados del webhook.<\/p><\/li><\/ol><hr data-start=\"3964\" data-end=\"3967\" \/><p data-start=\"3969\" data-end=\"3996\"><strong data-start=\"3973\" data-end=\"3996\">7. Probar y activar<\/strong><\/p><p data-start=\"3998\" data-end=\"4280\">Ejecuta un evento de prueba desde tu plataforma externa para asegurarte de que todo funcione correctamente.<br data-start=\"4105\" data-end=\"4108\" \/>Verifica que TalkWoot reciba, procese y env\u00ede el mensaje de forma exitosa.<br data-start=\"4182\" data-end=\"4185\" \/>Una vez confirmado \u2014 <strong data-start=\"4206\" data-end=\"4280\">activa tu flujo de trabajo y deja que la automatizaci\u00f3n haga el resto.<\/strong><\/p>\t\t\t\t\t\t\t\t<\/div>\n\t\t\t\t<div class=\"elementor-element elementor-element-eb5058b elementor-widget elementor-widget-heading\" data-id=\"eb5058b\" data-element_type=\"widget\" data-e-type=\"widget\" data-widget_type=\"heading.default\">\n\t\t\t\t\t<h2 class=\"elementor-heading-title elementor-size-default\">Casos de uso m\u00e1s comunes del flujo Webhook\n<\/h2>\t\t\t\t<\/div>\n\t\t\t\t<div class=\"elementor-element elementor-element-e71faf4 elementor-widget elementor-widget-text-editor\" data-id=\"e71faf4\" data-element_type=\"widget\" data-e-type=\"widget\" data-widget_type=\"text-editor.default\">\n\t\t\t\t\t\t\t\t\t<p data-start=\"4338\" data-end=\"4376\"><strong data-start=\"4342\" data-end=\"4374\">1. Notificaciones de pedidos<\/strong><\/p><p data-start=\"4377\" data-end=\"4434\">Env\u00eda actualizaciones instant\u00e1neas por WhatsApp cuando:<\/p><ul data-start=\"4436\" data-end=\"4523\"><li data-start=\"4436\" data-end=\"4467\"><p data-start=\"4438\" data-end=\"4467\">Se realiza un nuevo pedido.<\/p><\/li><li data-start=\"4468\" data-end=\"4495\"><p data-start=\"4470\" data-end=\"4495\">Un art\u00edculo es enviado.<\/p><\/li><li data-start=\"4496\" data-end=\"4523\"><p data-start=\"4498\" data-end=\"4523\">Se confirma la entrega.<\/p><\/li><\/ul><p data-start=\"4525\" data-end=\"4611\">Mant\u00e9n informados a los clientes y elimina los mensajes de \u201c\u00bfD\u00f3nde est\u00e1 mi pedido?\u201d.<\/p><hr data-start=\"4613\" data-end=\"4616\" \/><p data-start=\"4618\" data-end=\"4667\"><strong data-start=\"4622\" data-end=\"4665\">2. Recuperaci\u00f3n de carritos abandonados<\/strong><\/p><p data-start=\"4668\" data-end=\"4851\">Vuelve a atraer a los clientes que dejaron productos en su carrito.<br data-start=\"4735\" data-end=\"4738\" \/>Env\u00eda recordatorios personalizados por WhatsApp con detalles y ofertas para aumentar las tasas de recuperaci\u00f3n.<\/p><hr data-start=\"4853\" data-end=\"4856\" \/><p data-start=\"4858\" data-end=\"4893\"><strong data-start=\"4862\" data-end=\"4891\">3. Confirmaciones de pago<\/strong><\/p><p data-start=\"4894\" data-end=\"5046\">Notifica a los clientes en el momento en que su pago se haya procesado.<br data-start=\"4965\" data-end=\"4968\" \/>Esto genera confianza, reduce disputas y proporciona tranquilidad inmediata.<\/p><hr data-start=\"5048\" data-end=\"5051\" \/><p data-start=\"5053\" data-end=\"5101\"><strong data-start=\"5057\" data-end=\"5099\">4. Citas y actualizaciones de servicio<\/strong><\/p><p data-start=\"5102\" data-end=\"5212\">Ideal para empresas de servicios.<br data-start=\"5135\" data-end=\"5138\" \/>Confirma, reprograma o recuerda citas autom\u00e1ticamente mediante WhatsApp.<\/p>\t\t\t\t\t\t\t\t<\/div>\n\t\t\t\t<div class=\"elementor-element elementor-element-c5102d2 elementor-widget elementor-widget-heading\" data-id=\"c5102d2\" data-element_type=\"widget\" data-e-type=\"widget\" data-widget_type=\"heading.default\">\n\t\t\t\t\t<h2 class=\"elementor-heading-title elementor-size-default\">Por qu\u00e9 las empresas eligen los Webhooks de TalkWoot\n<\/h2>\t\t\t\t<\/div>\n\t\t\t\t<div class=\"elementor-element elementor-element-9ea3a69 elementor-widget elementor-widget-text-editor\" data-id=\"9ea3a69\" data-element_type=\"widget\" data-e-type=\"widget\" data-widget_type=\"text-editor.default\">\n\t\t\t\t\t\t\t\t\t<ul><li><strong data-start=\"5283\" data-end=\"5311\">Automatizaci\u00f3n sencilla:<\/strong> Config\u00faralo una vez y deja que el sistema funcione 24\/7.<\/li><li><strong data-start=\"5373\" data-end=\"5405\">Comunicaci\u00f3n en tiempo real:<\/strong> Env\u00eda mensajes por WhatsApp en el momento exacto del evento.<\/li><li><strong data-start=\"5472\" data-end=\"5498\">Integraciones fluidas:<\/strong> Compatible con Shopify, WooCommerce, CRMs o cualquier plataforma con API.<\/li><li><strong data-start=\"5578\" data-end=\"5604\">L\u00f3gica personalizable:<\/strong> Mapea, transforma y personaliza los datos seg\u00fan tus necesidades.<\/li><li><strong data-start=\"5675\" data-end=\"5712\">Experiencia del cliente mejorada:<\/strong> Mant\u00e9n a los clientes informados en cada paso \u2014 autom\u00e1ticamente.<\/li><\/ul>\t\t\t\t\t\t\t\t<\/div>\n\t\t\t\t<div class=\"elementor-element elementor-element-b9ffe8a elementor-widget elementor-widget-heading\" data-id=\"b9ffe8a\" data-element_type=\"widget\" data-e-type=\"widget\" data-widget_type=\"heading.default\">\n\t\t\t\t\t<h2 class=\"elementor-heading-title elementor-size-default\">Convierte los datos en conversaciones\n<\/h2>\t\t\t\t<\/div>\n\t\t\t\t<div class=\"elementor-element elementor-element-b336697 elementor-widget elementor-widget-text-editor\" data-id=\"b336697\" data-element_type=\"widget\" data-e-type=\"widget\" data-widget_type=\"text-editor.default\">\n\t\t\t\t\t\t\t\t\t<p data-start=\"5832\" data-end=\"6012\">Transforma cada evento del sistema en un punto de contacto con el cliente.<br data-start=\"5906\" data-end=\"5909\" \/>Con el <strong data-start=\"5916\" data-end=\"5945\">flujo Webhook de TalkWoot<\/strong>, tu empresa se vuelve m\u00e1s conectada, \u00e1gil y eficiente que nunca.<\/p><p data-start=\"6014\" data-end=\"6125\"><strong data-start=\"6014\" data-end=\"6123\">Sin necesidad de c\u00f3digo | Compatible con cualquier plataforma | Automatizaci\u00f3n de WhatsApp en tiempo real<\/strong><\/p><p data-start=\"6127\" data-end=\"6184\"><strong data-start=\"6127\" data-end=\"6184\">TalkWoot \u2014 donde cada acci\u00f3n genera una conversaci\u00f3n.<\/strong><\/p><hr data-start=\"6186\" data-end=\"6189\" \/>\t\t\t\t\t\t\t\t<\/div>\n\t\t\t\t<\/div>\n\t\t\t\t\t<\/div>\n\t\t\t\t<\/div>\n\t\t\t\t<\/div>\n\t\t","protected":false},"excerpt":{"rendered":"<p>Home WebHook Integraci\u00f3n con TalkWoot Automatizaci\u00f3n en tiempo real que conecta tus herramientas, sincroniza tus datos y env\u00eda actualizaciones instant\u00e1neas por WhatsApp. Prueba gratuita de 14 d\u00edas Comparar planes La automatizaci\u00f3n es la base de la eficiencia moderna \u2014 y el flujo Webhook de TalkWoot lo hace sin esfuerzo.Con esta funci\u00f3n, puedes conectar TalkWoot con [&hellip;]<\/p>\n","protected":false},"author":1,"featured_media":0,"parent":2558,"menu_order":0,"comment_status":"closed","ping_status":"closed","template":"","meta":{"footnotes":""},"class_list":["post-2563","page","type-page","status-publish","hentry"],"_links":{"self":[{"href":"https:\/\/talkwoot.com\/es\/wp-json\/wp\/v2\/pages\/2563","targetHints":{"allow":["GET"]}}],"collection":[{"href":"https:\/\/talkwoot.com\/es\/wp-json\/wp\/v2\/pages"}],"about":[{"href":"https:\/\/talkwoot.com\/es\/wp-json\/wp\/v2\/types\/page"}],"author":[{"embeddable":true,"href":"https:\/\/talkwoot.com\/es\/wp-json\/wp\/v2\/users\/1"}],"replies":[{"embeddable":true,"href":"https:\/\/talkwoot.com\/es\/wp-json\/wp\/v2\/comments?post=2563"}],"version-history":[{"count":5,"href":"https:\/\/talkwoot.com\/es\/wp-json\/wp\/v2\/pages\/2563\/revisions"}],"predecessor-version":[{"id":2666,"href":"https:\/\/talkwoot.com\/es\/wp-json\/wp\/v2\/pages\/2563\/revisions\/2666"}],"up":[{"embeddable":true,"href":"https:\/\/talkwoot.com\/es\/wp-json\/wp\/v2\/pages\/2558"}],"wp:attachment":[{"href":"https:\/\/talkwoot.com\/es\/wp-json\/wp\/v2\/media?parent=2563"}],"curies":[{"name":"wp","href":"https:\/\/api.w.org\/{rel}","templated":true}]}}