{"id":2565,"date":"2025-10-16T11:38:39","date_gmt":"2025-10-16T14:38:39","guid":{"rendered":"https:\/\/talkwoot.com\/integraciones\/woocommerce\/"},"modified":"2025-10-28T11:14:32","modified_gmt":"2025-10-28T14:14:32","slug":"woocommerce","status":"publish","type":"page","link":"https:\/\/talkwoot.com\/es\/integraciones\/woocommerce\/","title":{"rendered":"WooCommerce"},"content":{"rendered":"\t\t<div data-elementor-type=\"wp-page\" data-elementor-id=\"2565\" class=\"elementor elementor-2565 elementor-1698\">\n\t\t\t\t<div class=\"elementor-element elementor-element-301d615 e-flex e-con-boxed e-con e-parent\" data-id=\"301d615\" data-element_type=\"container\" data-e-type=\"container\" data-settings=\"{&quot;background_background&quot;:&quot;classic&quot;}\">\n\t\t\t\t\t<div class=\"e-con-inner\">\n\t\t<div class=\"elementor-element elementor-element-aeba228 e-con-full e-flex e-con e-child\" data-id=\"aeba228\" data-element_type=\"container\" data-e-type=\"container\">\n\t\t\t\t<div class=\"elementor-element elementor-element-2ef0613 elementor-invisible elementor-widget elementor-widget-sasi-breadcrumbs\" data-id=\"2ef0613\" data-element_type=\"widget\" data-e-type=\"widget\" data-settings=\"{&quot;_animation&quot;:&quot;fadeInUp&quot;}\" data-widget_type=\"sasi-breadcrumbs.default\">\n\t\t\t\t<div class=\"elementor-widget-container\">\n\t\t\t\t\t<ul id=\"sasi-breadcrumbs\" class=\"sasi-breadcrumbs none-style\"><li><a href=\"https:\/\/talkwoot.com\/es\/\">Home<\/a><\/li><\/ul>    \r\n        \t\t\t\t<\/div>\n\t\t\t\t<\/div>\n\t\t\t\t<div class=\"elementor-element elementor-element-34ebed8 elementor-widget__width-inherit elementor-invisible elementor-widget elementor-widget-sasi-heading\" data-id=\"34ebed8\" data-element_type=\"widget\" data-e-type=\"widget\" data-settings=\"{&quot;_animation&quot;:&quot;fadeInUp&quot;,&quot;_animation_delay&quot;:200}\" data-widget_type=\"sasi-heading.default\">\n\t\t\t\t<div class=\"elementor-widget-container\">\n\t\t\t\t\t\t\t<div class=\"sasi-heading\">\r\n\t        \t        <h2 class=\"sasi-heading__title\"><span class=\"text-green\">WooCommerce<\/span> <\/br>Integraci\u00f3n con TalkWoot<\/h2>\t    <\/div>\r\n\t    \t\t\t\t<\/div>\n\t\t\t\t<\/div>\n\t\t\t\t<\/div>\n\t\t\t\t\t<\/div>\n\t\t\t\t<\/div>\n\t\t<div class=\"elementor-element elementor-element-85f9757 e-flex e-con-boxed e-con e-parent\" data-id=\"85f9757\" data-element_type=\"container\" data-e-type=\"container\">\n\t\t\t\t\t<div class=\"e-con-inner\">\n\t\t<div class=\"elementor-element elementor-element-5616065 e-con-full sticky-container e-flex e-con e-child\" data-id=\"5616065\" data-element_type=\"container\" data-e-type=\"container\" data-settings=\"{&quot;background_background&quot;:&quot;classic&quot;}\">\n\t\t<div class=\"elementor-element elementor-element-ac00d32 e-con-full e-flex e-con e-child\" data-id=\"ac00d32\" data-element_type=\"container\" data-e-type=\"container\" data-settings=\"{&quot;background_background&quot;:&quot;gradient&quot;}\">\n\t\t\t\t<div class=\"elementor-element elementor-element-5a8030a elementor-widget elementor-widget-image\" data-id=\"5a8030a\" data-element_type=\"widget\" data-e-type=\"widget\" data-widget_type=\"image.default\">\n\t\t\t\t\t\t\t\t\t\t\t\t\t\t\t<img decoding=\"async\" width=\"176\" height=\"104\" src=\"https:\/\/talkwoot.com\/wp-content\/uploads\/2025\/10\/woocommerce-logo.png\" class=\"attachment-medium size-medium wp-image-2555\" alt=\"\" \/>\t\t\t\t\t\t\t\t\t\t\t\t\t\t\t<\/div>\n\t\t\t\t<\/div>\n\t\t<div class=\"elementor-element elementor-element-4026ff5 e-con-full e-flex e-con e-child\" data-id=\"4026ff5\" data-element_type=\"container\" data-e-type=\"container\">\n\t\t\t\t<div class=\"elementor-element elementor-element-c1d3267 elementor-widget elementor-widget-heading\" data-id=\"c1d3267\" data-element_type=\"widget\" data-e-type=\"widget\" data-widget_type=\"heading.default\">\n\t\t\t\t\t<h2 class=\"elementor-heading-title elementor-size-default\">Automatiza la comunicaci\u00f3n de tu eCommerce y aumenta las ventas con WhatsApp<\/h2>\t\t\t\t<\/div>\n\t\t\t\t<div class=\"elementor-element elementor-element-8079120 elementor-align-center btn__full elementor-widget elementor-widget-sasi-button\" data-id=\"8079120\" data-element_type=\"widget\" data-e-type=\"widget\" data-widget_type=\"sasi-button.default\">\n\t\t\t\t<div class=\"elementor-widget-container\">\n\t\t\t\t\t\t\t\r\n\t\t<a href=\"https:\/\/mkt.wisewoot.com\/register\" class=\"sasi-btn sasi-btn-primary sasi-btn-icon sasi-btn-icon__right\" target=\"_blank\" rel=\"noopener\">\r\n\t\t\t<span class=\"sasi-text\">Prueba gratuita de 14 d\u00edas<\/span> \r\n\t\t\t\t\t\t\t<span class=\"sasi-icon\">\r\n\t\t\t\t\t<svg xmlns=\"http:\/\/www.w3.org\/2000\/svg\" width=\"15\" height=\"14\" viewBox=\"0 0 15 14\" fill=\"none\"><path d=\"M6.84375 13.8125C6.96875 13.9688 7.21875 13.9688 7.375 13.8125L13.9062 7.28125C14.0625 7.125 14.0625 6.90625 13.9062 6.75L7.375 0.21875C7.21875 0.0625 6.96875 0.0625 6.84375 0.21875L6.21875 0.8125C6.0625 0.96875 6.0625 1.21875 6.21875 1.34375L11.0625 6.1875H0.375C0.1875 6.1875 0 6.375 0 6.5625V7.4375C0 7.65625 0.1875 7.8125 0.375 7.8125H11.0625L6.21875 12.6875C6.0625 12.8125 6.0625 13.0625 6.21875 13.2188L6.84375 13.8125Z\" fill=\"#0E0E0E\"><\/path><\/svg>\t\t\t\t<\/span>\r\n\t\t\t\t\t<\/a>\r\n\t    \r\n\t    \t\t\t\t<\/div>\n\t\t\t\t<\/div>\n\t\t\t\t<div class=\"elementor-element elementor-element-ed29857 elementor-align-center btn__full elementor-widget elementor-widget-sasi-button\" data-id=\"ed29857\" data-element_type=\"widget\" data-e-type=\"widget\" data-widget_type=\"sasi-button.default\">\n\t\t\t\t<div class=\"elementor-widget-container\">\n\t\t\t\t\t\t\t\r\n\t\t<a href=\"https:\/\/talkwoot.com\/es\/precios\/\" class=\"sasi-btn sasi-btn-outline_2 sasi-btn-icon sasi-btn-icon__right\">\r\n\t\t\t<span class=\"sasi-text\">Comparar planes<\/span> \r\n\t\t\t\t\t\t\t<span class=\"sasi-icon\">\r\n\t\t\t\t\t<svg xmlns=\"http:\/\/www.w3.org\/2000\/svg\" width=\"15\" height=\"14\" viewBox=\"0 0 15 14\" fill=\"none\"><path d=\"M6.84375 13.8125C6.96875 13.9688 7.21875 13.9688 7.375 13.8125L13.9062 7.28125C14.0625 7.125 14.0625 6.90625 13.9062 6.75L7.375 0.21875C7.21875 0.0625 6.96875 0.0625 6.84375 0.21875L6.21875 0.8125C6.0625 0.96875 6.0625 1.21875 6.21875 1.34375L11.0625 6.1875H0.375C0.1875 6.1875 0 6.375 0 6.5625V7.4375C0 7.65625 0.1875 7.8125 0.375 7.8125H11.0625L6.21875 12.6875C6.0625 12.8125 6.0625 13.0625 6.21875 13.2188L6.84375 13.8125Z\" fill=\"#0E0E0E\"><\/path><\/svg>\t\t\t\t<\/span>\r\n\t\t\t\t\t<\/a>\r\n\t    \r\n\t    \t\t\t\t<\/div>\n\t\t\t\t<\/div>\n\t\t\t\t<\/div>\n\t\t\t\t<\/div>\n\t\t<div class=\"elementor-element elementor-element-627c4af e-con-full e-flex e-con e-child\" data-id=\"627c4af\" data-element_type=\"container\" data-e-type=\"container\">\n\t\t\t\t<div class=\"elementor-element elementor-element-21bf9d6 elementor-widget elementor-widget-text-editor\" data-id=\"21bf9d6\" data-element_type=\"widget\" data-e-type=\"widget\" data-widget_type=\"text-editor.default\">\n\t\t\t\t\t\t\t\t\t<p data-start=\"429\" data-end=\"655\">Integrar tu tienda de <strong data-start=\"451\" data-end=\"466\">WooCommerce<\/strong> con <strong data-start=\"471\" data-end=\"483\">TalkWoot<\/strong> transforma la manera en que gestionas tu negocio online, automatizando la comunicaci\u00f3n con los clientes directamente a trav\u00e9s de <strong data-start=\"613\" data-end=\"625\">WhatsApp<\/strong> y otros canales conectados.<\/p><p data-start=\"657\" data-end=\"939\">Con esta integraci\u00f3n, podr\u00e1s enviar <strong data-start=\"693\" data-end=\"738\">actualizaciones de pedidos en tiempo real<\/strong>, <strong data-start=\"740\" data-end=\"791\">confirmar pedidos con pago contra entrega (COD)<\/strong>, <strong data-start=\"793\" data-end=\"827\">recuperar carritos abandonados<\/strong> e incluso <strong data-start=\"838\" data-end=\"900\">mostrar productos dentro de las conversaciones de WhatsApp<\/strong> \u2014 todo desde un <strong data-start=\"917\" data-end=\"936\">panel unificado<\/strong>.<\/p>\t\t\t\t\t\t\t\t<\/div>\n\t\t\t\t<div class=\"elementor-element elementor-element-0f3af94 elementor-widget elementor-widget-heading\" data-id=\"0f3af94\" data-element_type=\"widget\" data-e-type=\"widget\" data-widget_type=\"heading.default\">\n\t\t\t\t\t<h2 class=\"elementor-heading-title elementor-size-default\">Principales caracter\u00edsticas de la integraci\u00f3n WooCommerce + TalkWoot\n<\/h2>\t\t\t\t<\/div>\n\t\t\t\t<div class=\"elementor-element elementor-element-6e5a3a0 elementor-widget elementor-widget-text-editor\" data-id=\"6e5a3a0\" data-element_type=\"widget\" data-e-type=\"widget\" data-widget_type=\"text-editor.default\">\n\t\t\t\t\t\t\t\t\t<p data-start=\"1023\" data-end=\"1073\"><strong data-start=\"1027\" data-end=\"1071\">1. Notificaciones autom\u00e1ticas de pedidos<\/strong><\/p><p data-start=\"1074\" data-end=\"1327\">Mant\u00e9n informados a tus clientes en cada etapa del proceso de compra.<br data-start=\"1143\" data-end=\"1146\" \/>Env\u00eda <strong data-start=\"1152\" data-end=\"1246\">confirmaciones de pedido, actualizaciones de env\u00edo y notificaciones de entrega autom\u00e1ticas<\/strong> por WhatsApp, garantizando una comunicaci\u00f3n r\u00e1pida, confiable y personalizada.<\/p><hr data-start=\"1329\" data-end=\"1332\" \/><p data-start=\"1334\" data-end=\"1388\"><strong data-start=\"1338\" data-end=\"1386\">2. Verificaci\u00f3n de pago contra entrega (COD)<\/strong><\/p><p data-start=\"1389\" data-end=\"1627\">Reduce el fraude y el trabajo manual automatizando los mensajes de verificaci\u00f3n COD.<br data-start=\"1473\" data-end=\"1476\" \/>Los clientes reciben recordatorios instant\u00e1neos para confirmar sus pedidos, mejorando la <strong data-start=\"1565\" data-end=\"1594\">precisi\u00f3n de las entregas<\/strong> y la <strong data-start=\"1600\" data-end=\"1624\">eficiencia operativa<\/strong>.<\/p><hr data-start=\"1629\" data-end=\"1632\" \/><p data-start=\"1634\" data-end=\"1683\"><strong data-start=\"1638\" data-end=\"1681\">3. Recuperaci\u00f3n de carritos abandonados<\/strong><\/p><p data-start=\"1684\" data-end=\"1930\">Recupera a los clientes que no completaron su compra.<br data-start=\"1737\" data-end=\"1740\" \/>Env\u00eda recordatorios inteligentes por WhatsApp a los usuarios que dejaron productos en su carrito \u2014 incluye <strong data-start=\"1847\" data-end=\"1891\">im\u00e1genes, precios y c\u00f3digos de descuento<\/strong> para aumentar la tasa de conversi\u00f3n.<\/p><hr data-start=\"1932\" data-end=\"1935\" \/><p data-start=\"1937\" data-end=\"1995\"><strong data-start=\"1941\" data-end=\"1993\">4. Visualizaci\u00f3n de productos dentro de WhatsApp<\/strong><\/p><p data-start=\"1996\" data-end=\"2237\">Muestra tus productos de WooCommerce directamente en el chat.<br data-start=\"2057\" data-end=\"2060\" \/>Utiliza <strong data-start=\"2068\" data-end=\"2093\">tarjetas interactivas<\/strong> con im\u00e1genes, nombres, precios y descripciones para que los clientes puedan explorar, hacer preguntas y comprar \u2014 todo sin salir de WhatsApp.<\/p><hr data-start=\"2239\" data-end=\"2242\" \/><p data-start=\"2244\" data-end=\"2272\"><strong data-start=\"2248\" data-end=\"2270\">5. Panel unificado<\/strong><\/p><p data-start=\"2273\" data-end=\"2510\">Gestiona todas las conversaciones, automatizaciones y actualizaciones de pedidos en un solo lugar.<br data-start=\"2371\" data-end=\"2374\" \/>Supervisa <strong data-start=\"2384\" data-end=\"2423\">mensajes, disparadores y respuestas<\/strong> mediante la interfaz intuitiva de TalkWoot, completamente integrada con WooCommerce.<\/p>\t\t\t\t\t\t\t\t<\/div>\n\t\t\t\t<div class=\"elementor-element elementor-element-eb5058b elementor-widget elementor-widget-heading\" data-id=\"eb5058b\" data-element_type=\"widget\" data-e-type=\"widget\" data-widget_type=\"heading.default\">\n\t\t\t\t\t<h2 class=\"elementor-heading-title elementor-size-default\">C\u00f3mo integrar WooCommerce con TalkWoot\n<\/h2>\t\t\t\t<\/div>\n\t\t\t\t<div class=\"elementor-element elementor-element-e71faf4 elementor-widget elementor-widget-text-editor\" data-id=\"e71faf4\" data-element_type=\"widget\" data-e-type=\"widget\" data-widget_type=\"text-editor.default\">\n\t\t\t\t\t\t\t\t\t<p data-start=\"2564\" data-end=\"2617\"><strong data-start=\"2568\" data-end=\"2617\">Paso 1. Configurar la API REST de WooCommerce<\/strong><\/p><ol data-start=\"2619\" data-end=\"2951\"><li data-start=\"2619\" data-end=\"2667\"><p data-start=\"2622\" data-end=\"2667\">Inicia sesi\u00f3n en tu <strong data-start=\"2642\" data-end=\"2664\">Panel de WordPress<\/strong>.<\/p><\/li><li data-start=\"2668\" data-end=\"2726\"><p data-start=\"2671\" data-end=\"2726\">Ve a <strong data-start=\"2676\" data-end=\"2724\">WooCommerce \u2192 Ajustes \u2192 Avanzado \u2192 API REST.<\/strong><\/p><\/li><li data-start=\"2727\" data-end=\"2844\"><p data-start=\"2730\" data-end=\"2844\">Haz clic en <strong data-start=\"2742\" data-end=\"2759\">Agregar clave<\/strong>, introduce un nombre, elige un usuario y asigna permisos de <strong data-start=\"2820\" data-end=\"2841\">Lectura\/Escritura<\/strong>.<\/p><\/li><li data-start=\"2845\" data-end=\"2951\"><p data-start=\"2848\" data-end=\"2951\">Genera la clave API y guarda tu <strong data-start=\"2880\" data-end=\"2896\">Consumer Key<\/strong> y <strong data-start=\"2899\" data-end=\"2918\">Consumer Secret<\/strong> \u2014 los necesitar\u00e1s en TalkWoot.<\/p><\/li><\/ol><hr data-start=\"2953\" data-end=\"2956\" \/><p data-start=\"2958\" data-end=\"3011\"><strong data-start=\"2962\" data-end=\"3011\">Paso 2. Configurar la integraci\u00f3n en TalkWoot<\/strong><\/p><ol data-start=\"3013\" data-end=\"3400\"><li data-start=\"3013\" data-end=\"3048\"><p data-start=\"3016\" data-end=\"3048\">Abre tu <strong data-start=\"3024\" data-end=\"3045\">panel de TalkWoot<\/strong>.<\/p><\/li><li data-start=\"3049\" data-end=\"3108\"><p data-start=\"3052\" data-end=\"3108\">Navega a <strong data-start=\"3061\" data-end=\"3106\">Integraciones \u2192 E-commerce \u2192 WooCommerce.<\/strong><\/p><\/li><li data-start=\"3109\" data-end=\"3338\"><p data-start=\"3112\" data-end=\"3145\">Completa los campos requeridos:<\/p><ul data-start=\"3149\" data-end=\"3338\"><li data-start=\"3149\" data-end=\"3203\"><p data-start=\"3151\" data-end=\"3203\"><strong data-start=\"3151\" data-end=\"3173\">Nombre del perfil:<\/strong> Para identificar tu tienda.<\/p><\/li><li data-start=\"3207\" data-end=\"3265\"><p data-start=\"3209\" data-end=\"3265\"><strong data-start=\"3209\" data-end=\"3230\">URL de la tienda:<\/strong> Direcci\u00f3n de tu sitio WordPress.<\/p><\/li><li data-start=\"3269\" data-end=\"3338\"><p data-start=\"3271\" data-end=\"3338\"><strong data-start=\"3271\" data-end=\"3297\">Consumer Key y Secret:<\/strong> Credenciales generadas en WooCommerce.<\/p><\/li><\/ul><\/li><li data-start=\"3339\" data-end=\"3400\"><p data-start=\"3342\" data-end=\"3400\">Haz clic en <strong data-start=\"3354\" data-end=\"3365\">Guardar<\/strong> para completar la configuraci\u00f3n.<\/p><\/li><\/ol><hr data-start=\"3402\" data-end=\"3405\" \/><p data-start=\"3407\" data-end=\"3451\"><strong data-start=\"3411\" data-end=\"3449\">Paso 3. Activar eventos de Webhook<\/strong><\/p><p data-start=\"3452\" data-end=\"3769\">Usa los <strong data-start=\"3460\" data-end=\"3484\">Webhooks de TalkWoot<\/strong> para activar autom\u00e1ticamente mensajes seg\u00fan los eventos de pedidos de WooCommerce (por ejemplo, <em data-start=\"3581\" data-end=\"3622\">pedido creado, actualizado o completado<\/em>).<br data-start=\"3624\" data-end=\"3627\" \/>Esto permite enviar notificaciones instant\u00e1neas por WhatsApp, <strong data-start=\"3689\" data-end=\"3711\">confirmaciones COD<\/strong> y <strong data-start=\"3714\" data-end=\"3767\">mensajes de recuperaci\u00f3n de carritos abandonados.<\/strong><\/p><hr data-start=\"3771\" data-end=\"3774\" \/><p data-start=\"3776\" data-end=\"3843\"><strong data-start=\"3780\" data-end=\"3841\">Paso 4. Configurar el seguimiento de carritos abandonados<\/strong><\/p><p data-start=\"3844\" data-end=\"4085\">Instala un <strong data-start=\"3855\" data-end=\"3906\">plugin de WooCommerce para carritos abandonados<\/strong> (u otro similar).<br data-start=\"3924\" data-end=\"3927\" \/>Config\u00faralo para capturar los datos del carrito y enviarlos a TalkWoot, donde se activar\u00e1n mensajes autom\u00e1ticos de WhatsApp para volver a atraer al cliente.<\/p><hr data-start=\"4087\" data-end=\"4090\" \/><p data-start=\"4092\" data-end=\"4139\"><strong data-start=\"4096\" data-end=\"4137\">Paso 5. Mostrar productos en WhatsApp<\/strong><\/p><p data-start=\"4140\" data-end=\"4395\">Aprovecha la <strong data-start=\"4153\" data-end=\"4184\">integraci\u00f3n API de TalkWoot<\/strong> para extraer tu cat\u00e1logo de productos de WooCommerce.<br data-start=\"4238\" data-end=\"4241\" \/>Dentro del <strong data-start=\"4252\" data-end=\"4289\">constructor de flujos del chatbot<\/strong>, configura plantillas de mensajes interactivas para mostrar productos din\u00e1micamente dentro de WhatsApp.<\/p>\t\t\t\t\t\t\t\t<\/div>\n\t\t\t\t<div class=\"elementor-element elementor-element-c5102d2 elementor-widget elementor-widget-heading\" data-id=\"c5102d2\" data-element_type=\"widget\" data-e-type=\"widget\" data-widget_type=\"heading.default\">\n\t\t\t\t\t<h2 class=\"elementor-heading-title elementor-size-default\">\u00bfPor qu\u00e9 integrar WooCommerce con TalkWoot?\n<\/h2>\t\t\t\t<\/div>\n\t\t\t\t<div class=\"elementor-element elementor-element-9ea3a69 elementor-widget elementor-widget-text-editor\" data-id=\"9ea3a69\" data-element_type=\"widget\" data-e-type=\"widget\" data-widget_type=\"text-editor.default\">\n\t\t\t\t\t\t\t\t\t<ul><li><span data-start=\"4456\" data-end=\"4495\"><br \/><\/span><strong data-start=\"4456\" data-end=\"4495\">Mejora la satisfacci\u00f3n del cliente:<\/strong> Actualizaciones en tiempo real sobre sus pedidos.<\/li><li><strong data-start=\"4551\" data-end=\"4569\">Ahorra tiempo:<\/strong> Automatiza mensajes de pedidos y carritos.<\/li><li><strong data-start=\"4619\" data-end=\"4644\">Reduce el fraude COD:<\/strong> Verificaci\u00f3n instant\u00e1nea mediante WhatsApp.<\/li><li><strong data-start=\"4694\" data-end=\"4717\">Aumenta las ventas:<\/strong> Reactivaci\u00f3n personalizada de clientes inactivos.<\/li><li><strong data-start=\"4773\" data-end=\"4791\">Control total:<\/strong> Administra todo desde un \u00fanico panel intuitivo.<\/li><\/ul>\t\t\t\t\t\t\t\t<\/div>\n\t\t\t\t<\/div>\n\t\t\t\t\t<\/div>\n\t\t\t\t<\/div>\n\t\t\t\t<\/div>\n\t\t","protected":false},"excerpt":{"rendered":"<p>Home WooCommerce Integraci\u00f3n con TalkWoot Automatiza la comunicaci\u00f3n de tu eCommerce y aumenta las ventas con WhatsApp Prueba gratuita de 14 d\u00edas Comparar planes Integrar tu tienda de WooCommerce con TalkWoot transforma la manera en que gestionas tu negocio online, automatizando la comunicaci\u00f3n con los clientes directamente a trav\u00e9s de WhatsApp y otros canales conectados. [&hellip;]<\/p>\n","protected":false},"author":1,"featured_media":0,"parent":2558,"menu_order":0,"comment_status":"closed","ping_status":"closed","template":"","meta":{"footnotes":""},"class_list":["post-2565","page","type-page","status-publish","hentry"],"_links":{"self":[{"href":"https:\/\/talkwoot.com\/es\/wp-json\/wp\/v2\/pages\/2565","targetHints":{"allow":["GET"]}}],"collection":[{"href":"https:\/\/talkwoot.com\/es\/wp-json\/wp\/v2\/pages"}],"about":[{"href":"https:\/\/talkwoot.com\/es\/wp-json\/wp\/v2\/types\/page"}],"author":[{"embeddable":true,"href":"https:\/\/talkwoot.com\/es\/wp-json\/wp\/v2\/users\/1"}],"replies":[{"embeddable":true,"href":"https:\/\/talkwoot.com\/es\/wp-json\/wp\/v2\/comments?post=2565"}],"version-history":[{"count":5,"href":"https:\/\/talkwoot.com\/es\/wp-json\/wp\/v2\/pages\/2565\/revisions"}],"predecessor-version":[{"id":2669,"href":"https:\/\/talkwoot.com\/es\/wp-json\/wp\/v2\/pages\/2565\/revisions\/2669"}],"up":[{"embeddable":true,"href":"https:\/\/talkwoot.com\/es\/wp-json\/wp\/v2\/pages\/2558"}],"wp:attachment":[{"href":"https:\/\/talkwoot.com\/es\/wp-json\/wp\/v2\/media?parent=2565"}],"curies":[{"name":"wp","href":"https:\/\/api.w.org\/{rel}","templated":true}]}}