{"id":2086,"date":"2025-10-16T11:34:44","date_gmt":"2025-10-16T14:34:44","guid":{"rendered":"https:\/\/talkwoot.com\/integracoes\/"},"modified":"2025-10-25T11:37:58","modified_gmt":"2025-10-25T14:37:58","slug":"integracoes","status":"publish","type":"page","link":"https:\/\/talkwoot.com\/pt-pt\/integracoes\/","title":{"rendered":"Integra\u00e7\u00f5es"},"content":{"rendered":"\t\t<div data-elementor-type=\"wp-page\" data-elementor-id=\"2086\" class=\"elementor elementor-2086 elementor-1696\">\n\t\t\t\t<div class=\"elementor-element elementor-element-d25c3e1 e-flex e-con-boxed e-con e-parent\" data-id=\"d25c3e1\" data-element_type=\"container\" data-e-type=\"container\" data-settings=\"{&quot;background_background&quot;:&quot;classic&quot;}\">\n\t\t\t\t\t<div class=\"e-con-inner\">\n\t\t\t\t<div class=\"elementor-element elementor-element-68071f3 elementor-widget elementor-widget-sasi-heading\" data-id=\"68071f3\" data-element_type=\"widget\" data-e-type=\"widget\" data-settings=\"{&quot;_animation&quot;:&quot;none&quot;}\" data-widget_type=\"sasi-heading.default\">\n\t\t\t\t<div class=\"elementor-widget-container\">\n\t\t\t\t\t\t\t<div class=\"sasi-heading\">\r\n\t        <span class=\"sasi-heading__sub\">Integra\u00e7\u00f5es<\/span>\t        <h1 class=\"sasi-heading__title\">Integre o TalkWoot com as suas Plataformas Preferidas<\/h1>\t    <\/div>\r\n\t    \t\t\t\t<\/div>\n\t\t\t\t<\/div>\n\t\t\t\t<div class=\"elementor-element elementor-element-9b707c9 elementor-widget-divider--view-line elementor-widget elementor-widget-divider\" data-id=\"9b707c9\" data-element_type=\"widget\" data-e-type=\"widget\" data-widget_type=\"divider.default\">\n\t\t\t\t\t\t\t<div class=\"elementor-divider\">\n\t\t\t<span class=\"elementor-divider-separator\">\n\t\t\t\t\t\t<\/span>\n\t\t<\/div>\n\t\t\t\t\t\t<\/div>\n\t\t\t\t<div class=\"elementor-element elementor-element-93cbb91 elementor-widget elementor-widget-text-editor\" data-id=\"93cbb91\" data-element_type=\"widget\" data-e-type=\"widget\" data-settings=\"{&quot;_animation&quot;:&quot;none&quot;,&quot;_animation_delay&quot;:200}\" data-widget_type=\"text-editor.default\">\n\t\t\t\t\t\t\t\t\t<p data-start=\"79\" data-end=\"336\">Ligue o TalkWoot ao WhatsApp, Instagram, Telegram e muito mais. Centralize todas as conversas com os seus clientes, automatize fluxos de trabalho e expanda a comunica\u00e7\u00e3o em todos os canais da sua empresa \u2014 tudo a partir de uma \u00fanica e poderosa plataforma.<\/p>\t\t\t\t\t\t\t\t<\/div>\n\t\t\t\t\t<\/div>\n\t\t\t\t<\/div>\n\t\t<div class=\"elementor-element elementor-element-c8b7230 e-flex e-con-boxed e-con e-parent\" data-id=\"c8b7230\" data-element_type=\"container\" data-e-type=\"container\">\n\t\t\t\t\t<div class=\"e-con-inner\">\n\t\t<div class=\"elementor-element elementor-element-8d356a9 e-con-full e-flex e-con e-child\" data-id=\"8d356a9\" data-element_type=\"container\" data-e-type=\"container\">\n\t\t<div class=\"elementor-element elementor-element-3c189d1 e-con-full sticky-container e-flex e-con e-child\" data-id=\"3c189d1\" data-element_type=\"container\" data-e-type=\"container\" data-settings=\"{&quot;background_background&quot;:&quot;classic&quot;}\">\n\t\t<div class=\"elementor-element elementor-element-372bea9 e-con-full e-flex e-con e-child\" data-id=\"372bea9\" data-element_type=\"container\" data-e-type=\"container\" data-settings=\"{&quot;background_background&quot;:&quot;gradient&quot;}\">\n\t\t\t\t<div class=\"elementor-element elementor-element-14dabff elementor-widget elementor-widget-image\" data-id=\"14dabff\" data-element_type=\"widget\" data-e-type=\"widget\" data-widget_type=\"image.default\">\n\t\t\t\t\t\t\t\t\t\t\t\t\t\t\t\t<a href=\"https:\/\/talkwoot.com\/integrations\/woocommerce\/\">\n\t\t\t\t\t\t\t<img decoding=\"async\" width=\"176\" height=\"104\" src=\"https:\/\/talkwoot.com\/wp-content\/uploads\/2025\/10\/woocommerce-logo.png\" class=\"attachment-medium size-medium wp-image-2083\" alt=\"\" \/>\t\t\t\t\t\t\t\t<\/a>\n\t\t\t\t\t\t\t\t\t\t\t\t\t\t\t<\/div>\n\t\t\t\t<\/div>\n\t\t<div class=\"elementor-element elementor-element-8e30022 e-con-full e-flex e-con e-child\" data-id=\"8e30022\" data-element_type=\"container\" data-e-type=\"container\">\n\t\t\t\t<div class=\"elementor-element elementor-element-78afad7 elementor-widget elementor-widget-heading\" data-id=\"78afad7\" data-element_type=\"widget\" data-e-type=\"widget\" data-widget_type=\"heading.default\">\n\t\t\t\t\t<h2 class=\"elementor-heading-title elementor-size-default\">Automatize a comunica\u00e7\u00e3o do seu eCommerce e aumente as vendas atrav\u00e9s do WhatsApp.<\/h2>\t\t\t\t<\/div>\n\t\t\t\t<div class=\"elementor-element elementor-element-912c668 elementor-align-center btn__full elementor-widget elementor-widget-sasi-button\" data-id=\"912c668\" data-element_type=\"widget\" data-e-type=\"widget\" data-widget_type=\"sasi-button.default\">\n\t\t\t\t<div class=\"elementor-widget-container\">\n\t\t\t\t\t\t\t\r\n\t\t<a href=\"https:\/\/mkt.wisewoot.com\/register\" class=\"sasi-btn sasi-btn-primary sasi-btn-icon sasi-btn-icon__right\" target=\"_blank\" rel=\"noopener\">\r\n\t\t\t<span class=\"sasi-text\">Teste gratuito de 14 dias<\/span> \r\n\t\t\t\t\t\t\t<span class=\"sasi-icon\">\r\n\t\t\t\t\t<svg xmlns=\"http:\/\/www.w3.org\/2000\/svg\" width=\"15\" height=\"14\" viewBox=\"0 0 15 14\" fill=\"none\"><path d=\"M6.84375 13.8125C6.96875 13.9688 7.21875 13.9688 7.375 13.8125L13.9062 7.28125C14.0625 7.125 14.0625 6.90625 13.9062 6.75L7.375 0.21875C7.21875 0.0625 6.96875 0.0625 6.84375 0.21875L6.21875 0.8125C6.0625 0.96875 6.0625 1.21875 6.21875 1.34375L11.0625 6.1875H0.375C0.1875 6.1875 0 6.375 0 6.5625V7.4375C0 7.65625 0.1875 7.8125 0.375 7.8125H11.0625L6.21875 12.6875C6.0625 12.8125 6.0625 13.0625 6.21875 13.2188L6.84375 13.8125Z\" fill=\"#0E0E0E\"><\/path><\/svg>\t\t\t\t<\/span>\r\n\t\t\t\t\t<\/a>\r\n\t    \r\n\t    \t\t\t\t<\/div>\n\t\t\t\t<\/div>\n\t\t\t\t<div class=\"elementor-element elementor-element-1c95251 elementor-align-center btn__full elementor-widget elementor-widget-sasi-button\" data-id=\"1c95251\" data-element_type=\"widget\" data-e-type=\"widget\" data-widget_type=\"sasi-button.default\">\n\t\t\t\t<div class=\"elementor-widget-container\">\n\t\t\t\t\t\t\t\r\n\t\t<a href=\"https:\/\/talkwoot.com\/pt-pt\/integracoes\/woocommerce\/\" class=\"sasi-btn sasi-btn-outline_2 sasi-btn-icon sasi-btn-icon__right\">\r\n\t\t\t<span class=\"sasi-text\">Ver mais<\/span> \r\n\t\t\t\t\t\t\t<span class=\"sasi-icon\">\r\n\t\t\t\t\t<svg xmlns=\"http:\/\/www.w3.org\/2000\/svg\" width=\"15\" height=\"14\" viewBox=\"0 0 15 14\" fill=\"none\"><path d=\"M6.84375 13.8125C6.96875 13.9688 7.21875 13.9688 7.375 13.8125L13.9062 7.28125C14.0625 7.125 14.0625 6.90625 13.9062 6.75L7.375 0.21875C7.21875 0.0625 6.96875 0.0625 6.84375 0.21875L6.21875 0.8125C6.0625 0.96875 6.0625 1.21875 6.21875 1.34375L11.0625 6.1875H0.375C0.1875 6.1875 0 6.375 0 6.5625V7.4375C0 7.65625 0.1875 7.8125 0.375 7.8125H11.0625L6.21875 12.6875C6.0625 12.8125 6.0625 13.0625 6.21875 13.2188L6.84375 13.8125Z\" fill=\"#0E0E0E\"><\/path><\/svg>\t\t\t\t<\/span>\r\n\t\t\t\t\t<\/a>\r\n\t    \r\n\t    \t\t\t\t<\/div>\n\t\t\t\t<\/div>\n\t\t\t\t<\/div>\n\t\t\t\t<\/div>\n\t\t<div class=\"elementor-element elementor-element-89db98b e-con-full sticky-container e-flex e-con e-child\" data-id=\"89db98b\" data-element_type=\"container\" data-e-type=\"container\" data-settings=\"{&quot;background_background&quot;:&quot;classic&quot;}\">\n\t\t<div class=\"elementor-element elementor-element-9435ade e-con-full e-flex e-con e-child\" data-id=\"9435ade\" data-element_type=\"container\" data-e-type=\"container\" data-settings=\"{&quot;background_background&quot;:&quot;gradient&quot;}\">\n\t\t\t\t<div class=\"elementor-element elementor-element-9bef523 elementor-widget elementor-widget-image\" data-id=\"9bef523\" data-element_type=\"widget\" data-e-type=\"widget\" data-widget_type=\"image.default\">\n\t\t\t\t\t\t\t\t\t\t\t\t\t\t\t\t<a href=\"https:\/\/talkwoot.com\/integrations\/shopify\/\">\n\t\t\t\t\t\t\t<img decoding=\"async\" width=\"300\" height=\"85\" src=\"https:\/\/talkwoot.com\/wp-content\/uploads\/2025\/10\/shopify-logo-300x85.png\" class=\"attachment-medium size-medium wp-image-2084\" alt=\"\" srcset=\"https:\/\/talkwoot.com\/wp-content\/uploads\/2025\/10\/shopify-logo-300x85.png 300w, https:\/\/talkwoot.com\/wp-content\/uploads\/2025\/10\/shopify-logo-1024x292.png 1024w, https:\/\/talkwoot.com\/wp-content\/uploads\/2025\/10\/shopify-logo-768x219.png 768w, https:\/\/talkwoot.com\/wp-content\/uploads\/2025\/10\/shopify-logo-1536x438.png 1536w, https:\/\/talkwoot.com\/wp-content\/uploads\/2025\/10\/shopify-logo-2048x584.png 2048w\" sizes=\"(max-width: 300px) 100vw, 300px\" \/>\t\t\t\t\t\t\t\t<\/a>\n\t\t\t\t\t\t\t\t\t\t\t\t\t\t\t<\/div>\n\t\t\t\t<\/div>\n\t\t<div class=\"elementor-element elementor-element-350365e e-con-full e-flex e-con e-child\" data-id=\"350365e\" data-element_type=\"container\" data-e-type=\"container\">\n\t\t\t\t<div class=\"elementor-element elementor-element-badaab1 elementor-widget elementor-widget-heading\" data-id=\"badaab1\" data-element_type=\"widget\" data-e-type=\"widget\" data-widget_type=\"heading.default\">\n\t\t\t\t\t<h2 class=\"elementor-heading-title elementor-size-default\">Simplifique a comunica\u00e7\u00e3o com os clientes, aumente o envolvimento e impulsione as vendas atrav\u00e9s da automa\u00e7\u00e3o com o WhatsApp.\n<\/h2>\t\t\t\t<\/div>\n\t\t\t\t<div class=\"elementor-element elementor-element-cd6f8ca elementor-align-center btn__full elementor-widget elementor-widget-sasi-button\" data-id=\"cd6f8ca\" data-element_type=\"widget\" data-e-type=\"widget\" data-widget_type=\"sasi-button.default\">\n\t\t\t\t<div class=\"elementor-widget-container\">\n\t\t\t\t\t\t\t\r\n\t\t<a href=\"https:\/\/mkt.wisewoot.com\/register\" class=\"sasi-btn sasi-btn-primary sasi-btn-icon sasi-btn-icon__right\" target=\"_blank\" rel=\"noopener\">\r\n\t\t\t<span class=\"sasi-text\">Teste gratuito de 14 dias\n<\/span> \r\n\t\t\t\t\t\t\t<span class=\"sasi-icon\">\r\n\t\t\t\t\t<svg xmlns=\"http:\/\/www.w3.org\/2000\/svg\" width=\"15\" height=\"14\" viewBox=\"0 0 15 14\" fill=\"none\"><path d=\"M6.84375 13.8125C6.96875 13.9688 7.21875 13.9688 7.375 13.8125L13.9062 7.28125C14.0625 7.125 14.0625 6.90625 13.9062 6.75L7.375 0.21875C7.21875 0.0625 6.96875 0.0625 6.84375 0.21875L6.21875 0.8125C6.0625 0.96875 6.0625 1.21875 6.21875 1.34375L11.0625 6.1875H0.375C0.1875 6.1875 0 6.375 0 6.5625V7.4375C0 7.65625 0.1875 7.8125 0.375 7.8125H11.0625L6.21875 12.6875C6.0625 12.8125 6.0625 13.0625 6.21875 13.2188L6.84375 13.8125Z\" fill=\"#0E0E0E\"><\/path><\/svg>\t\t\t\t<\/span>\r\n\t\t\t\t\t<\/a>\r\n\t    \r\n\t    \t\t\t\t<\/div>\n\t\t\t\t<\/div>\n\t\t\t\t<div class=\"elementor-element elementor-element-a976b6f elementor-align-center btn__full elementor-widget elementor-widget-sasi-button\" data-id=\"a976b6f\" data-element_type=\"widget\" data-e-type=\"widget\" data-widget_type=\"sasi-button.default\">\n\t\t\t\t<div class=\"elementor-widget-container\">\n\t\t\t\t\t\t\t\r\n\t\t<a href=\"https:\/\/talkwoot.com\/pt-pt\/integracoes\/shopify\/\" class=\"sasi-btn sasi-btn-outline_2 sasi-btn-icon sasi-btn-icon__right\">\r\n\t\t\t<span class=\"sasi-text\">Ver mais<\/span> \r\n\t\t\t\t\t\t\t<span class=\"sasi-icon\">\r\n\t\t\t\t\t<svg xmlns=\"http:\/\/www.w3.org\/2000\/svg\" width=\"15\" height=\"14\" viewBox=\"0 0 15 14\" fill=\"none\"><path d=\"M6.84375 13.8125C6.96875 13.9688 7.21875 13.9688 7.375 13.8125L13.9062 7.28125C14.0625 7.125 14.0625 6.90625 13.9062 6.75L7.375 0.21875C7.21875 0.0625 6.96875 0.0625 6.84375 0.21875L6.21875 0.8125C6.0625 0.96875 6.0625 1.21875 6.21875 1.34375L11.0625 6.1875H0.375C0.1875 6.1875 0 6.375 0 6.5625V7.4375C0 7.65625 0.1875 7.8125 0.375 7.8125H11.0625L6.21875 12.6875C6.0625 12.8125 6.0625 13.0625 6.21875 13.2188L6.84375 13.8125Z\" fill=\"#0E0E0E\"><\/path><\/svg>\t\t\t\t<\/span>\r\n\t\t\t\t\t<\/a>\r\n\t    \r\n\t    \t\t\t\t<\/div>\n\t\t\t\t<\/div>\n\t\t\t\t<\/div>\n\t\t\t\t<\/div>\n\t\t<div class=\"elementor-element elementor-element-9ea04a0 e-con-full sticky-container e-flex e-con e-child\" data-id=\"9ea04a0\" data-element_type=\"container\" data-e-type=\"container\" data-settings=\"{&quot;background_background&quot;:&quot;classic&quot;}\">\n\t\t<div class=\"elementor-element elementor-element-611d3e4 e-con-full e-flex e-con e-child\" data-id=\"611d3e4\" data-element_type=\"container\" data-e-type=\"container\" data-settings=\"{&quot;background_background&quot;:&quot;gradient&quot;}\">\n\t\t\t\t<div class=\"elementor-element elementor-element-64ad545 elementor-widget elementor-widget-image\" data-id=\"64ad545\" data-element_type=\"widget\" data-e-type=\"widget\" data-widget_type=\"image.default\">\n\t\t\t\t\t\t\t\t\t\t\t\t\t\t\t\t<a href=\"https:\/\/talkwoot.com\/integrations\/webhook\/\">\n\t\t\t\t\t\t\t<img decoding=\"async\" width=\"300\" height=\"84\" src=\"https:\/\/talkwoot.com\/wp-content\/uploads\/2025\/10\/webhook-300x84.png\" class=\"attachment-medium size-medium wp-image-2085\" alt=\"\" srcset=\"https:\/\/talkwoot.com\/wp-content\/uploads\/2025\/10\/webhook-300x84.png 300w, https:\/\/talkwoot.com\/wp-content\/uploads\/2025\/10\/webhook-768x214.png 768w, https:\/\/talkwoot.com\/wp-content\/uploads\/2025\/10\/webhook.png 999w\" sizes=\"(max-width: 300px) 100vw, 300px\" \/>\t\t\t\t\t\t\t\t<\/a>\n\t\t\t\t\t\t\t\t\t\t\t\t\t\t\t<\/div>\n\t\t\t\t<\/div>\n\t\t<div class=\"elementor-element elementor-element-a07be60 e-con-full e-flex e-con e-child\" data-id=\"a07be60\" data-element_type=\"container\" data-e-type=\"container\">\n\t\t\t\t<div class=\"elementor-element elementor-element-4ffc937 elementor-widget elementor-widget-heading\" data-id=\"4ffc937\" data-element_type=\"widget\" data-e-type=\"widget\" data-widget_type=\"heading.default\">\n\t\t\t\t\t<h2 class=\"elementor-heading-title elementor-size-default\">Automa\u00e7\u00e3o em tempo real que liga as suas ferramentas, sincroniza os seus dados e envia atualiza\u00e7\u00f5es instant\u00e2neas pelo WhatsApp.\n<\/h2>\t\t\t\t<\/div>\n\t\t\t\t<div class=\"elementor-element elementor-element-aaae785 elementor-align-center btn__full elementor-widget elementor-widget-sasi-button\" data-id=\"aaae785\" data-element_type=\"widget\" data-e-type=\"widget\" data-widget_type=\"sasi-button.default\">\n\t\t\t\t<div class=\"elementor-widget-container\">\n\t\t\t\t\t\t\t\r\n\t\t<a href=\"https:\/\/mkt.wisewoot.com\/register\" class=\"sasi-btn sasi-btn-primary sasi-btn-icon sasi-btn-icon__right\" target=\"_blank\" rel=\"noopener\">\r\n\t\t\t<span class=\"sasi-text\">Teste gratuito de 14 dias\n<\/span> \r\n\t\t\t\t\t\t\t<span class=\"sasi-icon\">\r\n\t\t\t\t\t<svg xmlns=\"http:\/\/www.w3.org\/2000\/svg\" width=\"15\" height=\"14\" viewBox=\"0 0 15 14\" fill=\"none\"><path d=\"M6.84375 13.8125C6.96875 13.9688 7.21875 13.9688 7.375 13.8125L13.9062 7.28125C14.0625 7.125 14.0625 6.90625 13.9062 6.75L7.375 0.21875C7.21875 0.0625 6.96875 0.0625 6.84375 0.21875L6.21875 0.8125C6.0625 0.96875 6.0625 1.21875 6.21875 1.34375L11.0625 6.1875H0.375C0.1875 6.1875 0 6.375 0 6.5625V7.4375C0 7.65625 0.1875 7.8125 0.375 7.8125H11.0625L6.21875 12.6875C6.0625 12.8125 6.0625 13.0625 6.21875 13.2188L6.84375 13.8125Z\" fill=\"#0E0E0E\"><\/path><\/svg>\t\t\t\t<\/span>\r\n\t\t\t\t\t<\/a>\r\n\t    \r\n\t    \t\t\t\t<\/div>\n\t\t\t\t<\/div>\n\t\t\t\t<div class=\"elementor-element elementor-element-17986d4 elementor-align-center btn__full elementor-widget elementor-widget-sasi-button\" data-id=\"17986d4\" data-element_type=\"widget\" data-e-type=\"widget\" data-widget_type=\"sasi-button.default\">\n\t\t\t\t<div class=\"elementor-widget-container\">\n\t\t\t\t\t\t\t\r\n\t\t<a href=\"https:\/\/talkwoot.com\/pt-pt\/integracoes\/webhook\/\" class=\"sasi-btn sasi-btn-outline_2 sasi-btn-icon sasi-btn-icon__right\">\r\n\t\t\t<span class=\"sasi-text\">Ver mais<\/span> \r\n\t\t\t\t\t\t\t<span class=\"sasi-icon\">\r\n\t\t\t\t\t<svg xmlns=\"http:\/\/www.w3.org\/2000\/svg\" width=\"15\" height=\"14\" viewBox=\"0 0 15 14\" fill=\"none\"><path d=\"M6.84375 13.8125C6.96875 13.9688 7.21875 13.9688 7.375 13.8125L13.9062 7.28125C14.0625 7.125 14.0625 6.90625 13.9062 6.75L7.375 0.21875C7.21875 0.0625 6.96875 0.0625 6.84375 0.21875L6.21875 0.8125C6.0625 0.96875 6.0625 1.21875 6.21875 1.34375L11.0625 6.1875H0.375C0.1875 6.1875 0 6.375 0 6.5625V7.4375C0 7.65625 0.1875 7.8125 0.375 7.8125H11.0625L6.21875 12.6875C6.0625 12.8125 6.0625 13.0625 6.21875 13.2188L6.84375 13.8125Z\" fill=\"#0E0E0E\"><\/path><\/svg>\t\t\t\t<\/span>\r\n\t\t\t\t\t<\/a>\r\n\t    \r\n\t    \t\t\t\t<\/div>\n\t\t\t\t<\/div>\n\t\t\t\t<\/div>\n\t\t\t\t<\/div>\n\t\t\t\t<\/div>\n\t\t\t\t\t<\/div>\n\t\t\t\t<\/div>\n\t\t<div class=\"elementor-element elementor-element-a69893d e-con-full e-flex e-con e-parent\" data-id=\"a69893d\" data-element_type=\"container\" data-e-type=\"container\">\n\t\t<div class=\"elementor-element elementor-element-352704a section-padd e-flex e-con-boxed e-con e-child\" data-id=\"352704a\" data-element_type=\"container\" data-e-type=\"container\" data-settings=\"{&quot;background_background&quot;:&quot;gradient&quot;}\">\n\t\t\t\t\t<div class=\"e-con-inner\">\n\t\t\t\t<div class=\"elementor-element elementor-element-7bb950a elementor-invisible elementor-widget elementor-widget-sasi-heading\" data-id=\"7bb950a\" data-element_type=\"widget\" data-e-type=\"widget\" data-settings=\"{&quot;_animation&quot;:&quot;fadeInUp&quot;}\" data-widget_type=\"sasi-heading.default\">\n\t\t\t\t<div class=\"elementor-widget-container\">\n\t\t\t\t\t\t\t<div class=\"sasi-heading\">\r\n\t        <span class=\"sasi-heading__sub\">FAQ<\/span>\t        <h2 class=\"sasi-heading__title\">Perguntas Frequentes<\/h2>\t    <\/div>\r\n\t    \t\t\t\t<\/div>\n\t\t\t\t<\/div>\n\t\t\t\t<div class=\"elementor-element elementor-element-fe6f713 elementor-widget__width-initial elementor-invisible elementor-widget elementor-widget-text-editor\" data-id=\"fe6f713\" data-element_type=\"widget\" data-e-type=\"widget\" data-settings=\"{&quot;_animation&quot;:&quot;fadeInUp&quot;}\" data-widget_type=\"text-editor.default\">\n\t\t\t\t\t\t\t\t\t<p>Respondemos \u00e0s principais perguntas para o ajudar a compreender melhor como a TalkWoot pode apoiar o seu neg\u00f3cio.<br><br><\/p>\t\t\t\t\t\t\t\t<\/div>\n\t\t<div class=\"elementor-element elementor-element-34865bd e-con-full e-flex e-con e-child\" data-id=\"34865bd\" data-element_type=\"container\" data-e-type=\"container\">\n\t\t<div class=\"elementor-element elementor-element-e2b3ef2 e-con-full e-flex elementor-invisible e-con e-child\" data-id=\"e2b3ef2\" data-element_type=\"container\" data-e-type=\"container\" data-settings=\"{&quot;animation&quot;:&quot;fadeInLeft&quot;}\">\n\t\t\t\t<div class=\"elementor-element elementor-element-641d86c elementor-widget-tablet__width-inherit elementor-widget elementor-widget-sasi-accordions-2\" data-id=\"641d86c\" data-element_type=\"widget\" data-e-type=\"widget\" data-widget_type=\"sasi-accordions-2.default\">\n\t\t\t\t<div class=\"elementor-widget-container\">\n\t\t\t\t\t\r\n\t\t<div class=\"sasi-accordions-wrapper\">\r\n\t\t\t\t\t\t<div class=\"sasi-acc-item-s2\">\r\n\t\t\t\t<h5 class=\"sasi-acc-item__title\" data-tab=\"1\" data-default=\"yes\" >\r\n\r\n\t\t\t\t\t\t\t\t\t\t1. O que \u00e9 a TalkWoot?\r\n\t\t\t\t\t\t\t\t\t<\/h5>\r\n\t\t\t\t<div class=\"sasi-acc-item__content\">\r\n\t\t\t\t\t<div class=\"acc__content-inner\"><p data-start=\"186\" data-end=\"402\">A TalkWoot \u00e9 uma plataforma de IA conversacional e automa\u00e7\u00e3o que centraliza o WhatsApp, Instagram, Facebook, Telegram e Chat do Website num s\u00f3 lugar \u2014 ajudando as empresas a vender mais e a prestar um melhor servi\u00e7o.<\/p><\/div>\r\n\t\t\t\t<\/div>\r\n\t\t\t<\/div>\r\n\t\t\t\t\t\t<div class=\"sasi-acc-item-s2\">\r\n\t\t\t\t<h5 class=\"sasi-acc-item__title\" data-tab=\"2\" data-default=\"\" >\r\n\r\n\t\t\t\t\t\t\t\t\t\t2. O vosso CRM \u00e9 adequado para pequenas empresas?\r\n\t\t\t\t\t\t\t\t\t<\/h5>\r\n\t\t\t\t<div class=\"sasi-acc-item__content\">\r\n\t\t\t\t\t<div class=\"acc__content-inner\"><p data-start=\"469\" data-end=\"712\">Sim. A TalkWoot foi desenvolvida para ser escal\u00e1vel \u2014 \u00e9 simples o suficiente para freelancers e pequenas empresas, mas tamb\u00e9m robusta o bastante para equipas maiores. Pode come\u00e7ar com automa\u00e7\u00f5es b\u00e1sicas e crescer conforme as suas necessidades.<\/p><\/div>\r\n\t\t\t\t<\/div>\r\n\t\t\t<\/div>\r\n\t\t\t\t\t\t<div class=\"sasi-acc-item-s2\">\r\n\t\t\t\t<h5 class=\"sasi-acc-item__title\" data-tab=\"3\" data-default=\"\" >\r\n\r\n\t\t\t\t\t\t\t\t\t\t3. A TalkWoot funciona apenas com o WhatsApp?\r\n\t\t\t\t\t\t\t\t\t<\/h5>\r\n\t\t\t\t<div class=\"sasi-acc-item__content\">\r\n\t\t\t\t\t<div class=\"acc__content-inner\"><p data-start=\"775\" data-end=\"942\">N\u00e3o. Al\u00e9m do WhatsApp, a TalkWoot integra-se tamb\u00e9m com Instagram, Facebook Messenger, Telegram e o Chat do seu Website \u2014 tudo numa \u00fanica caixa de entrada inteligente.<\/p><\/div>\r\n\t\t\t\t<\/div>\r\n\t\t\t<\/div>\r\n\t\t\t\t\t\t<div class=\"sasi-acc-item-s2\">\r\n\t\t\t\t<h5 class=\"sasi-acc-item__title\" data-tab=\"4\" data-default=\"\" >\r\n\r\n\t\t\t\t\t\t\t\t\t\t4. Como funciona o teste gratuito de 14 dias?\r\n\t\t\t\t\t\t\t\t\t<\/h5>\r\n\t\t\t\t<div class=\"sasi-acc-item__content\">\r\n\t\t\t\t\t<div class=\"acc__content-inner\"><p data-start=\"1005\" data-end=\"1208\">Pode experimentar todas as funcionalidades sem compromisso durante 14 dias. N\u00e3o \u00e9 necess\u00e1rio cart\u00e3o de cr\u00e9dito. Basta criar a sua conta, configurar o canal e come\u00e7ar a testar as automa\u00e7\u00f5es imediatamente.<\/p><\/div>\r\n\t\t\t\t<\/div>\r\n\t\t\t<\/div>\r\n\t\t\t\t\t\t<div class=\"sasi-acc-item-s2\">\r\n\t\t\t\t<h5 class=\"sasi-acc-item__title\" data-tab=\"5\" data-default=\"\" >\r\n\r\n\t\t\t\t\t\t\t\t\t\t5. A TalkWoot \u00e9 segura?\r\n\t\t\t\t\t\t\t\t\t<\/h5>\r\n\t\t\t\t<div class=\"sasi-acc-item__content\">\r\n\t\t\t\t\t<div class=\"acc__content-inner\"><p data-start=\"1249\" data-end=\"1477\">Sim. A TalkWoot cumpre o <strong data-start=\"1274\" data-end=\"1323\">Regulamento Geral de Prote\u00e7\u00e3o de Dados (RGPD)<\/strong> e armazena todas as informa\u00e7\u00f5es de forma encriptada em servidores seguros na Europa. A sua privacidade e a dos seus clientes est\u00e3o totalmente protegidas.<\/p><\/div>\r\n\t\t\t\t<\/div>\r\n\t\t\t<\/div>\r\n\t\t\t\t    <\/div>\r\n\r\n\t    \t\t\t\t<\/div>\n\t\t\t\t<\/div>\n\t\t\t\t<\/div>\n\t\t<div class=\"elementor-element elementor-element-0ba70c0 e-con-full e-flex elementor-invisible e-con e-child\" data-id=\"0ba70c0\" data-element_type=\"container\" data-e-type=\"container\" data-settings=\"{&quot;animation&quot;:&quot;fadeInRight&quot;}\">\n\t\t\t\t<div class=\"elementor-element elementor-element-599f447 elementor-widget elementor-widget-image\" data-id=\"599f447\" data-element_type=\"widget\" data-e-type=\"widget\" data-widget_type=\"image.default\">\n\t\t\t\t\t\t\t\t\t\t\t\t\t\t\t<img loading=\"lazy\" decoding=\"async\" width=\"628\" height=\"571\" src=\"https:\/\/talkwoot.com\/wp-content\/uploads\/2025\/10\/image-faq-talkwoot.png\" class=\"attachment-full size-full wp-image-2005\" alt=\"\" srcset=\"https:\/\/talkwoot.com\/wp-content\/uploads\/2025\/10\/image-faq-talkwoot.png 628w, https:\/\/talkwoot.com\/wp-content\/uploads\/2025\/10\/image-faq-talkwoot-300x273.png 300w\" sizes=\"(max-width: 628px) 100vw, 628px\" \/>\t\t\t\t\t\t\t\t\t\t\t\t\t\t\t<\/div>\n\t\t\t\t<\/div>\n\t\t\t\t<\/div>\n\t\t\t\t\t<\/div>\n\t\t\t\t<\/div>\n\t\t\t\t<\/div>\n\t\t\t\t<\/div>\n\t\t","protected":false},"excerpt":{"rendered":"<p>Integra\u00e7\u00f5es Integre o TalkWoot com as suas Plataformas Preferidas Ligue o TalkWoot ao WhatsApp, Instagram, Telegram e muito mais. Centralize todas as conversas com os seus clientes, automatize fluxos de trabalho e expanda a comunica\u00e7\u00e3o em todos os canais da sua empresa \u2014 tudo a partir de uma \u00fanica e poderosa plataforma. Automatize a comunica\u00e7\u00e3o [&hellip;]<\/p>\n","protected":false},"author":1,"featured_media":0,"parent":0,"menu_order":0,"comment_status":"closed","ping_status":"closed","template":"","meta":{"footnotes":""},"class_list":["post-2086","page","type-page","status-publish","hentry"],"_links":{"self":[{"href":"https:\/\/talkwoot.com\/pt-pt\/wp-json\/wp\/v2\/pages\/2086","targetHints":{"allow":["GET"]}}],"collection":[{"href":"https:\/\/talkwoot.com\/pt-pt\/wp-json\/wp\/v2\/pages"}],"about":[{"href":"https:\/\/talkwoot.com\/pt-pt\/wp-json\/wp\/v2\/types\/page"}],"author":[{"embeddable":true,"href":"https:\/\/talkwoot.com\/pt-pt\/wp-json\/wp\/v2\/users\/1"}],"replies":[{"embeddable":true,"href":"https:\/\/talkwoot.com\/pt-pt\/wp-json\/wp\/v2\/comments?post=2086"}],"version-history":[{"count":6,"href":"https:\/\/talkwoot.com\/pt-pt\/wp-json\/wp\/v2\/pages\/2086\/revisions"}],"predecessor-version":[{"id":2099,"href":"https:\/\/talkwoot.com\/pt-pt\/wp-json\/wp\/v2\/pages\/2086\/revisions\/2099"}],"wp:attachment":[{"href":"https:\/\/talkwoot.com\/pt-pt\/wp-json\/wp\/v2\/media?parent=2086"}],"curies":[{"name":"wp","href":"https:\/\/api.w.org\/{rel}","templated":true}]}}