{"id":2089,"date":"2025-10-16T13:06:58","date_gmt":"2025-10-16T16:06:58","guid":{"rendered":"https:\/\/talkwoot.com\/integracoes\/shopify\/"},"modified":"2025-10-25T11:50:34","modified_gmt":"2025-10-25T14:50:34","slug":"shopify","status":"publish","type":"page","link":"https:\/\/talkwoot.com\/pt-pt\/integracoes\/shopify\/","title":{"rendered":"Shopify"},"content":{"rendered":"\t\t<div data-elementor-type=\"wp-page\" data-elementor-id=\"2089\" class=\"elementor elementor-2089 elementor-1730\">\n\t\t\t\t<div class=\"elementor-element elementor-element-301d615 e-flex e-con-boxed e-con e-parent\" data-id=\"301d615\" data-element_type=\"container\" data-e-type=\"container\" data-settings=\"{&quot;background_background&quot;:&quot;classic&quot;}\">\n\t\t\t\t\t<div class=\"e-con-inner\">\n\t\t<div class=\"elementor-element elementor-element-aeba228 e-con-full e-flex e-con e-child\" data-id=\"aeba228\" data-element_type=\"container\" data-e-type=\"container\">\n\t\t\t\t<div class=\"elementor-element elementor-element-2ef0613 elementor-invisible elementor-widget elementor-widget-sasi-breadcrumbs\" data-id=\"2ef0613\" data-element_type=\"widget\" data-e-type=\"widget\" data-settings=\"{&quot;_animation&quot;:&quot;fadeInUp&quot;}\" data-widget_type=\"sasi-breadcrumbs.default\">\n\t\t\t\t<div class=\"elementor-widget-container\">\n\t\t\t\t\t<ul id=\"sasi-breadcrumbs\" class=\"sasi-breadcrumbs none-style\"><li><a href=\"https:\/\/talkwoot.com\/pt-pt\/\">Home<\/a><\/li><\/ul>    \r\n        \t\t\t\t<\/div>\n\t\t\t\t<\/div>\n\t\t\t\t<div class=\"elementor-element elementor-element-34ebed8 elementor-widget__width-inherit elementor-invisible elementor-widget elementor-widget-sasi-heading\" data-id=\"34ebed8\" data-element_type=\"widget\" data-e-type=\"widget\" data-settings=\"{&quot;_animation&quot;:&quot;fadeInUp&quot;,&quot;_animation_delay&quot;:200}\" data-widget_type=\"sasi-heading.default\">\n\t\t\t\t<div class=\"elementor-widget-container\">\n\t\t\t\t\t\t\t<div class=\"sasi-heading\">\r\n\t        \t        <h2 class=\"sasi-heading__title\"><span class=\"text-green\">Shopify<\/span> <\/br>Integra\u00e7\u00e3o com TalkWoot<\/h2>\t    <\/div>\r\n\t    \t\t\t\t<\/div>\n\t\t\t\t<\/div>\n\t\t\t\t<\/div>\n\t\t\t\t\t<\/div>\n\t\t\t\t<\/div>\n\t\t<div class=\"elementor-element elementor-element-85f9757 e-flex e-con-boxed e-con e-parent\" data-id=\"85f9757\" data-element_type=\"container\" data-e-type=\"container\">\n\t\t\t\t\t<div class=\"e-con-inner\">\n\t\t<div class=\"elementor-element elementor-element-5616065 e-con-full sticky-container e-flex e-con e-child\" data-id=\"5616065\" data-element_type=\"container\" data-e-type=\"container\" data-settings=\"{&quot;background_background&quot;:&quot;classic&quot;}\">\n\t\t<div class=\"elementor-element elementor-element-ac00d32 e-con-full e-flex e-con e-child\" data-id=\"ac00d32\" data-element_type=\"container\" data-e-type=\"container\" data-settings=\"{&quot;background_background&quot;:&quot;gradient&quot;}\">\n\t\t\t\t<div class=\"elementor-element elementor-element-5a8030a elementor-widget elementor-widget-image\" data-id=\"5a8030a\" data-element_type=\"widget\" data-e-type=\"widget\" data-widget_type=\"image.default\">\n\t\t\t\t\t\t\t\t\t\t\t\t\t\t\t<img decoding=\"async\" width=\"300\" height=\"85\" src=\"https:\/\/talkwoot.com\/wp-content\/uploads\/2025\/10\/shopify-logo-300x85.png\" class=\"attachment-medium size-medium wp-image-2084\" alt=\"\" srcset=\"https:\/\/talkwoot.com\/wp-content\/uploads\/2025\/10\/shopify-logo-300x85.png 300w, https:\/\/talkwoot.com\/wp-content\/uploads\/2025\/10\/shopify-logo-1024x292.png 1024w, https:\/\/talkwoot.com\/wp-content\/uploads\/2025\/10\/shopify-logo-768x219.png 768w, https:\/\/talkwoot.com\/wp-content\/uploads\/2025\/10\/shopify-logo-1536x438.png 1536w, https:\/\/talkwoot.com\/wp-content\/uploads\/2025\/10\/shopify-logo-2048x584.png 2048w\" sizes=\"(max-width: 300px) 100vw, 300px\" \/>\t\t\t\t\t\t\t\t\t\t\t\t\t\t\t<\/div>\n\t\t\t\t<\/div>\n\t\t<div class=\"elementor-element elementor-element-4026ff5 e-con-full e-flex e-con e-child\" data-id=\"4026ff5\" data-element_type=\"container\" data-e-type=\"container\">\n\t\t\t\t<div class=\"elementor-element elementor-element-c1d3267 elementor-widget elementor-widget-heading\" data-id=\"c1d3267\" data-element_type=\"widget\" data-e-type=\"widget\" data-widget_type=\"heading.default\">\n\t\t\t\t\t<h2 class=\"elementor-heading-title elementor-size-default\">Simplifique a comunica\u00e7\u00e3o com os clientes, aumente o envolvimento e impulsione as vendas atrav\u00e9s da automa\u00e7\u00e3o com o WhatsApp.\n<\/h2>\t\t\t\t<\/div>\n\t\t\t\t<div class=\"elementor-element elementor-element-8079120 elementor-align-center btn__full elementor-widget elementor-widget-sasi-button\" data-id=\"8079120\" data-element_type=\"widget\" data-e-type=\"widget\" data-widget_type=\"sasi-button.default\">\n\t\t\t\t<div class=\"elementor-widget-container\">\n\t\t\t\t\t\t\t\r\n\t\t<a href=\"https:\/\/mkt.wisewoot.com\/register\" class=\"sasi-btn sasi-btn-primary sasi-btn-icon sasi-btn-icon__right\" target=\"_blank\" rel=\"noopener\">\r\n\t\t\t<span class=\"sasi-text\">Teste gratuito de 14 dias<\/span> \r\n\t\t\t\t\t\t\t<span class=\"sasi-icon\">\r\n\t\t\t\t\t<svg xmlns=\"http:\/\/www.w3.org\/2000\/svg\" width=\"15\" height=\"14\" viewBox=\"0 0 15 14\" fill=\"none\"><path d=\"M6.84375 13.8125C6.96875 13.9688 7.21875 13.9688 7.375 13.8125L13.9062 7.28125C14.0625 7.125 14.0625 6.90625 13.9062 6.75L7.375 0.21875C7.21875 0.0625 6.96875 0.0625 6.84375 0.21875L6.21875 0.8125C6.0625 0.96875 6.0625 1.21875 6.21875 1.34375L11.0625 6.1875H0.375C0.1875 6.1875 0 6.375 0 6.5625V7.4375C0 7.65625 0.1875 7.8125 0.375 7.8125H11.0625L6.21875 12.6875C6.0625 12.8125 6.0625 13.0625 6.21875 13.2188L6.84375 13.8125Z\" fill=\"#0E0E0E\"><\/path><\/svg>\t\t\t\t<\/span>\r\n\t\t\t\t\t<\/a>\r\n\t    \r\n\t    \t\t\t\t<\/div>\n\t\t\t\t<\/div>\n\t\t\t\t<div class=\"elementor-element elementor-element-ed29857 elementor-align-center btn__full elementor-widget elementor-widget-sasi-button\" data-id=\"ed29857\" data-element_type=\"widget\" data-e-type=\"widget\" data-widget_type=\"sasi-button.default\">\n\t\t\t\t<div class=\"elementor-widget-container\">\n\t\t\t\t\t\t\t\r\n\t\t<a href=\"https:\/\/talkwoot.com\/pt-pt\/pricing\/\" class=\"sasi-btn sasi-btn-outline_2 sasi-btn-icon sasi-btn-icon__right\">\r\n\t\t\t<span class=\"sasi-text\">Comparar Planos<\/span> \r\n\t\t\t\t\t\t\t<span class=\"sasi-icon\">\r\n\t\t\t\t\t<svg xmlns=\"http:\/\/www.w3.org\/2000\/svg\" width=\"15\" height=\"14\" viewBox=\"0 0 15 14\" fill=\"none\"><path d=\"M6.84375 13.8125C6.96875 13.9688 7.21875 13.9688 7.375 13.8125L13.9062 7.28125C14.0625 7.125 14.0625 6.90625 13.9062 6.75L7.375 0.21875C7.21875 0.0625 6.96875 0.0625 6.84375 0.21875L6.21875 0.8125C6.0625 0.96875 6.0625 1.21875 6.21875 1.34375L11.0625 6.1875H0.375C0.1875 6.1875 0 6.375 0 6.5625V7.4375C0 7.65625 0.1875 7.8125 0.375 7.8125H11.0625L6.21875 12.6875C6.0625 12.8125 6.0625 13.0625 6.21875 13.2188L6.84375 13.8125Z\" fill=\"#0E0E0E\"><\/path><\/svg>\t\t\t\t<\/span>\r\n\t\t\t\t\t<\/a>\r\n\t    \r\n\t    \t\t\t\t<\/div>\n\t\t\t\t<\/div>\n\t\t\t\t<\/div>\n\t\t\t\t<\/div>\n\t\t<div class=\"elementor-element elementor-element-627c4af e-con-full e-flex e-con e-child\" data-id=\"627c4af\" data-element_type=\"container\" data-e-type=\"container\">\n\t\t\t\t<div class=\"elementor-element elementor-element-21bf9d6 elementor-widget elementor-widget-text-editor\" data-id=\"21bf9d6\" data-element_type=\"widget\" data-e-type=\"widget\" data-widget_type=\"text-editor.default\">\n\t\t\t\t\t\t\t\t\t<p data-start=\"0\" data-end=\"136\">Integrar a sua loja Shopify com o TalkWoot transforma a forma como se conecta com os clientes e gere as suas opera\u00e7\u00f5es de e-commerce.<\/p><p data-start=\"138\" data-end=\"376\">Envie notifica\u00e7\u00f5es de encomendas em tempo real, verifique encomendas com pagamento na entrega (COD), recupere carrinhos abandonados e apresente os seus produtos diretamente nas conversas do WhatsApp \u2014 tudo a partir de um painel unificado.<\/p>\t\t\t\t\t\t\t\t<\/div>\n\t\t\t\t<div class=\"elementor-element elementor-element-0f3af94 elementor-widget elementor-widget-heading\" data-id=\"0f3af94\" data-element_type=\"widget\" data-e-type=\"widget\" data-widget_type=\"heading.default\">\n\t\t\t\t\t<h2 class=\"elementor-heading-title elementor-size-default\">Principais Funcionalidades da Integra\u00e7\u00e3o Shopify com o TalkWoot\n<\/h2>\t\t\t\t<\/div>\n\t\t\t\t<div class=\"elementor-element elementor-element-6e5a3a0 elementor-widget elementor-widget-text-editor\" data-id=\"6e5a3a0\" data-element_type=\"widget\" data-e-type=\"widget\" data-widget_type=\"text-editor.default\">\n\t\t\t\t\t\t\t\t\t<p data-start=\"451\" data-end=\"498\"><strong>1. Notifica\u00e7\u00f5es Autom\u00e1ticas de Encomendas<\/strong><\/p><p data-start=\"499\" data-end=\"762\">Mantenha os seus clientes informados em todas as etapas.<br data-start=\"555\" data-end=\"558\" \/>Envie atualiza\u00e7\u00f5es instant\u00e2neas pelo WhatsApp sobre confirma\u00e7\u00f5es de encomenda, progresso de envio e notifica\u00e7\u00f5es de entrega \u2014 proporcionando uma experi\u00eancia de compra r\u00e1pida, transparente e personalizada.<\/p><p data-start=\"764\" data-end=\"814\"><strong>2. Verifica\u00e7\u00e3o de Pagamento na Entrega (COD)<\/strong><\/p><p data-start=\"815\" data-end=\"1063\">Reduza fraudes e erros humanos ao automatizar as mensagens de verifica\u00e7\u00e3o COD.<br data-start=\"893\" data-end=\"896\" \/>Os clientes recebem notifica\u00e7\u00f5es instant\u00e2neas para confirmar as suas encomendas via WhatsApp, melhorando a precis\u00e3o das entregas e reduzindo devolu\u00e7\u00f5es desnecess\u00e1rias.<\/p><p data-start=\"1065\" data-end=\"1110\"><strong>3. Recupera\u00e7\u00e3o de Carrinhos Abandonados<\/strong><\/p><p data-start=\"1111\" data-end=\"1339\">Recupere clientes que n\u00e3o conclu\u00edram a compra.<br data-start=\"1157\" data-end=\"1160\" \/>Envie automaticamente lembretes personalizados e simp\u00e1ticos via WhatsApp \u2014 incluindo imagens dos produtos, pre\u00e7os e c\u00f3digos de desconto opcionais \u2014 para recuperar vendas perdidas.<\/p><p data-start=\"1341\" data-end=\"1386\"><strong>4. Apresenta\u00e7\u00e3o de Produtos no WhatsApp<\/strong><\/p><p data-start=\"1387\" data-end=\"1644\">Permita que os clientes explorem os seus produtos Shopify diretamente na conversa.<br data-start=\"1469\" data-end=\"1472\" \/>Use cart\u00f5es de produto interativos com imagens, nomes, descri\u00e7\u00f5es e pre\u00e7os para simplificar a decis\u00e3o de compra e incentivar compras instant\u00e2neas \u2014 tudo dentro do WhatsApp.<\/p><p data-start=\"1646\" data-end=\"1691\"><strong>5. Painel Unificado para Controlo Total<\/strong><\/p><p data-start=\"1692\" data-end=\"1908\">Gira todas as conversas do WhatsApp, automa\u00e7\u00f5es e fluxos de encomendas a partir de um \u00fanico painel centralizado.<br data-start=\"1804\" data-end=\"1807\" \/>Acompanhe mensagens, gatilhos e convers\u00f5es no TalkWoot \u2014 totalmente integrado com a sua loja Shopify.<\/p>\t\t\t\t\t\t\t\t<\/div>\n\t\t\t\t<div class=\"elementor-element elementor-element-eb5058b elementor-widget elementor-widget-heading\" data-id=\"eb5058b\" data-element_type=\"widget\" data-e-type=\"widget\" data-widget_type=\"heading.default\">\n\t\t\t\t\t<h2 class=\"elementor-heading-title elementor-size-default\">Como Integrar a Shopify com o TalkWoot\n<\/h2>\t\t\t\t<\/div>\n\t\t\t\t<div class=\"elementor-element elementor-element-e71faf4 elementor-widget elementor-widget-text-editor\" data-id=\"e71faf4\" data-element_type=\"widget\" data-e-type=\"widget\" data-widget_type=\"text-editor.default\">\n\t\t\t\t\t\t\t\t\t<p data-start=\"1958\" data-end=\"2000\"><strong>Passo 1. Criar um Webhook na Shopify<\/strong><\/p><ol data-start=\"2001\" data-end=\"2313\"><li data-start=\"2001\" data-end=\"2058\"><p data-start=\"2004\" data-end=\"2058\">Inicie sess\u00e3o no painel de administra\u00e7\u00e3o da Shopify.<\/p><\/li><li data-start=\"2059\" data-end=\"2110\"><p data-start=\"2062\" data-end=\"2110\">V\u00e1 a <strong data-start=\"2067\" data-end=\"2107\">Defini\u00e7\u00f5es \u2192 Notifica\u00e7\u00f5es \u2192 Webhooks<\/strong>.<\/p><\/li><li data-start=\"2111\" data-end=\"2226\"><p data-start=\"2114\" data-end=\"2226\">Clique em <strong data-start=\"2124\" data-end=\"2143\">\u201cCriar webhook\u201d<\/strong> e selecione <strong data-start=\"2156\" data-end=\"2180\">Cria\u00e7\u00e3o de encomenda<\/strong> (e outros eventos que pretenda acompanhar).<\/p><\/li><li data-start=\"2227\" data-end=\"2282\"><p data-start=\"2230\" data-end=\"2282\">Cole o <strong data-start=\"2237\" data-end=\"2279\">URL de Callback do Webhook do TalkWoot<\/strong>.<\/p><\/li><li data-start=\"2283\" data-end=\"2313\"><p data-start=\"2286\" data-end=\"2313\">Guarde e teste a liga\u00e7\u00e3o.<\/p><\/li><\/ol><p data-start=\"2315\" data-end=\"2364\"><strong>Passo 2. Configurar os Webhooks no TalkWoot<\/strong><\/p><ol data-start=\"2365\" data-end=\"2652\"><li data-start=\"2365\" data-end=\"2397\"><p data-start=\"2368\" data-end=\"2397\">Abra o <strong data-start=\"2375\" data-end=\"2394\">Painel TalkWoot<\/strong>.<\/p><\/li><li data-start=\"2398\" data-end=\"2447\"><p data-start=\"2401\" data-end=\"2447\">V\u00e1 a <strong data-start=\"2406\" data-end=\"2444\">Integra\u00e7\u00f5es \u2192 E-commerce \u2192 Shopify<\/strong>.<\/p><\/li><li data-start=\"2448\" data-end=\"2526\"><p data-start=\"2451\" data-end=\"2526\">Ative o <strong data-start=\"2459\" data-end=\"2479\">Fluxo de Webhook<\/strong> para processar eventos recebidos da Shopify.<\/p><\/li><li data-start=\"2527\" data-end=\"2624\"><p data-start=\"2530\" data-end=\"2624\">Mapeie os campos de dados (ex.: ID da encomenda, nome do cliente, lista de produtos, total).<\/p><\/li><li data-start=\"2625\" data-end=\"2652\"><p data-start=\"2628\" data-end=\"2652\">Guarde a configura\u00e7\u00e3o.<\/p><\/li><\/ol><p data-start=\"2654\" data-end=\"2694\"><strong>Passo 3. Criar Modelos de Mensagem<\/strong><\/p><p data-start=\"2695\" data-end=\"2765\">Crie modelos de mensagens aprovadas pelo <strong data-start=\"2736\" data-end=\"2757\">WhatsApp Business<\/strong> para:<\/p><ul data-start=\"2766\" data-end=\"2892\"><li data-start=\"2766\" data-end=\"2795\"><p data-start=\"2768\" data-end=\"2795\">Confirma\u00e7\u00f5es de encomenda<\/p><\/li><li data-start=\"2796\" data-end=\"2831\"><p data-start=\"2798\" data-end=\"2831\">Atualiza\u00e7\u00f5es de envio e entrega<\/p><\/li><li data-start=\"2832\" data-end=\"2851\"><p data-start=\"2834\" data-end=\"2851\">Verifica\u00e7\u00e3o COD<\/p><\/li><li data-start=\"2852\" data-end=\"2892\"><p data-start=\"2854\" data-end=\"2892\">Recupera\u00e7\u00e3o de carrinhos abandonados<\/p><\/li><\/ul><p data-start=\"2894\" data-end=\"2963\">Ap\u00f3s aprova\u00e7\u00e3o, associe-os aos seus fluxos de trabalho no TalkWoot.<\/p><p data-start=\"2965\" data-end=\"3001\"><strong>Passo 4. Automatizar Campanhas<\/strong><\/p><p data-start=\"3002\" data-end=\"3052\">Crie sequ\u00eancias de automa\u00e7\u00e3o dentro do TalkWoot:<\/p><ul data-start=\"3053\" data-end=\"3253\"><li data-start=\"3053\" data-end=\"3118\"><p data-start=\"3055\" data-end=\"3118\">Envio autom\u00e1tico de notifica\u00e7\u00f5es ap\u00f3s a finaliza\u00e7\u00e3o da compra<\/p><\/li><li data-start=\"3119\" data-end=\"3176\"><p data-start=\"3121\" data-end=\"3176\">Gatilhos para verifica\u00e7\u00e3o COD em encomendas eleg\u00edveis<\/p><\/li><li data-start=\"3177\" data-end=\"3253\"><p data-start=\"3179\" data-end=\"3253\">Reativa\u00e7\u00e3o autom\u00e1tica de carrinhos abandonados com mensagens segmentadas<\/p><\/li><\/ul><p data-start=\"3255\" data-end=\"3332\">Tudo funciona de forma autom\u00e1tica \u2014 sem necessidade de seguimentos manuais.<\/p><p data-start=\"3334\" data-end=\"3372\"><strong>Passo 5. Exibir Produtos via API<\/strong><\/p><p data-start=\"3373\" data-end=\"3665\" data-is-last-node=\"\" data-is-only-node=\"\">Use a integra\u00e7\u00e3o <strong data-start=\"3390\" data-end=\"3402\">HTTP API<\/strong> do TalkWoot para obter dados de produtos da Shopify em tempo real.<br data-start=\"3469\" data-end=\"3472\" \/>Configure fluxos de chatbot que exibem listas de produtos dinamicamente dentro do WhatsApp, permitindo que os clientes explorem, fa\u00e7am perguntas e concluam as compras de forma simples e r\u00e1pida.<\/p>\t\t\t\t\t\t\t\t<\/div>\n\t\t\t\t<div class=\"elementor-element elementor-element-c5102d2 elementor-widget elementor-widget-heading\" data-id=\"c5102d2\" data-element_type=\"widget\" data-e-type=\"widget\" data-widget_type=\"heading.default\">\n\t\t\t\t\t<h2 class=\"elementor-heading-title elementor-size-default\">Porque Integrar a Shopify com o TalkWoot?\n<\/h2>\t\t\t\t<\/div>\n\t\t\t\t<div class=\"elementor-element elementor-element-9ea3a69 elementor-widget elementor-widget-text-editor\" data-id=\"9ea3a69\" data-element_type=\"widget\" data-e-type=\"widget\" data-widget_type=\"text-editor.default\">\n\t\t\t\t\t\t\t\t\t<ul><li><strong data-start=\"46\" data-end=\"72\">Aumente as Convers\u00f5es:<\/strong> recupere carrinhos abandonados e aumente o valor m\u00e9dio das encomendas.<\/li><li><strong data-start=\"146\" data-end=\"183\">Melhore a Experi\u00eancia do Cliente:<\/strong> ofere\u00e7a comunica\u00e7\u00e3o em tempo real sobre encomendas e suporte proativo.<\/li><li><strong data-start=\"257\" data-end=\"286\">Reduza o Trabalho Manual:<\/strong> automatize mensagens repetitivas e concentre-se no crescimento do seu neg\u00f3cio.<\/li><li><strong data-start=\"368\" data-end=\"392\" data-is-only-node=\"\">Preven\u00e7\u00e3o de Fraude:<\/strong> verifique encomendas COD instantaneamente atrav\u00e9s de automa\u00e7\u00e3o segura no WhatsApp.<\/li><li><strong data-start=\"478\" data-end=\"499\">Painel Unificado:<\/strong> gere conversas, automa\u00e7\u00f5es e an\u00e1lises de desempenho num s\u00f3 lugar.<\/li><\/ul>\t\t\t\t\t\t\t\t<\/div>\n\t\t\t\t<div class=\"elementor-element elementor-element-b9ffe8a elementor-widget elementor-widget-heading\" data-id=\"b9ffe8a\" data-element_type=\"widget\" data-e-type=\"widget\" data-widget_type=\"heading.default\">\n\t\t\t\t\t<h2 class=\"elementor-heading-title elementor-size-default\">Transforme a Sua Loja Shopify Numa M\u00e1quina de Convers\u00e3o<\/h2>\t\t\t\t<\/div>\n\t\t\t\t<div class=\"elementor-element elementor-element-b336697 elementor-widget elementor-widget-text-editor\" data-id=\"b336697\" data-element_type=\"widget\" data-e-type=\"widget\" data-widget_type=\"text-editor.default\">\n\t\t\t\t\t\t\t\t\t<p data-start=\"632\" data-end=\"784\">A configura\u00e7\u00e3o demora apenas alguns minutos.<br data-start=\"676\" data-end=\"679\" \/>Comece a automatizar conversas, encantar clientes e gerar vendas consistentes \u2014 tudo atrav\u00e9s do WhatsApp.<\/p><p data-start=\"786\" data-end=\"901\">\u26a1 <strong data-start=\"788\" data-end=\"901\">Sem necessidade de c\u00f3digo | Compat\u00edvel com Shopify e WhatsApp Business | Intera\u00e7\u00e3o com clientes em tempo real<\/strong><\/p><p data-start=\"903\" data-end=\"965\" data-is-last-node=\"\" data-is-only-node=\"\"><strong data-start=\"903\" data-end=\"965\" data-is-last-node=\"\">TalkWoot \u2014 onde as conversas se transformam em convers\u00f5es.<\/strong><\/p>\t\t\t\t\t\t\t\t<\/div>\n\t\t\t\t<\/div>\n\t\t\t\t\t<\/div>\n\t\t\t\t<\/div>\n\t\t\t\t<\/div>\n\t\t","protected":false},"excerpt":{"rendered":"<p>Home Shopify Integra\u00e7\u00e3o com TalkWoot Simplifique a comunica\u00e7\u00e3o com os clientes, aumente o envolvimento e impulsione as vendas atrav\u00e9s da automa\u00e7\u00e3o com o WhatsApp. Teste gratuito de 14 dias Comparar Planos Integrar a sua loja Shopify com o TalkWoot transforma a forma como se conecta com os clientes e gere as suas opera\u00e7\u00f5es de e-commerce. [&hellip;]<\/p>\n","protected":false},"author":1,"featured_media":0,"parent":2086,"menu_order":0,"comment_status":"closed","ping_status":"closed","template":"","meta":{"footnotes":""},"class_list":["post-2089","page","type-page","status-publish","hentry"],"_links":{"self":[{"href":"https:\/\/talkwoot.com\/pt-pt\/wp-json\/wp\/v2\/pages\/2089","targetHints":{"allow":["GET"]}}],"collection":[{"href":"https:\/\/talkwoot.com\/pt-pt\/wp-json\/wp\/v2\/pages"}],"about":[{"href":"https:\/\/talkwoot.com\/pt-pt\/wp-json\/wp\/v2\/types\/page"}],"author":[{"embeddable":true,"href":"https:\/\/talkwoot.com\/pt-pt\/wp-json\/wp\/v2\/users\/1"}],"replies":[{"embeddable":true,"href":"https:\/\/talkwoot.com\/pt-pt\/wp-json\/wp\/v2\/comments?post=2089"}],"version-history":[{"count":11,"href":"https:\/\/talkwoot.com\/pt-pt\/wp-json\/wp\/v2\/pages\/2089\/revisions"}],"predecessor-version":[{"id":2121,"href":"https:\/\/talkwoot.com\/pt-pt\/wp-json\/wp\/v2\/pages\/2089\/revisions\/2121"}],"up":[{"embeddable":true,"href":"https:\/\/talkwoot.com\/pt-pt\/wp-json\/wp\/v2\/pages\/2086"}],"wp:attachment":[{"href":"https:\/\/talkwoot.com\/pt-pt\/wp-json\/wp\/v2\/media?parent=2089"}],"curies":[{"name":"wp","href":"https:\/\/api.w.org\/{rel}","templated":true}]}}