{"id":2091,"date":"2025-10-16T13:13:20","date_gmt":"2025-10-16T16:13:20","guid":{"rendered":"https:\/\/talkwoot.com\/integracoes\/webhook\/"},"modified":"2025-10-25T11:46:21","modified_gmt":"2025-10-25T14:46:21","slug":"webhook","status":"publish","type":"page","link":"https:\/\/talkwoot.com\/pt-pt\/integracoes\/webhook\/","title":{"rendered":"WebHook"},"content":{"rendered":"\t\t<div data-elementor-type=\"wp-page\" data-elementor-id=\"2091\" class=\"elementor elementor-2091 elementor-1742\">\n\t\t\t\t<div class=\"elementor-element elementor-element-301d615 e-flex e-con-boxed e-con e-parent\" data-id=\"301d615\" data-element_type=\"container\" data-e-type=\"container\" data-settings=\"{&quot;background_background&quot;:&quot;classic&quot;}\">\n\t\t\t\t\t<div class=\"e-con-inner\">\n\t\t<div class=\"elementor-element elementor-element-aeba228 e-con-full e-flex e-con e-child\" data-id=\"aeba228\" data-element_type=\"container\" data-e-type=\"container\">\n\t\t\t\t<div class=\"elementor-element elementor-element-2ef0613 elementor-invisible elementor-widget elementor-widget-sasi-breadcrumbs\" data-id=\"2ef0613\" data-element_type=\"widget\" data-e-type=\"widget\" data-settings=\"{&quot;_animation&quot;:&quot;fadeInUp&quot;}\" data-widget_type=\"sasi-breadcrumbs.default\">\n\t\t\t\t<div class=\"elementor-widget-container\">\n\t\t\t\t\t<ul id=\"sasi-breadcrumbs\" class=\"sasi-breadcrumbs none-style\"><li><a href=\"https:\/\/talkwoot.com\/pt-pt\/\">Home<\/a><\/li><\/ul>    \r\n        \t\t\t\t<\/div>\n\t\t\t\t<\/div>\n\t\t\t\t<div class=\"elementor-element elementor-element-34ebed8 elementor-widget__width-inherit elementor-invisible elementor-widget elementor-widget-sasi-heading\" data-id=\"34ebed8\" data-element_type=\"widget\" data-e-type=\"widget\" data-settings=\"{&quot;_animation&quot;:&quot;fadeInUp&quot;,&quot;_animation_delay&quot;:200}\" data-widget_type=\"sasi-heading.default\">\n\t\t\t\t<div class=\"elementor-widget-container\">\n\t\t\t\t\t\t\t<div class=\"sasi-heading\">\r\n\t        \t        <h2 class=\"sasi-heading__title\"><span class=\"text-green\">WebHook<\/span> <\/br>Integra\u00e7\u00e3o com TalkWoot<\/h2>\t    <\/div>\r\n\t    \t\t\t\t<\/div>\n\t\t\t\t<\/div>\n\t\t\t\t<\/div>\n\t\t\t\t\t<\/div>\n\t\t\t\t<\/div>\n\t\t<div class=\"elementor-element elementor-element-85f9757 e-flex e-con-boxed e-con e-parent\" data-id=\"85f9757\" data-element_type=\"container\" data-e-type=\"container\">\n\t\t\t\t\t<div class=\"e-con-inner\">\n\t\t<div class=\"elementor-element elementor-element-5616065 e-con-full sticky-container e-flex e-con e-child\" data-id=\"5616065\" data-element_type=\"container\" data-e-type=\"container\" data-settings=\"{&quot;background_background&quot;:&quot;classic&quot;}\">\n\t\t<div class=\"elementor-element elementor-element-ac00d32 e-con-full e-flex e-con e-child\" data-id=\"ac00d32\" data-element_type=\"container\" data-e-type=\"container\" data-settings=\"{&quot;background_background&quot;:&quot;gradient&quot;}\">\n\t\t\t\t<div class=\"elementor-element elementor-element-5a8030a elementor-widget elementor-widget-image\" data-id=\"5a8030a\" data-element_type=\"widget\" data-e-type=\"widget\" data-widget_type=\"image.default\">\n\t\t\t\t\t\t\t\t\t\t\t\t\t\t\t<img decoding=\"async\" width=\"300\" height=\"84\" src=\"https:\/\/talkwoot.com\/wp-content\/uploads\/2025\/10\/webhook-300x84.png\" class=\"attachment-medium size-medium wp-image-2085\" alt=\"\" srcset=\"https:\/\/talkwoot.com\/wp-content\/uploads\/2025\/10\/webhook-300x84.png 300w, https:\/\/talkwoot.com\/wp-content\/uploads\/2025\/10\/webhook-768x214.png 768w, https:\/\/talkwoot.com\/wp-content\/uploads\/2025\/10\/webhook.png 999w\" sizes=\"(max-width: 300px) 100vw, 300px\" \/>\t\t\t\t\t\t\t\t\t\t\t\t\t\t\t<\/div>\n\t\t\t\t<\/div>\n\t\t<div class=\"elementor-element elementor-element-4026ff5 e-con-full e-flex e-con e-child\" data-id=\"4026ff5\" data-element_type=\"container\" data-e-type=\"container\">\n\t\t\t\t<div class=\"elementor-element elementor-element-c1d3267 elementor-widget elementor-widget-heading\" data-id=\"c1d3267\" data-element_type=\"widget\" data-e-type=\"widget\" data-widget_type=\"heading.default\">\n\t\t\t\t\t<h2 class=\"elementor-heading-title elementor-size-default\">Automa\u00e7\u00e3o em tempo real que liga as suas ferramentas, sincroniza os seus dados e envia atualiza\u00e7\u00f5es instant\u00e2neas pelo WhatsApp.<\/h2>\t\t\t\t<\/div>\n\t\t\t\t<div class=\"elementor-element elementor-element-8079120 elementor-align-center btn__full elementor-widget elementor-widget-sasi-button\" data-id=\"8079120\" data-element_type=\"widget\" data-e-type=\"widget\" data-widget_type=\"sasi-button.default\">\n\t\t\t\t<div class=\"elementor-widget-container\">\n\t\t\t\t\t\t\t\r\n\t\t<a href=\"https:\/\/mkt.wisewoot.com\/register\" class=\"sasi-btn sasi-btn-primary sasi-btn-icon sasi-btn-icon__right\" target=\"_blank\" rel=\"noopener\">\r\n\t\t\t<span class=\"sasi-text\">Teste gratuito de 14 dias<\/span> \r\n\t\t\t\t\t\t\t<span class=\"sasi-icon\">\r\n\t\t\t\t\t<svg xmlns=\"http:\/\/www.w3.org\/2000\/svg\" width=\"15\" height=\"14\" viewBox=\"0 0 15 14\" fill=\"none\"><path d=\"M6.84375 13.8125C6.96875 13.9688 7.21875 13.9688 7.375 13.8125L13.9062 7.28125C14.0625 7.125 14.0625 6.90625 13.9062 6.75L7.375 0.21875C7.21875 0.0625 6.96875 0.0625 6.84375 0.21875L6.21875 0.8125C6.0625 0.96875 6.0625 1.21875 6.21875 1.34375L11.0625 6.1875H0.375C0.1875 6.1875 0 6.375 0 6.5625V7.4375C0 7.65625 0.1875 7.8125 0.375 7.8125H11.0625L6.21875 12.6875C6.0625 12.8125 6.0625 13.0625 6.21875 13.2188L6.84375 13.8125Z\" fill=\"#0E0E0E\"><\/path><\/svg>\t\t\t\t<\/span>\r\n\t\t\t\t\t<\/a>\r\n\t    \r\n\t    \t\t\t\t<\/div>\n\t\t\t\t<\/div>\n\t\t\t\t<div class=\"elementor-element elementor-element-ed29857 elementor-align-center btn__full elementor-widget elementor-widget-sasi-button\" data-id=\"ed29857\" data-element_type=\"widget\" data-e-type=\"widget\" data-widget_type=\"sasi-button.default\">\n\t\t\t\t<div class=\"elementor-widget-container\">\n\t\t\t\t\t\t\t\r\n\t\t<a href=\"https:\/\/talkwoot.com\/pt-pt\/pricing\/\" class=\"sasi-btn sasi-btn-outline_2 sasi-btn-icon sasi-btn-icon__right\">\r\n\t\t\t<span class=\"sasi-text\">Comparar Planos<\/span> \r\n\t\t\t\t\t\t\t<span class=\"sasi-icon\">\r\n\t\t\t\t\t<svg xmlns=\"http:\/\/www.w3.org\/2000\/svg\" width=\"15\" height=\"14\" viewBox=\"0 0 15 14\" fill=\"none\"><path d=\"M6.84375 13.8125C6.96875 13.9688 7.21875 13.9688 7.375 13.8125L13.9062 7.28125C14.0625 7.125 14.0625 6.90625 13.9062 6.75L7.375 0.21875C7.21875 0.0625 6.96875 0.0625 6.84375 0.21875L6.21875 0.8125C6.0625 0.96875 6.0625 1.21875 6.21875 1.34375L11.0625 6.1875H0.375C0.1875 6.1875 0 6.375 0 6.5625V7.4375C0 7.65625 0.1875 7.8125 0.375 7.8125H11.0625L6.21875 12.6875C6.0625 12.8125 6.0625 13.0625 6.21875 13.2188L6.84375 13.8125Z\" fill=\"#0E0E0E\"><\/path><\/svg>\t\t\t\t<\/span>\r\n\t\t\t\t\t<\/a>\r\n\t    \r\n\t    \t\t\t\t<\/div>\n\t\t\t\t<\/div>\n\t\t\t\t<\/div>\n\t\t\t\t<\/div>\n\t\t<div class=\"elementor-element elementor-element-627c4af e-con-full e-flex e-con e-child\" data-id=\"627c4af\" data-element_type=\"container\" data-e-type=\"container\">\n\t\t\t\t<div class=\"elementor-element elementor-element-21bf9d6 elementor-widget elementor-widget-text-editor\" data-id=\"21bf9d6\" data-element_type=\"widget\" data-e-type=\"widget\" data-widget_type=\"text-editor.default\">\n\t\t\t\t\t\t\t\t\t<p data-start=\"0\" data-end=\"368\">A automa\u00e7\u00e3o \u00e9 a base da efici\u00eancia empresarial moderna \u2014 e o <strong data-start=\"61\" data-end=\"93\">Fluxo de Webhook do TalkWoot<\/strong> torna tudo simples.<br data-start=\"113\" data-end=\"116\" \/>Com esta funcionalidade, pode ligar o TalkWoot \u00e0s suas plataformas existentes (Shopify, WooCommerce, sistemas de CRM ou qualquer aplica\u00e7\u00e3o personalizada) e enviar automaticamente mensagens personalizadas via WhatsApp, com base em eventos em tempo real.<\/p><p data-start=\"370\" data-end=\"593\">Seja para confirma\u00e7\u00f5es de encomenda, atualiza\u00e7\u00f5es de envio, alertas de pagamento ou lembretes de agendamento \u2014 os <strong data-start=\"484\" data-end=\"508\">Webhooks do TalkWoot<\/strong> garantem que os seus clientes se mant\u00eam informados sem que precise de mover um dedo.<\/p>\t\t\t\t\t\t\t\t<\/div>\n\t\t\t\t<div class=\"elementor-element elementor-element-0f3af94 elementor-widget elementor-widget-heading\" data-id=\"0f3af94\" data-element_type=\"widget\" data-e-type=\"widget\" data-widget_type=\"heading.default\">\n\t\t\t\t\t<h2 class=\"elementor-heading-title elementor-size-default\">O que \u00e9 o Fluxo de Webhook do TalkWoot?\n<\/h2>\t\t\t\t<\/div>\n\t\t\t\t<div class=\"elementor-element elementor-element-5979f8e elementor-widget elementor-widget-text-editor\" data-id=\"5979f8e\" data-element_type=\"widget\" data-e-type=\"widget\" data-widget_type=\"text-editor.default\">\n\t\t\t\t\t\t\t\t\t<p data-start=\"600\" data-end=\"1042\">O Fluxo de Webhook \u00e9 uma funcionalidade de automa\u00e7\u00e3o que permite que sistemas externos comuniquem com o TalkWoot atrav\u00e9s de um URL de Callback de Webhook \u00fanico.<br data-start=\"806\" data-end=\"809\" \/>Sempre que ocorre um evento espec\u00edfico na sua plataforma externa \u2014 como uma nova encomenda, confirma\u00e7\u00e3o de pagamento ou carrinho abandonado \u2014 este aciona instantaneamente uma mensagem de WhatsApp para o cliente atrav\u00e9s do TalkWoot.<\/p><p data-start=\"1044\" data-end=\"1199\">Isto cria um fluxo de dados cont\u00ednuo entre os seus sistemas e os seus clientes, eliminando a interven\u00e7\u00e3o manual e aumentando o envolvimento e a satisfa\u00e7\u00e3o.<\/p>\t\t\t\t\t\t\t\t<\/div>\n\t\t\t\t<div class=\"elementor-element elementor-element-407e144 elementor-widget elementor-widget-heading\" data-id=\"407e144\" data-element_type=\"widget\" data-e-type=\"widget\" data-widget_type=\"heading.default\">\n\t\t\t\t\t<h2 class=\"elementor-heading-title elementor-size-default\">Como Utilizar o Fluxo de Webhook<\/h2>\t\t\t\t<\/div>\n\t\t\t\t<div class=\"elementor-element elementor-element-6e5a3a0 elementor-widget elementor-widget-text-editor\" data-id=\"6e5a3a0\" data-element_type=\"widget\" data-e-type=\"widget\" data-widget_type=\"text-editor.default\">\n\t\t\t\t\t\t\t\t\t<p data-start=\"1244\" data-end=\"1279\"><strong data-start=\"1244\" data-end=\"1277\">1. Criar um Fluxo de Trabalho<\/strong><\/p><ul data-start=\"1280\" data-end=\"1550\"><li data-start=\"1280\" data-end=\"1325\"><p data-start=\"1282\" data-end=\"1325\">Inicie sess\u00e3o no seu <strong data-start=\"1303\" data-end=\"1322\">Painel TalkWoot<\/strong>.<\/p><\/li><li data-start=\"1326\" data-end=\"1369\"><p data-start=\"1328\" data-end=\"1369\">V\u00e1 a <strong data-start=\"1333\" data-end=\"1366\">Automa\u00e7\u00f5es \u2192 Fluxo de Webhook<\/strong>.<\/p><\/li><li data-start=\"1370\" data-end=\"1478\"><p data-start=\"1372\" data-end=\"1478\">Clique em <strong data-start=\"1382\" data-end=\"1416\">\u201cCriar Novo Fluxo de Trabalho\u201d<\/strong> e d\u00ea-lhe um nome (ex.: Notifica\u00e7\u00f5es de Encomendas Shopify).<\/p><\/li><li data-start=\"1479\" data-end=\"1550\"><p data-start=\"1481\" data-end=\"1550\">Selecione a conta de WhatsApp que enviar\u00e1 as mensagens autom\u00e1ticas.<\/p><\/li><\/ul><p data-start=\"1552\" data-end=\"1764\"><strong data-start=\"1552\" data-end=\"1593\">2. Gerar o URL de Callback do Webhook<\/strong><br data-start=\"1593\" data-end=\"1596\" \/>Ap\u00f3s criar o fluxo, o TalkWoot gera automaticamente um <strong data-start=\"1651\" data-end=\"1681\">URL de Callback de Webhook<\/strong> \u00fanico.<br data-start=\"1688\" data-end=\"1691\" \/>Copie este URL \u2014 vai precisar dele para ligar a sua plataforma externa.<\/p><p data-start=\"1766\" data-end=\"1806\"><strong data-start=\"1766\" data-end=\"1804\">3. Configurar a Plataforma Externa<\/strong><\/p><ul data-start=\"1807\" data-end=\"2129\"><li data-start=\"1807\" data-end=\"1913\"><p data-start=\"1809\" data-end=\"1913\">Aceda \u00e0s defini\u00e7\u00f5es de webhook ou automa\u00e7\u00e3o da sua plataforma (ex.: Shopify, WooCommerce, CRM ou ERP).<\/p><\/li><li data-start=\"1914\" data-end=\"2065\"><p data-start=\"1916\" data-end=\"2065\">Cole o <strong data-start=\"1923\" data-end=\"1953\">URL de Webhook do TalkWoot<\/strong> no campo de notifica\u00e7\u00e3o do evento (por exemplo: encomenda criada, pagamento confirmado, carrinho abandonado).<\/p><\/li><li data-start=\"2066\" data-end=\"2129\"><p data-start=\"2068\" data-end=\"2129\">Guarde a configura\u00e7\u00e3o \u2014 os sistemas ficam agora conectados.<\/p><\/li><\/ul><p data-start=\"2131\" data-end=\"2388\"><strong data-start=\"2131\" data-end=\"2163\">4. Mapear os Dados Recebidos<\/strong><br data-start=\"2163\" data-end=\"2166\" \/>Dentro do TalkWoot, abra a sec\u00e7\u00e3o <strong data-start=\"2200\" data-end=\"2226\">Mapeamento de Resposta<\/strong>.<br data-start=\"2227\" data-end=\"2230\" \/>Aqui, define como os dados da sua plataforma (como ID da encomenda, nome do cliente ou valor total) ser\u00e3o associados \u00e0s vari\u00e1veis das mensagens do TalkWoot.<\/p><p data-start=\"2390\" data-end=\"2507\">Isto garante que os seus modelos de mensagens WhatsApp recebem automaticamente os dados certos nos locais corretos.<\/p><p data-start=\"2509\" data-end=\"2651\"><strong data-start=\"2509\" data-end=\"2550\">5. Usar o Formato de Dados (Opcional)<\/strong><br data-start=\"2550\" data-end=\"2553\" \/>Melhore a l\u00f3gica da sua automa\u00e7\u00e3o com o <strong data-start=\"2593\" data-end=\"2616\">Formatador de Dados<\/strong> incorporado do TalkWoot.<br data-start=\"2641\" data-end=\"2644\" \/>Pode:<\/p><ul data-start=\"2652\" data-end=\"2816\"><li data-start=\"2652\" data-end=\"2711\"><p data-start=\"2654\" data-end=\"2711\">Unir v\u00e1rios nomes de produtos numa \u00fanica linha leg\u00edvel.<\/p><\/li><li data-start=\"2712\" data-end=\"2766\"><p data-start=\"2714\" data-end=\"2766\">Formatar datas de entrega ou n\u00fameros de encomenda.<\/p><\/li><li data-start=\"2767\" data-end=\"2816\"><p data-start=\"2769\" data-end=\"2816\">Calcular totais ou descontos antes de enviar.<\/p><\/li><\/ul><p data-start=\"2818\" data-end=\"2939\">Este passo garante que as suas mensagens s\u00e3o n\u00e3o s\u00f3 autom\u00e1ticas \u2014 mas tamb\u00e9m inteligentes e contextualmente relevantes.<\/p><p data-start=\"2941\" data-end=\"2995\"><strong data-start=\"2941\" data-end=\"2993\">6. Criar e Associar Modelos de Mensagem WhatsApp<\/strong><\/p><ul data-start=\"2996\" data-end=\"3381\"><li data-start=\"2996\" data-end=\"3052\"><p data-start=\"2998\" data-end=\"3052\">V\u00e1 a <strong data-start=\"3003\" data-end=\"3037\">WhatsApp \u2192 Modelos de Mensagem<\/strong> no TalkWoot.<\/p><\/li><li data-start=\"3053\" data-end=\"3235\"><p data-start=\"3055\" data-end=\"3235\">Crie ou importe um modelo aprovado pelo <strong data-start=\"3095\" data-end=\"3116\">WhatsApp Business<\/strong> (por exemplo:<br data-start=\"3130\" data-end=\"3133\" \/>\u201cOl\u00e1 {{1}}, a sua encomenda #{{2}} foi confirmada. Total: {{3}}. Obrigado por comprar connosco!\u201d).<\/p><\/li><li data-start=\"3236\" data-end=\"3303\"><p data-start=\"3238\" data-end=\"3303\">Depois da aprova\u00e7\u00e3o, associe o modelo ao seu fluxo de trabalho.<\/p><\/li><li data-start=\"3304\" data-end=\"3381\"><p data-start=\"3306\" data-end=\"3381\">Fa\u00e7a corresponder as vari\u00e1veis da mensagem aos dados mapeados do webhook.<\/p><\/li><\/ul><p data-start=\"3383\" data-end=\"3666\"><strong data-start=\"3383\" data-end=\"3405\">7. Testar e Ativar<\/strong><br data-start=\"3405\" data-end=\"3408\" \/>Execute um evento de teste a partir da sua plataforma externa para garantir que tudo funciona corretamente.<br data-start=\"3515\" data-end=\"3518\" \/>Verifique se o TalkWoot recebe, processa e envia a mensagem como esperado.<br data-start=\"3592\" data-end=\"3595\" \/>Depois de confirmado \u2014 ative o fluxo e deixe a automa\u00e7\u00e3o fazer o resto.<\/p>\t\t\t\t\t\t\t\t<\/div>\n\t\t\t\t<div class=\"elementor-element elementor-element-eb5058b elementor-widget elementor-widget-heading\" data-id=\"eb5058b\" data-element_type=\"widget\" data-e-type=\"widget\" data-widget_type=\"heading.default\">\n\t\t\t\t\t<h2 class=\"elementor-heading-title elementor-size-default\">Casos de Uso Populares do Fluxo de Webhook<\/h2>\t\t\t\t<\/div>\n\t\t\t\t<div class=\"elementor-element elementor-element-e71faf4 elementor-widget elementor-widget-text-editor\" data-id=\"e71faf4\" data-element_type=\"widget\" data-e-type=\"widget\" data-widget_type=\"text-editor.default\">\n\t\t\t\t\t\t\t\t\t<p data-start=\"3721\" data-end=\"3810\"><strong data-start=\"3721\" data-end=\"3754\">1. Notifica\u00e7\u00f5es de Encomendas<\/strong><br data-start=\"3754\" data-end=\"3757\" \/>Envie atualiza\u00e7\u00f5es instant\u00e2neas no WhatsApp quando:<\/p><ul data-start=\"3811\" data-end=\"3982\"><li data-start=\"3811\" data-end=\"3842\"><p data-start=\"3813\" data-end=\"3842\">\u00c9 feita uma nova encomenda;<\/p><\/li><li data-start=\"3843\" data-end=\"3867\"><p data-start=\"3845\" data-end=\"3867\">Um artigo \u00e9 enviado;<\/p><\/li><li data-start=\"3868\" data-end=\"3982\"><p data-start=\"3870\" data-end=\"3982\">A entrega \u00e9 confirmada.<br data-start=\"3893\" data-end=\"3896\" \/>Mantenha os clientes informados e elimine as mensagens \u201cOnde est\u00e1 a minha encomenda?\u201d.<\/p><\/li><\/ul><p data-start=\"3984\" data-end=\"4200\"><strong data-start=\"3984\" data-end=\"4027\">2. Recupera\u00e7\u00e3o de Carrinhos Abandonados<\/strong><br data-start=\"4027\" data-end=\"4030\" \/>Volte a envolver clientes que deixaram artigos no carrinho.<br data-start=\"4089\" data-end=\"4092\" \/>Envie lembretes personalizados pelo WhatsApp com detalhes e ofertas para aumentar as taxas de recupera\u00e7\u00e3o.<\/p><p data-start=\"4202\" data-end=\"4370\"><strong data-start=\"4202\" data-end=\"4234\">3. Confirma\u00e7\u00f5es de Pagamento<\/strong><br data-start=\"4234\" data-end=\"4237\" \/>Notifique os clientes assim que o pagamento for processado.<br data-start=\"4296\" data-end=\"4299\" \/>Isto gera confian\u00e7a, reduz disputas e oferece tranquilidade imediata.<\/p><p data-start=\"4372\" data-end=\"4543\"><strong data-start=\"4372\" data-end=\"4415\">4. Marca\u00e7\u00f5es e Atualiza\u00e7\u00f5es de Servi\u00e7os<\/strong><br data-start=\"4415\" data-end=\"4418\" \/>Ideal para empresas de servi\u00e7os \u2014 confirme, reagende ou lembre automaticamente os clientes das suas marca\u00e7\u00f5es via WhatsApp.<\/p>\t\t\t\t\t\t\t\t<\/div>\n\t\t\t\t<div class=\"elementor-element elementor-element-c5102d2 elementor-widget elementor-widget-heading\" data-id=\"c5102d2\" data-element_type=\"widget\" data-e-type=\"widget\" data-widget_type=\"heading.default\">\n\t\t\t\t\t<h2 class=\"elementor-heading-title elementor-size-default\">Porque as Empresas Adoram os Webhooks do TalkWoot<\/h2>\t\t\t\t<\/div>\n\t\t\t\t<div class=\"elementor-element elementor-element-9ea3a69 elementor-widget elementor-widget-text-editor\" data-id=\"9ea3a69\" data-element_type=\"widget\" data-e-type=\"widget\" data-widget_type=\"text-editor.default\">\n\t\t\t\t\t\t\t\t\t<ul><li data-start=\"4606\" data-end=\"4683\"><p data-start=\"4608\" data-end=\"4683\"><strong data-start=\"4608\" data-end=\"4634\">Automa\u00e7\u00e3o Simplificada<\/strong> \u2014 Configure uma vez e o sistema funciona 24\/7.<\/p><\/li><li data-start=\"4684\" data-end=\"4788\"><p data-start=\"4686\" data-end=\"4788\"><strong data-start=\"4686\" data-end=\"4715\">Comunica\u00e7\u00e3o em Tempo Real<\/strong> \u2014 Envie mensagens instant\u00e2neas no WhatsApp assim que um evento ocorre.<\/p><\/li><li data-start=\"4789\" data-end=\"4892\"><p data-start=\"4791\" data-end=\"4892\"><strong data-start=\"4791\" data-end=\"4816\">Integra\u00e7\u00f5es Perfeitas<\/strong> \u2014 Funciona com Shopify, WooCommerce, CRMs ou qualquer plataforma com API.<\/p><\/li><li data-start=\"4893\" data-end=\"4981\"><p data-start=\"4895\" data-end=\"4981\"><strong data-start=\"4895\" data-end=\"4920\">L\u00f3gica Personaliz\u00e1vel<\/strong> \u2014 Mapeie, transforme e personalize os dados \u00e0 sua maneira.<\/p><\/li><li data-start=\"4982\" data-end=\"5089\"><p data-start=\"4984\" data-end=\"5089\"><strong data-start=\"4984\" data-end=\"5020\">Experi\u00eancia do Cliente Melhorada<\/strong> \u2014 Mantenha os clientes informados em cada etapa \u2014 automaticamente.<\/p><\/li><li>\u00a0<\/li><\/ul>\t\t\t\t\t\t\t\t<\/div>\n\t\t\t\t<div class=\"elementor-element elementor-element-b9ffe8a elementor-widget elementor-widget-heading\" data-id=\"b9ffe8a\" data-element_type=\"widget\" data-e-type=\"widget\" data-widget_type=\"heading.default\">\n\t\t\t\t\t<h2 class=\"elementor-heading-title elementor-size-default\">Transforme Dados em Conversas<\/h2>\t\t\t\t<\/div>\n\t\t\t\t<div class=\"elementor-element elementor-element-b336697 elementor-widget elementor-widget-text-editor\" data-id=\"b336697\" data-element_type=\"widget\" data-e-type=\"widget\" data-widget_type=\"text-editor.default\">\n\t\t\t\t\t\t\t\t\t<p data-start=\"5096\" data-end=\"5312\">Converta cada evento do sistema num ponto de contacto com o cliente.<br data-start=\"5200\" data-end=\"5203\" \/>Com o <strong data-start=\"5209\" data-end=\"5241\">Fluxo de Webhook do TalkWoot<\/strong>, o seu neg\u00f3cio torna-se mais conectado, \u00e1gil e eficiente do que nunca.<\/p><p data-start=\"5314\" data-end=\"5417\">\u26a1 <strong data-start=\"5316\" data-end=\"5417\">Sem necessidade de c\u00f3digo | Compat\u00edvel com qualquer plataforma | Automa\u00e7\u00e3o WhatsApp em tempo real<\/strong><\/p><p data-start=\"5419\" data-end=\"5474\" data-is-last-node=\"\" data-is-only-node=\"\"><strong data-start=\"5419\" data-end=\"5474\" data-is-last-node=\"\">TalkWoot \u2014 onde cada a\u00e7\u00e3o desencadeia uma conversa.<\/strong><\/p>\t\t\t\t\t\t\t\t<\/div>\n\t\t\t\t<\/div>\n\t\t\t\t\t<\/div>\n\t\t\t\t<\/div>\n\t\t\t\t<\/div>\n\t\t","protected":false},"excerpt":{"rendered":"<p>Home WebHook Integra\u00e7\u00e3o com TalkWoot Automa\u00e7\u00e3o em tempo real que liga as suas ferramentas, sincroniza os seus dados e envia atualiza\u00e7\u00f5es instant\u00e2neas pelo WhatsApp. Teste gratuito de 14 dias Comparar Planos A automa\u00e7\u00e3o \u00e9 a base da efici\u00eancia empresarial moderna \u2014 e o Fluxo de Webhook do TalkWoot torna tudo simples.Com esta funcionalidade, pode ligar [&hellip;]<\/p>\n","protected":false},"author":1,"featured_media":0,"parent":2086,"menu_order":0,"comment_status":"closed","ping_status":"closed","template":"","meta":{"footnotes":""},"class_list":["post-2091","page","type-page","status-publish","hentry"],"_links":{"self":[{"href":"https:\/\/talkwoot.com\/pt-pt\/wp-json\/wp\/v2\/pages\/2091","targetHints":{"allow":["GET"]}}],"collection":[{"href":"https:\/\/talkwoot.com\/pt-pt\/wp-json\/wp\/v2\/pages"}],"about":[{"href":"https:\/\/talkwoot.com\/pt-pt\/wp-json\/wp\/v2\/types\/page"}],"author":[{"embeddable":true,"href":"https:\/\/talkwoot.com\/pt-pt\/wp-json\/wp\/v2\/users\/1"}],"replies":[{"embeddable":true,"href":"https:\/\/talkwoot.com\/pt-pt\/wp-json\/wp\/v2\/comments?post=2091"}],"version-history":[{"count":8,"href":"https:\/\/talkwoot.com\/pt-pt\/wp-json\/wp\/v2\/pages\/2091\/revisions"}],"predecessor-version":[{"id":2113,"href":"https:\/\/talkwoot.com\/pt-pt\/wp-json\/wp\/v2\/pages\/2091\/revisions\/2113"}],"up":[{"embeddable":true,"href":"https:\/\/talkwoot.com\/pt-pt\/wp-json\/wp\/v2\/pages\/2086"}],"wp:attachment":[{"href":"https:\/\/talkwoot.com\/pt-pt\/wp-json\/wp\/v2\/media?parent=2091"}],"curies":[{"name":"wp","href":"https:\/\/api.w.org\/{rel}","templated":true}]}}