{"id":2093,"date":"2025-10-16T11:38:39","date_gmt":"2025-10-16T14:38:39","guid":{"rendered":"https:\/\/talkwoot.com\/integracoes\/woocommerce\/"},"modified":"2025-10-25T11:49:46","modified_gmt":"2025-10-25T14:49:46","slug":"woocommerce","status":"publish","type":"page","link":"https:\/\/talkwoot.com\/pt-pt\/integracoes\/woocommerce\/","title":{"rendered":"WooCommerce"},"content":{"rendered":"\t\t<div data-elementor-type=\"wp-page\" data-elementor-id=\"2093\" class=\"elementor elementor-2093 elementor-1698\">\n\t\t\t\t<div class=\"elementor-element elementor-element-301d615 e-flex e-con-boxed e-con e-parent\" data-id=\"301d615\" data-element_type=\"container\" data-e-type=\"container\" data-settings=\"{&quot;background_background&quot;:&quot;classic&quot;}\">\n\t\t\t\t\t<div class=\"e-con-inner\">\n\t\t<div class=\"elementor-element elementor-element-aeba228 e-con-full e-flex e-con e-child\" data-id=\"aeba228\" data-element_type=\"container\" data-e-type=\"container\">\n\t\t\t\t<div class=\"elementor-element elementor-element-2ef0613 elementor-invisible elementor-widget elementor-widget-sasi-breadcrumbs\" data-id=\"2ef0613\" data-element_type=\"widget\" data-e-type=\"widget\" data-settings=\"{&quot;_animation&quot;:&quot;fadeInUp&quot;}\" data-widget_type=\"sasi-breadcrumbs.default\">\n\t\t\t\t<div class=\"elementor-widget-container\">\n\t\t\t\t\t<ul id=\"sasi-breadcrumbs\" class=\"sasi-breadcrumbs none-style\"><li><a href=\"https:\/\/talkwoot.com\/pt-pt\/\">Home<\/a><\/li><\/ul>    \r\n        \t\t\t\t<\/div>\n\t\t\t\t<\/div>\n\t\t\t\t<div class=\"elementor-element elementor-element-34ebed8 elementor-widget__width-inherit elementor-invisible elementor-widget elementor-widget-sasi-heading\" data-id=\"34ebed8\" data-element_type=\"widget\" data-e-type=\"widget\" data-settings=\"{&quot;_animation&quot;:&quot;fadeInUp&quot;,&quot;_animation_delay&quot;:200}\" data-widget_type=\"sasi-heading.default\">\n\t\t\t\t<div class=\"elementor-widget-container\">\n\t\t\t\t\t\t\t<div class=\"sasi-heading\">\r\n\t        \t        <h2 class=\"sasi-heading__title\"><span class=\"text-green\">WooCommerce<\/span> <\/br>Integra\u00e7\u00e3o com TalkWoot<\/h2>\t    <\/div>\r\n\t    \t\t\t\t<\/div>\n\t\t\t\t<\/div>\n\t\t\t\t<\/div>\n\t\t\t\t\t<\/div>\n\t\t\t\t<\/div>\n\t\t<div class=\"elementor-element elementor-element-85f9757 e-flex e-con-boxed e-con e-parent\" data-id=\"85f9757\" data-element_type=\"container\" data-e-type=\"container\">\n\t\t\t\t\t<div class=\"e-con-inner\">\n\t\t<div class=\"elementor-element elementor-element-5616065 e-con-full sticky-container e-flex e-con e-child\" data-id=\"5616065\" data-element_type=\"container\" data-e-type=\"container\" data-settings=\"{&quot;background_background&quot;:&quot;classic&quot;}\">\n\t\t<div class=\"elementor-element elementor-element-ac00d32 e-con-full e-flex e-con e-child\" data-id=\"ac00d32\" data-element_type=\"container\" data-e-type=\"container\" data-settings=\"{&quot;background_background&quot;:&quot;gradient&quot;}\">\n\t\t\t\t<div class=\"elementor-element elementor-element-5a8030a elementor-widget elementor-widget-image\" data-id=\"5a8030a\" data-element_type=\"widget\" data-e-type=\"widget\" data-widget_type=\"image.default\">\n\t\t\t\t\t\t\t\t\t\t\t\t\t\t\t<img decoding=\"async\" width=\"176\" height=\"104\" src=\"https:\/\/talkwoot.com\/wp-content\/uploads\/2025\/10\/woocommerce-logo.png\" class=\"attachment-medium size-medium wp-image-2083\" alt=\"\" \/>\t\t\t\t\t\t\t\t\t\t\t\t\t\t\t<\/div>\n\t\t\t\t<\/div>\n\t\t<div class=\"elementor-element elementor-element-4026ff5 e-con-full e-flex e-con e-child\" data-id=\"4026ff5\" data-element_type=\"container\" data-e-type=\"container\">\n\t\t\t\t<div class=\"elementor-element elementor-element-c1d3267 elementor-widget elementor-widget-heading\" data-id=\"c1d3267\" data-element_type=\"widget\" data-e-type=\"widget\" data-widget_type=\"heading.default\">\n\t\t\t\t\t<h2 class=\"elementor-heading-title elementor-size-default\">Automatize a comunica\u00e7\u00e3o do seu eCommerce e aumente as vendas atrav\u00e9s do WhatsApp.<\/h2>\t\t\t\t<\/div>\n\t\t\t\t<div class=\"elementor-element elementor-element-8079120 elementor-align-center btn__full elementor-widget elementor-widget-sasi-button\" data-id=\"8079120\" data-element_type=\"widget\" data-e-type=\"widget\" data-widget_type=\"sasi-button.default\">\n\t\t\t\t<div class=\"elementor-widget-container\">\n\t\t\t\t\t\t\t\r\n\t\t<a href=\"https:\/\/mkt.wisewoot.com\/register\" class=\"sasi-btn sasi-btn-primary sasi-btn-icon sasi-btn-icon__right\" target=\"_blank\" rel=\"noopener\">\r\n\t\t\t<span class=\"sasi-text\">Teste gratuito de 14 dias<\/span> \r\n\t\t\t\t\t\t\t<span class=\"sasi-icon\">\r\n\t\t\t\t\t<svg xmlns=\"http:\/\/www.w3.org\/2000\/svg\" width=\"15\" height=\"14\" viewBox=\"0 0 15 14\" fill=\"none\"><path d=\"M6.84375 13.8125C6.96875 13.9688 7.21875 13.9688 7.375 13.8125L13.9062 7.28125C14.0625 7.125 14.0625 6.90625 13.9062 6.75L7.375 0.21875C7.21875 0.0625 6.96875 0.0625 6.84375 0.21875L6.21875 0.8125C6.0625 0.96875 6.0625 1.21875 6.21875 1.34375L11.0625 6.1875H0.375C0.1875 6.1875 0 6.375 0 6.5625V7.4375C0 7.65625 0.1875 7.8125 0.375 7.8125H11.0625L6.21875 12.6875C6.0625 12.8125 6.0625 13.0625 6.21875 13.2188L6.84375 13.8125Z\" fill=\"#0E0E0E\"><\/path><\/svg>\t\t\t\t<\/span>\r\n\t\t\t\t\t<\/a>\r\n\t    \r\n\t    \t\t\t\t<\/div>\n\t\t\t\t<\/div>\n\t\t\t\t<div class=\"elementor-element elementor-element-ed29857 elementor-align-center btn__full elementor-widget elementor-widget-sasi-button\" data-id=\"ed29857\" data-element_type=\"widget\" data-e-type=\"widget\" data-widget_type=\"sasi-button.default\">\n\t\t\t\t<div class=\"elementor-widget-container\">\n\t\t\t\t\t\t\t\r\n\t\t<a href=\"https:\/\/talkwoot.com\/pricing\/\" class=\"sasi-btn sasi-btn-outline_2 sasi-btn-icon sasi-btn-icon__right\">\r\n\t\t\t<span class=\"sasi-text\">Comprar Planos<\/span> \r\n\t\t\t\t\t\t\t<span class=\"sasi-icon\">\r\n\t\t\t\t\t<svg xmlns=\"http:\/\/www.w3.org\/2000\/svg\" width=\"15\" height=\"14\" viewBox=\"0 0 15 14\" fill=\"none\"><path d=\"M6.84375 13.8125C6.96875 13.9688 7.21875 13.9688 7.375 13.8125L13.9062 7.28125C14.0625 7.125 14.0625 6.90625 13.9062 6.75L7.375 0.21875C7.21875 0.0625 6.96875 0.0625 6.84375 0.21875L6.21875 0.8125C6.0625 0.96875 6.0625 1.21875 6.21875 1.34375L11.0625 6.1875H0.375C0.1875 6.1875 0 6.375 0 6.5625V7.4375C0 7.65625 0.1875 7.8125 0.375 7.8125H11.0625L6.21875 12.6875C6.0625 12.8125 6.0625 13.0625 6.21875 13.2188L6.84375 13.8125Z\" fill=\"#0E0E0E\"><\/path><\/svg>\t\t\t\t<\/span>\r\n\t\t\t\t\t<\/a>\r\n\t    \r\n\t    \t\t\t\t<\/div>\n\t\t\t\t<\/div>\n\t\t\t\t<\/div>\n\t\t\t\t<\/div>\n\t\t<div class=\"elementor-element elementor-element-627c4af e-con-full e-flex e-con e-child\" data-id=\"627c4af\" data-element_type=\"container\" data-e-type=\"container\">\n\t\t\t\t<div class=\"elementor-element elementor-element-21bf9d6 elementor-widget elementor-widget-text-editor\" data-id=\"21bf9d6\" data-element_type=\"widget\" data-e-type=\"widget\" data-widget_type=\"text-editor.default\">\n\t\t\t\t\t\t\t\t\t<p>Integrar a sua loja WooCommerce com o TalkWoot transforma a forma como gere o seu neg\u00f3cio online, automatizando a comunica\u00e7\u00e3o com os clientes diretamente atrav\u00e9s do WhatsApp e de outros canais conectados.<br data-start=\"204\" data-end=\"207\" \/>Com esta integra\u00e7\u00e3o, pode enviar atualiza\u00e7\u00f5es de encomendas em tempo real, confirmar pedidos com pagamento na entrega (COD), recuperar carrinhos abandonados e at\u00e9 apresentar produtos dentro das conversas do WhatsApp \u2014 tudo a partir de um painel unificado.<\/p>\t\t\t\t\t\t\t\t<\/div>\n\t\t\t\t<div class=\"elementor-element elementor-element-0f3af94 elementor-widget elementor-widget-heading\" data-id=\"0f3af94\" data-element_type=\"widget\" data-e-type=\"widget\" data-widget_type=\"heading.default\">\n\t\t\t\t\t<h2 class=\"elementor-heading-title elementor-size-default\">Principais Funcionalidades da Integra\u00e7\u00e3o WooCommerce com o TalkWoot<\/h2>\t\t\t\t<\/div>\n\t\t\t\t<div class=\"elementor-element elementor-element-6e5a3a0 elementor-widget elementor-widget-text-editor\" data-id=\"6e5a3a0\" data-element_type=\"widget\" data-e-type=\"widget\" data-widget_type=\"text-editor.default\">\n\t\t\t\t\t\t\t\t\t<p data-start=\"545\" data-end=\"596\"><strong data-start=\"549\" data-end=\"594\">1. Notifica\u00e7\u00f5es Autom\u00e1ticas de Encomendas<\/strong><\/p><p data-start=\"597\" data-end=\"849\">Mantenha os seus clientes informados em todas as etapas da jornada de compra.<br data-start=\"674\" data-end=\"677\" \/>Envie confirma\u00e7\u00f5es autom\u00e1ticas de encomenda, atualiza\u00e7\u00f5es de envio e notifica\u00e7\u00f5es de entrega atrav\u00e9s do WhatsApp, garantindo uma comunica\u00e7\u00e3o r\u00e1pida, fi\u00e1vel e personalizada.<\/p><p data-start=\"851\" data-end=\"905\"><strong data-start=\"855\" data-end=\"903\">2. Verifica\u00e7\u00e3o de Pagamento na Entrega (COD)<\/strong><\/p><p data-start=\"906\" data-end=\"1130\">Reduza fraudes e o esfor\u00e7o manual ao automatizar as mensagens de verifica\u00e7\u00e3o COD.<br data-start=\"987\" data-end=\"990\" \/>Os clientes recebem mensagens instant\u00e2neas para confirmar as suas encomendas, melhorando a precis\u00e3o das entregas e a efici\u00eancia operacional.<\/p><p data-start=\"1132\" data-end=\"1181\"><strong data-start=\"1136\" data-end=\"1179\">3. Recupera\u00e7\u00e3o de Carrinhos Abandonados<\/strong><\/p><p data-start=\"1182\" data-end=\"1446\">Traga de volta os clientes que n\u00e3o conclu\u00edram as suas compras.<br data-start=\"1244\" data-end=\"1247\" \/>Envie lembretes inteligentes via WhatsApp para os utilizadores que deixaram artigos no carrinho \u2014 incluindo detalhes dos produtos, fotos e at\u00e9 c\u00f3digos de desconto para aumentar as taxas de convers\u00e3o.<\/p><p data-start=\"1448\" data-end=\"1507\"><strong data-start=\"1452\" data-end=\"1505\">4. Exibi\u00e7\u00e3o de Produtos nas Conversas de WhatsApp<\/strong><\/p><p data-start=\"1508\" data-end=\"1742\">Apresente os seus produtos WooCommerce diretamente nas conversas.<br data-start=\"1573\" data-end=\"1576\" \/>Mostre cart\u00f5es de produtos interativos com imagens, nomes, pre\u00e7os e descri\u00e7\u00f5es, permitindo que os clientes explorem, fa\u00e7am perguntas e comprem \u2014 sem sair do WhatsApp.<\/p><p data-start=\"1744\" data-end=\"1773\"><strong data-start=\"1748\" data-end=\"1771\">5. Painel Unificado<\/strong><\/p><p data-start=\"1774\" data-end=\"2005\">Gira todas as conversas do WhatsApp, fluxos automatizados e atualiza\u00e7\u00f5es de encomendas num \u00fanico local.<br data-start=\"1877\" data-end=\"1880\" \/>Acompanhe mensagens, gatilhos e respostas atrav\u00e9s da interface intuitiva do TalkWoot, totalmente integrada com o WooCommerce.<\/p>\t\t\t\t\t\t\t\t<\/div>\n\t\t\t\t<div class=\"elementor-element elementor-element-eb5058b elementor-widget elementor-widget-heading\" data-id=\"eb5058b\" data-element_type=\"widget\" data-e-type=\"widget\" data-widget_type=\"heading.default\">\n\t\t\t\t\t<h2 class=\"elementor-heading-title elementor-size-default\">Como Integrar o WooCommerce com o TalkWoot\n<\/h2>\t\t\t\t<\/div>\n\t\t\t\t<div class=\"elementor-element elementor-element-e71faf4 elementor-widget elementor-widget-text-editor\" data-id=\"e71faf4\" data-element_type=\"widget\" data-e-type=\"widget\" data-widget_type=\"text-editor.default\">\n\t\t\t\t\t\t\t\t\t<p data-start=\"2063\" data-end=\"2118\"><strong data-start=\"2067\" data-end=\"2116\">Passo 1. Configurar a REST API do WooCommerce<\/strong><\/p><ol data-start=\"2119\" data-end=\"2461\"><li data-start=\"2119\" data-end=\"2162\"><p data-start=\"2122\" data-end=\"2162\">Inicie sess\u00e3o no <strong data-start=\"2139\" data-end=\"2159\">Painel WordPress<\/strong>.<\/p><\/li><li data-start=\"2163\" data-end=\"2224\"><p data-start=\"2166\" data-end=\"2224\">V\u00e1 a <strong data-start=\"2171\" data-end=\"2221\">WooCommerce \u2192 Defini\u00e7\u00f5es \u2192 Avan\u00e7ado \u2192 REST API<\/strong>.<\/p><\/li><li data-start=\"2225\" data-end=\"2352\"><p data-start=\"2228\" data-end=\"2352\">Clique em <strong data-start=\"2238\" data-end=\"2257\">Adicionar chave<\/strong>, introduza um nome, selecione um utilizador e defina as permiss\u00f5es como <strong data-start=\"2330\" data-end=\"2349\">Leitura\/Escrita<\/strong>.<\/p><\/li><li data-start=\"2353\" data-end=\"2461\"><p data-start=\"2356\" data-end=\"2461\">Gere a chave da API e guarde o <strong data-start=\"2387\" data-end=\"2403\">Consumer Key<\/strong> e o <strong data-start=\"2408\" data-end=\"2427\">Consumer Secret<\/strong> \u2014 vai precisar deles no TalkWoot.<\/p><\/li><\/ol><p data-start=\"2463\" data-end=\"2517\"><strong data-start=\"2467\" data-end=\"2515\">Passo 2. Configurar a Integra\u00e7\u00e3o no TalkWoot<\/strong><\/p><ol data-start=\"2518\" data-end=\"2884\"><li data-start=\"2518\" data-end=\"2550\"><p data-start=\"2521\" data-end=\"2550\">Abra o <strong data-start=\"2528\" data-end=\"2547\">Painel TalkWoot<\/strong>.<\/p><\/li><li data-start=\"2551\" data-end=\"2604\"><p data-start=\"2554\" data-end=\"2604\">V\u00e1 a <strong data-start=\"2559\" data-end=\"2601\">Integra\u00e7\u00f5es \u2192 E-Commerce \u2192 WooCommerce<\/strong>.<\/p><\/li><li data-start=\"2605\" data-end=\"2829\"><p data-start=\"2608\" data-end=\"2639\">Preencha os seguintes campos:<\/p><ul data-start=\"2643\" data-end=\"2829\"><li data-start=\"2643\" data-end=\"2703\"><p data-start=\"2645\" data-end=\"2703\"><strong data-start=\"2645\" data-end=\"2664\">Nome do Perfil:<\/strong> um nome para identificar a sua loja;<\/p><\/li><li data-start=\"2707\" data-end=\"2756\"><p data-start=\"2709\" data-end=\"2756\"><strong data-start=\"2709\" data-end=\"2725\">URL da Loja:<\/strong> o URL do seu site WordPress;<\/p><\/li><li data-start=\"2760\" data-end=\"2829\"><p data-start=\"2762\" data-end=\"2829\"><strong data-start=\"2762\" data-end=\"2788\">Consumer Key &amp; Secret:<\/strong> as credenciais geradas no WooCommerce.<\/p><\/li><\/ul><\/li><li data-start=\"2830\" data-end=\"2884\"><p data-start=\"2833\" data-end=\"2884\">Clique em <strong data-start=\"2843\" data-end=\"2854\">Guardar<\/strong> para concluir a configura\u00e7\u00e3o.<\/p><\/li><\/ol><p data-start=\"2886\" data-end=\"2930\"><strong data-start=\"2890\" data-end=\"2928\">Passo 3. Ativar Eventos de Webhook<\/strong><\/p><p data-start=\"2931\" data-end=\"3225\">Use os <strong data-start=\"2938\" data-end=\"2962\">Webhooks do TalkWoot<\/strong> para acionar automaticamente mensagens com base nos eventos do WooCommerce (por exemplo: encomenda criada, atualizada ou conclu\u00edda).<br data-start=\"3095\" data-end=\"3098\" \/>Isto permite \u00e0 plataforma enviar notifica\u00e7\u00f5es instant\u00e2neas via WhatsApp, confirma\u00e7\u00f5es COD e lembretes de carrinhos abandonados.<\/p><p data-start=\"3227\" data-end=\"3294\"><strong data-start=\"3231\" data-end=\"3292\">Passo 4. Configurar o Seguimento de Carrinhos Abandonados<\/strong><\/p><p data-start=\"3295\" data-end=\"3549\">Instale um <strong data-start=\"3306\" data-end=\"3367\">plugin de Webhook de Carrinho Abandonado para WooCommerce<\/strong> (ou semelhante).<br data-start=\"3384\" data-end=\"3387\" \/>Configure-o para capturar dados do carrinho e envi\u00e1-los ao TalkWoot, onde mensagens autom\u00e1ticas no WhatsApp podem ser disparadas para voltar a envolver o cliente.<\/p><p data-start=\"3551\" data-end=\"3598\"><strong data-start=\"3555\" data-end=\"3596\">Passo 5. Mostrar Produtos no WhatsApp<\/strong><\/p><p data-start=\"3599\" data-end=\"3831\">Aproveite a integra\u00e7\u00e3o via <strong data-start=\"3626\" data-end=\"3645\">API do TalkWoot<\/strong> para importar o cat\u00e1logo de produtos WooCommerce.<br data-start=\"3695\" data-end=\"3698\" \/>No construtor de fluxos do chatbot, configure modelos de mensagens interativas para exibir produtos dinamicamente dentro do WhatsApp.<\/p>\t\t\t\t\t\t\t\t<\/div>\n\t\t\t\t<div class=\"elementor-element elementor-element-c5102d2 elementor-widget elementor-widget-heading\" data-id=\"c5102d2\" data-element_type=\"widget\" data-e-type=\"widget\" data-widget_type=\"heading.default\">\n\t\t\t\t\t<h2 class=\"elementor-heading-title elementor-size-default\">Porque Integrar o WooCommerce com o TalkWoot?<\/h2>\t\t\t\t<\/div>\n\t\t\t\t<div class=\"elementor-element elementor-element-9ea3a69 elementor-widget elementor-widget-text-editor\" data-id=\"9ea3a69\" data-element_type=\"widget\" data-e-type=\"widget\" data-widget_type=\"text-editor.default\">\n\t\t\t\t\t\t\t\t\t<p data-start=\"3892\" data-end=\"3946\">Ao conectar a sua loja WooCommerce ao TalkWoot, ir\u00e1:<\/p><ul data-start=\"3948\" data-end=\"4275\"><li data-start=\"3948\" data-end=\"4020\"><p data-start=\"3950\" data-end=\"4020\">Melhorar a <strong data-start=\"3961\" data-end=\"3986\">satisfa\u00e7\u00e3o do cliente<\/strong> com atualiza\u00e7\u00f5es em tempo real;<\/p><\/li><li data-start=\"4021\" data-end=\"4096\"><p data-start=\"4023\" data-end=\"4096\"><strong data-start=\"4023\" data-end=\"4039\">Poupar tempo<\/strong> com mensagens automatizadas de encomendas e carrinhos;<\/p><\/li><li data-start=\"4097\" data-end=\"4146\"><p data-start=\"4099\" data-end=\"4146\"><strong data-start=\"4099\" data-end=\"4118\">Reduzir fraudes<\/strong> e falhas em entregas COD;<\/p><\/li><li data-start=\"4147\" data-end=\"4213\"><p data-start=\"4149\" data-end=\"4213\"><strong data-start=\"4149\" data-end=\"4171\">Aumentar as vendas<\/strong> atrav\u00e9s de reengajamento personalizado;<\/p><\/li><li data-start=\"4214\" data-end=\"4275\"><p data-start=\"4216\" data-end=\"4275\"><strong data-start=\"4216\" data-end=\"4230\">Gerir tudo<\/strong> a partir de um painel simples e intuitivo.<\/p><\/li><\/ul><article class=\"text-token-text-primary w-full focus:outline-none [--shadow-height:45px] has-data-writing-block:pointer-events-none has-data-writing-block:-mt-(--shadow-height) has-data-writing-block:pt-(--shadow-height) [&amp;:has([data-writing-block])&gt;*]:pointer-events-auto scroll-mt-[calc(var(--header-height)+min(200px,max(70px,20svh)))]\" dir=\"auto\" tabindex=\"-1\" data-turn-id=\"request-WEB:0d228f1d-28fa-420c-b1e0-2a7cf0def289-5\" data-testid=\"conversation-turn-12\" data-scroll-anchor=\"true\" data-turn=\"assistant\"><div class=\"text-base my-auto mx-auto pb-10 [--thread-content-margin:--spacing(4)] thread-sm:[--thread-content-margin:--spacing(6)] thread-lg:[--thread-content-margin:--spacing(16)] px-(--thread-content-margin)\"><div class=\"[--thread-content-max-width:40rem] thread-lg:[--thread-content-max-width:48rem] mx-auto max-w-(--thread-content-max-width) flex-1 group\/turn-messages focus-visible:outline-hidden relative flex w-full min-w-0 flex-col agent-turn\" tabindex=\"-1\"><div class=\"flex max-w-full flex-col grow\"><div class=\"min-h-8 text-message relative flex w-full flex-col items-end gap-2 text-start break-words whitespace-normal [.text-message+&amp;]:mt-1\" dir=\"auto\" data-message-author-role=\"assistant\" data-message-id=\"c94b0ddb-7787-44a0-b426-2236f0ecfe76\" data-message-model-slug=\"gpt-5\"><div class=\"flex w-full flex-col gap-1 empty:hidden first:pt-[1px]\"><div class=\"markdown prose dark:prose-invert w-full break-words light markdown-new-styling\"><p data-start=\"4282\" data-end=\"4343\" data-is-last-node=\"\" data-is-only-node=\"\"><strong data-start=\"4282\" data-end=\"4343\" data-is-last-node=\"\">TalkWoot \u2014 onde a automa\u00e7\u00e3o se transforma em conversa\u00e7\u00e3o.<\/strong><\/p><\/div><\/div><\/div><\/div><\/div><\/div><\/article>\t\t\t\t\t\t\t\t<\/div>\n\t\t\t\t<\/div>\n\t\t\t\t\t<\/div>\n\t\t\t\t<\/div>\n\t\t\t\t<\/div>\n\t\t","protected":false},"excerpt":{"rendered":"<p>Home WooCommerce Integra\u00e7\u00e3o com TalkWoot Automatize a comunica\u00e7\u00e3o do seu eCommerce e aumente as vendas atrav\u00e9s do WhatsApp. Teste gratuito de 14 dias Comprar Planos Integrar a sua loja WooCommerce com o TalkWoot transforma a forma como gere o seu neg\u00f3cio online, automatizando a comunica\u00e7\u00e3o com os clientes diretamente atrav\u00e9s do WhatsApp e de outros [&hellip;]<\/p>\n","protected":false},"author":1,"featured_media":0,"parent":2086,"menu_order":0,"comment_status":"closed","ping_status":"closed","template":"","meta":{"footnotes":""},"class_list":["post-2093","page","type-page","status-publish","hentry"],"_links":{"self":[{"href":"https:\/\/talkwoot.com\/pt-pt\/wp-json\/wp\/v2\/pages\/2093","targetHints":{"allow":["GET"]}}],"collection":[{"href":"https:\/\/talkwoot.com\/pt-pt\/wp-json\/wp\/v2\/pages"}],"about":[{"href":"https:\/\/talkwoot.com\/pt-pt\/wp-json\/wp\/v2\/types\/page"}],"author":[{"embeddable":true,"href":"https:\/\/talkwoot.com\/pt-pt\/wp-json\/wp\/v2\/users\/1"}],"replies":[{"embeddable":true,"href":"https:\/\/talkwoot.com\/pt-pt\/wp-json\/wp\/v2\/comments?post=2093"}],"version-history":[{"count":5,"href":"https:\/\/talkwoot.com\/pt-pt\/wp-json\/wp\/v2\/pages\/2093\/revisions"}],"predecessor-version":[{"id":2118,"href":"https:\/\/talkwoot.com\/pt-pt\/wp-json\/wp\/v2\/pages\/2093\/revisions\/2118"}],"up":[{"embeddable":true,"href":"https:\/\/talkwoot.com\/pt-pt\/wp-json\/wp\/v2\/pages\/2086"}],"wp:attachment":[{"href":"https:\/\/talkwoot.com\/pt-pt\/wp-json\/wp\/v2\/media?parent=2093"}],"curies":[{"name":"wp","href":"https:\/\/api.w.org\/{rel}","templated":true}]}}