{"id":2182,"date":"2025-10-13T17:03:53","date_gmt":"2025-10-13T20:03:53","guid":{"rendered":"https:\/\/talkwoot.com\/canais\/"},"modified":"2025-10-27T15:24:54","modified_gmt":"2025-10-27T18:24:54","slug":"canais","status":"publish","type":"page","link":"https:\/\/talkwoot.com\/pt-pt\/canais\/","title":{"rendered":"Canais"},"content":{"rendered":"\t\t<div data-elementor-type=\"wp-page\" data-elementor-id=\"2182\" class=\"elementor elementor-2182 elementor-1354\">\n\t\t\t\t<div class=\"elementor-element elementor-element-88d8860 e-flex e-con-boxed e-con e-parent\" data-id=\"88d8860\" data-element_type=\"container\" data-e-type=\"container\" data-settings=\"{&quot;background_background&quot;:&quot;classic&quot;}\">\n\t\t\t\t\t<div class=\"e-con-inner\">\n\t\t\t\t<div class=\"elementor-element elementor-element-d69ca1b elementor-widget elementor-widget-sasi-heading\" data-id=\"d69ca1b\" data-element_type=\"widget\" data-e-type=\"widget\" data-settings=\"{&quot;_animation&quot;:&quot;none&quot;}\" data-widget_type=\"sasi-heading.default\">\n\t\t\t\t<div class=\"elementor-widget-container\">\n\t\t\t\t\t\t\t<div class=\"sasi-heading\">\r\n\t        <span class=\"sasi-heading__sub\">Canais<\/span>\t        <h1 class=\"sasi-heading__title\">Ligue Todos os Canais,<\/br>Potencie Todas as Conversas<\/h1>\t    <\/div>\r\n\t    \t\t\t\t<\/div>\n\t\t\t\t<\/div>\n\t\t\t\t<div class=\"elementor-element elementor-element-43c7730 elementor-widget-divider--view-line elementor-widget elementor-widget-divider\" data-id=\"43c7730\" data-element_type=\"widget\" data-e-type=\"widget\" data-widget_type=\"divider.default\">\n\t\t\t\t\t\t\t<div class=\"elementor-divider\">\n\t\t\t<span class=\"elementor-divider-separator\">\n\t\t\t\t\t\t<\/span>\n\t\t<\/div>\n\t\t\t\t\t\t<\/div>\n\t\t\t\t<div class=\"elementor-element elementor-element-cccaf84 elementor-widget elementor-widget-text-editor\" data-id=\"cccaf84\" data-element_type=\"widget\" data-e-type=\"widget\" data-settings=\"{&quot;_animation&quot;:&quot;none&quot;,&quot;_animation_delay&quot;:200}\" data-widget_type=\"text-editor.default\">\n\t\t\t\t\t\t\t\t\t<p>Unifique o WhatsApp, Instagram, Facebook Messenger, Telegram e Web Chat numa \u00fanica caixa de entrada inteligente.<br data-start=\"483\" data-end=\"486\">Automatize mensagens, aumente o envolvimento e expanda o seu neg\u00f3cio em todos os pontos de contacto \u2014 tudo a partir de uma \u00fanica plataforma.<\/p>\t\t\t\t\t\t\t\t<\/div>\n\t\t\t\t\t<\/div>\n\t\t\t\t<\/div>\n\t\t<div class=\"elementor-element elementor-element-7f7bc8c e-flex e-con-boxed e-con e-parent\" data-id=\"7f7bc8c\" data-element_type=\"container\" data-e-type=\"container\">\n\t\t\t\t\t<div class=\"e-con-inner\">\n\t\t<div class=\"elementor-element elementor-element-2ce7238 e-con-full e-flex e-con e-child\" data-id=\"2ce7238\" data-element_type=\"container\" data-e-type=\"container\">\n\t\t\t\t<div class=\"elementor-element elementor-element-3a3236c elementor-view-framed elementor-shape-rounded elementor-widget__width-inherit elementor-position-block-start elementor-mobile-position-block-start elementor-widget elementor-widget-icon-box\" data-id=\"3a3236c\" data-element_type=\"widget\" data-e-type=\"widget\" data-widget_type=\"icon-box.default\">\n\t\t\t\t\t\t\t<div class=\"elementor-icon-box-wrapper\">\n\n\t\t\t\t\t\t<div class=\"elementor-icon-box-icon\">\n\t\t\t\t<a href=\"https:\/\/talkwoot.com\/pt-pt\/canais\/whatsapp\/\" class=\"elementor-icon\" tabindex=\"-1\" aria-label=\"WhatsApp que Vende Enquanto Dorme\">\n\t\t\t\t<svg aria-hidden=\"true\" class=\"e-font-icon-svg e-fab-whatsapp\" viewBox=\"0 0 448 512\" xmlns=\"http:\/\/www.w3.org\/2000\/svg\"><path d=\"M380.9 97.1C339 55.1 283.2 32 223.9 32c-122.4 0-222 99.6-222 222 0 39.1 10.2 77.3 29.6 111L0 480l117.7-30.9c32.4 17.7 68.9 27 106.1 27h.1c122.3 0 224.1-99.6 224.1-222 0-59.3-25.2-115-67.1-157zm-157 341.6c-33.2 0-65.7-8.9-94-25.7l-6.7-4-69.8 18.3L72 359.2l-4.4-7c-18.5-29.4-28.2-63.3-28.2-98.2 0-101.7 82.8-184.5 184.6-184.5 49.3 0 95.6 19.2 130.4 54.1 34.8 34.9 56.2 81.2 56.1 130.5 0 101.8-84.9 184.6-186.6 184.6zm101.2-138.2c-5.5-2.8-32.8-16.2-37.9-18-5.1-1.9-8.8-2.8-12.5 2.8-3.7 5.6-14.3 18-17.6 21.8-3.2 3.7-6.5 4.2-12 1.4-32.6-16.3-54-29.1-75.5-66-5.7-9.8 5.7-9.1 16.3-30.3 1.8-3.7.9-6.9-.5-9.7-1.4-2.8-12.5-30.1-17.1-41.2-4.5-10.8-9.1-9.3-12.5-9.5-3.2-.2-6.9-.2-10.6-.2-3.7 0-9.7 1.4-14.8 6.9-5.1 5.6-19.4 19-19.4 46.3 0 27.3 19.9 53.7 22.6 57.4 2.8 3.7 39.1 59.7 94.8 83.8 35.2 15.2 49 16.5 66.6 13.9 10.7-1.6 32.8-13.4 37.4-26.4 4.6-13 4.6-24.1 3.2-26.4-1.3-2.5-5-3.9-10.5-6.6z\"><\/path><\/svg>\t\t\t\t<\/a>\n\t\t\t<\/div>\n\t\t\t\n\t\t\t\t\t\t<div class=\"elementor-icon-box-content\">\n\n\t\t\t\t\t\t\t\t\t<h2 class=\"elementor-icon-box-title\">\n\t\t\t\t\t\t<a href=\"https:\/\/talkwoot.com\/pt-pt\/canais\/whatsapp\/\" >\n\t\t\t\t\t\t\tWhatsApp que Vende Enquanto Dorme\t\t\t\t\t\t<\/a>\n\t\t\t\t\t<\/h2>\n\t\t\t\t\n\t\t\t\t\t\t\t\t\t<p class=\"elementor-icon-box-description\">\n\t\t\t\t\t\tAutomatize as suas vendas, marketing e suporte no WhatsApp Business.\nCrie fluxos, envie campanhas e ofere\u00e7a um servi\u00e7o 24\/7 com IA \u2014 tudo no WhatsApp, num s\u00f3 lugar.\t\t\t\t\t<\/p>\n\t\t\t\t\n\t\t\t<\/div>\n\t\t\t\n\t\t<\/div>\n\t\t\t\t\t\t<\/div>\n\t\t\t\t<div class=\"elementor-element elementor-element-c4b3475 elementor-view-framed elementor-shape-rounded elementor-widget__width-inherit elementor-position-block-start elementor-mobile-position-block-start elementor-widget elementor-widget-icon-box\" data-id=\"c4b3475\" data-element_type=\"widget\" data-e-type=\"widget\" data-widget_type=\"icon-box.default\">\n\t\t\t\t\t\t\t<div class=\"elementor-icon-box-wrapper\">\n\n\t\t\t\t\t\t<div class=\"elementor-icon-box-icon\">\n\t\t\t\t<a href=\"https:\/\/talkwoot.com\/pt-pt\/canais\/instagram\/\" class=\"elementor-icon\" tabindex=\"-1\" aria-label=\"Instagram que Converte Seguidores em Clientes\">\n\t\t\t\t<svg aria-hidden=\"true\" class=\"e-font-icon-svg e-fab-instagram\" viewBox=\"0 0 448 512\" xmlns=\"http:\/\/www.w3.org\/2000\/svg\"><path d=\"M224.1 141c-63.6 0-114.9 51.3-114.9 114.9s51.3 114.9 114.9 114.9S339 319.5 339 255.9 287.7 141 224.1 141zm0 189.6c-41.1 0-74.7-33.5-74.7-74.7s33.5-74.7 74.7-74.7 74.7 33.5 74.7 74.7-33.6 74.7-74.7 74.7zm146.4-194.3c0 14.9-12 26.8-26.8 26.8-14.9 0-26.8-12-26.8-26.8s12-26.8 26.8-26.8 26.8 12 26.8 26.8zm76.1 27.2c-1.7-35.9-9.9-67.7-36.2-93.9-26.2-26.2-58-34.4-93.9-36.2-37-2.1-147.9-2.1-184.9 0-35.8 1.7-67.6 9.9-93.9 36.1s-34.4 58-36.2 93.9c-2.1 37-2.1 147.9 0 184.9 1.7 35.9 9.9 67.7 36.2 93.9s58 34.4 93.9 36.2c37 2.1 147.9 2.1 184.9 0 35.9-1.7 67.7-9.9 93.9-36.2 26.2-26.2 34.4-58 36.2-93.9 2.1-37 2.1-147.8 0-184.8zM398.8 388c-7.8 19.6-22.9 34.7-42.6 42.6-29.5 11.7-99.5 9-132.1 9s-102.7 2.6-132.1-9c-19.6-7.8-34.7-22.9-42.6-42.6-11.7-29.5-9-99.5-9-132.1s-2.6-102.7 9-132.1c7.8-19.6 22.9-34.7 42.6-42.6 29.5-11.7 99.5-9 132.1-9s102.7-2.6 132.1 9c19.6 7.8 34.7 22.9 42.6 42.6 11.7 29.5 9 99.5 9 132.1s2.7 102.7-9 132.1z\"><\/path><\/svg>\t\t\t\t<\/a>\n\t\t\t<\/div>\n\t\t\t\n\t\t\t\t\t\t<div class=\"elementor-icon-box-content\">\n\n\t\t\t\t\t\t\t\t\t<h3 class=\"elementor-icon-box-title\">\n\t\t\t\t\t\t<a href=\"https:\/\/talkwoot.com\/pt-pt\/canais\/instagram\/\" >\n\t\t\t\t\t\t\tInstagram que Converte Seguidores em Clientes\t\t\t\t\t\t<\/a>\n\t\t\t\t\t<\/h3>\n\t\t\t\t\n\t\t\t\t\t\t\t\t\t<p class=\"elementor-icon-box-description\">\n\t\t\t\t\t\tResponda automaticamente a coment\u00e1rios, mensagens diretas e hist\u00f3rias. Capte leads, qualifique compradores e mantenha o envolvimento elevado com respostas personalizadas em tempo real.\t\t\t\t\t<\/p>\n\t\t\t\t\n\t\t\t<\/div>\n\t\t\t\n\t\t<\/div>\n\t\t\t\t\t\t<\/div>\n\t\t\t\t<div class=\"elementor-element elementor-element-241b546 elementor-view-framed elementor-shape-rounded elementor-widget__width-inherit elementor-position-block-start elementor-mobile-position-block-start elementor-widget elementor-widget-icon-box\" data-id=\"241b546\" data-element_type=\"widget\" data-e-type=\"widget\" data-widget_type=\"icon-box.default\">\n\t\t\t\t\t\t\t<div class=\"elementor-icon-box-wrapper\">\n\n\t\t\t\t\t\t<div class=\"elementor-icon-box-icon\">\n\t\t\t\t<a href=\"https:\/\/talkwoot.com\/pt-pt\/canais\/messenger\/\" class=\"elementor-icon\" tabindex=\"-1\" aria-label=\"Facebook Messenger que Impulsiona Conversas e Vendas\">\n\t\t\t\t<svg aria-hidden=\"true\" class=\"e-font-icon-svg e-fab-facebook-messenger\" viewBox=\"0 0 512 512\" xmlns=\"http:\/\/www.w3.org\/2000\/svg\"><path d=\"M256.55 8C116.52 8 8 110.34 8 248.57c0 72.3 29.71 134.78 78.07 177.94 8.35 7.51 6.63 11.86 8.05 58.23A19.92 19.92 0 0 0 122 502.31c52.91-23.3 53.59-25.14 62.56-22.7C337.85 521.8 504 423.7 504 248.57 504 110.34 396.59 8 256.55 8zm149.24 185.13l-73 115.57a37.37 37.37 0 0 1-53.91 9.93l-58.08-43.47a15 15 0 0 0-18 0l-78.37 59.44c-10.46 7.93-24.16-4.6-17.11-15.67l73-115.57a37.36 37.36 0 0 1 53.91-9.93l58.06 43.46a15 15 0 0 0 18 0l78.41-59.38c10.44-7.98 24.14 4.54 17.09 15.62z\"><\/path><\/svg>\t\t\t\t<\/a>\n\t\t\t<\/div>\n\t\t\t\n\t\t\t\t\t\t<div class=\"elementor-icon-box-content\">\n\n\t\t\t\t\t\t\t\t\t<h2 class=\"elementor-icon-box-title\">\n\t\t\t\t\t\t<a href=\"https:\/\/talkwoot.com\/pt-pt\/canais\/messenger\/\" >\n\t\t\t\t\t\t\tFacebook Messenger que Impulsiona Conversas e Vendas\t\t\t\t\t\t<\/a>\n\t\t\t\t\t<\/h2>\n\t\t\t\t\n\t\t\t\t\t\t\t\t\t<p class=\"elementor-icon-box-description\">\n\t\t\t\t\t\tTransforme cada publica\u00e7\u00e3o numa oportunidade de venda. Responda automaticamente a coment\u00e1rios, execute an\u00fancios e feche neg\u00f3cios sem sair do chat.\t\t\t\t\t<\/p>\n\t\t\t\t\n\t\t\t<\/div>\n\t\t\t\n\t\t<\/div>\n\t\t\t\t\t\t<\/div>\n\t\t\t\t<\/div>\n\t\t<div class=\"elementor-element elementor-element-b3a931c e-con-full e-flex e-con e-child\" data-id=\"b3a931c\" data-element_type=\"container\" data-e-type=\"container\">\n\t\t\t\t<div class=\"elementor-element elementor-element-e9bbba5 elementor-view-framed elementor-shape-rounded elementor-widget__width-inherit elementor-position-block-start elementor-mobile-position-block-start elementor-widget elementor-widget-icon-box\" data-id=\"e9bbba5\" data-element_type=\"widget\" data-e-type=\"widget\" data-widget_type=\"icon-box.default\">\n\t\t\t\t\t\t\t<div class=\"elementor-icon-box-wrapper\">\n\n\t\t\t\t\t\t<div class=\"elementor-icon-box-icon\">\n\t\t\t\t<a href=\"https:\/\/talkwoot.com\/pt-pt\/canais\/telegram\/\" class=\"elementor-icon\" tabindex=\"-1\" aria-label=\"Telegram que Automatiza a Comunica\u00e7\u00e3o em Escala\">\n\t\t\t\t<svg aria-hidden=\"true\" class=\"e-font-icon-svg e-fab-telegram-plane\" viewBox=\"0 0 448 512\" xmlns=\"http:\/\/www.w3.org\/2000\/svg\"><path d=\"M446.7 98.6l-67.6 318.8c-5.1 22.5-18.4 28.1-37.3 17.5l-103-75.9-49.7 47.8c-5.5 5.5-10.1 10.1-20.7 10.1l7.4-104.9 190.9-172.5c8.3-7.4-1.8-11.5-12.9-4.1L117.8 284 16.2 252.2c-22.1-6.9-22.5-22.1 4.6-32.7L418.2 66.4c18.4-6.9 34.5 4.1 28.5 32.2z\"><\/path><\/svg>\t\t\t\t<\/a>\n\t\t\t<\/div>\n\t\t\t\n\t\t\t\t\t\t<div class=\"elementor-icon-box-content\">\n\n\t\t\t\t\t\t\t\t\t<h2 class=\"elementor-icon-box-title\">\n\t\t\t\t\t\t<a href=\"https:\/\/talkwoot.com\/pt-pt\/canais\/telegram\/\" >\n\t\t\t\t\t\t\tTelegram que Automatiza a Comunica\u00e7\u00e3o em Escala\t\t\t\t\t\t<\/a>\n\t\t\t\t\t<\/h2>\n\t\t\t\t\n\t\t\t\t\t\t\t\t\t<p class=\"elementor-icon-box-description\">\n\t\t\t\t\t\tGira grandes audi\u00eancias, envie transmiss\u00f5es segmentadas e automatize respostas para envolver milhares de utilizadores \u2014 tudo num espa\u00e7o de trabalho organizado.\t\t\t\t\t<\/p>\n\t\t\t\t\n\t\t\t<\/div>\n\t\t\t\n\t\t<\/div>\n\t\t\t\t\t\t<\/div>\n\t\t\t\t<div class=\"elementor-element elementor-element-52205c8 elementor-view-framed elementor-shape-rounded elementor-widget__width-inherit elementor-position-block-start elementor-mobile-position-block-start elementor-widget elementor-widget-icon-box\" data-id=\"52205c8\" data-element_type=\"widget\" data-e-type=\"widget\" data-widget_type=\"icon-box.default\">\n\t\t\t\t\t\t\t<div class=\"elementor-icon-box-wrapper\">\n\n\t\t\t\t\t\t<div class=\"elementor-icon-box-icon\">\n\t\t\t\t<a href=\"https:\/\/talkwoot.com\/pt-pt\/canais\/webchat\/\" class=\"elementor-icon\" tabindex=\"-1\" aria-label=\"Web Chat que Converte Visitantes em Clientes\">\n\t\t\t\t<svg aria-hidden=\"true\" class=\"e-font-icon-svg e-far-comment\" viewBox=\"0 0 512 512\" xmlns=\"http:\/\/www.w3.org\/2000\/svg\"><path d=\"M256 32C114.6 32 0 125.1 0 240c0 47.6 19.9 91.2 52.9 126.3C38 405.7 7 439.1 6.5 439.5c-6.6 7-8.4 17.2-4.6 26S14.4 480 24 480c61.5 0 110-25.7 139.1-46.3C192 442.8 223.2 448 256 448c141.4 0 256-93.1 256-208S397.4 32 256 32zm0 368c-26.7 0-53.1-4.1-78.4-12.1l-22.7-7.2-19.5 13.8c-14.3 10.1-33.9 21.4-57.5 29 7.3-12.1 14.4-25.7 19.9-40.2l10.6-28.1-20.6-21.8C69.7 314.1 48 282.2 48 240c0-88.2 93.3-160 208-160s208 71.8 208 160-93.3 160-208 160z\"><\/path><\/svg>\t\t\t\t<\/a>\n\t\t\t<\/div>\n\t\t\t\n\t\t\t\t\t\t<div class=\"elementor-icon-box-content\">\n\n\t\t\t\t\t\t\t\t\t<h3 class=\"elementor-icon-box-title\">\n\t\t\t\t\t\t<a href=\"https:\/\/talkwoot.com\/pt-pt\/canais\/webchat\/\" >\n\t\t\t\t\t\t\tWeb Chat que Converte Visitantes em Clientes\t\t\t\t\t\t<\/a>\n\t\t\t\t\t<\/h3>\n\t\t\t\t\n\t\t\t\t\t\t\t\t\t<p class=\"elementor-icon-box-description\">\n\t\t\t\t\t\tAdicione o TalkWoot ao seu site e comece imediatamente a captar leads. Automatize respostas, qualifique potenciais clientes e conecte-se com a sua equipa em tempo real.\t\t\t\t\t<\/p>\n\t\t\t\t\n\t\t\t<\/div>\n\t\t\t\n\t\t<\/div>\n\t\t\t\t\t\t<\/div>\n\t\t\t\t<div class=\"elementor-element elementor-element-db3aedc elementor-view-framed elementor-shape-rounded elementor-widget__width-inherit elementor-position-block-start elementor-mobile-position-block-start elementor-widget elementor-widget-icon-box\" data-id=\"db3aedc\" data-element_type=\"widget\" data-e-type=\"widget\" data-widget_type=\"icon-box.default\">\n\t\t\t\t\t\t\t<div class=\"elementor-icon-box-wrapper\">\n\n\t\t\t\t\t\t<div class=\"elementor-icon-box-icon\">\n\t\t\t\t<span  class=\"elementor-icon\">\n\t\t\t\t<svg aria-hidden=\"true\" class=\"e-font-icon-svg e-fas-inbox\" viewBox=\"0 0 576 512\" xmlns=\"http:\/\/www.w3.org\/2000\/svg\"><path d=\"M567.938 243.908L462.25 85.374A48.003 48.003 0 0 0 422.311 64H153.689a48 48 0 0 0-39.938 21.374L8.062 243.908A47.994 47.994 0 0 0 0 270.533V400c0 26.51 21.49 48 48 48h480c26.51 0 48-21.49 48-48V270.533a47.994 47.994 0 0 0-8.062-26.625zM162.252 128h251.497l85.333 128H376l-32 64H232l-32-64H76.918l85.334-128z\"><\/path><\/svg>\t\t\t\t<\/span>\n\t\t\t<\/div>\n\t\t\t\n\t\t\t\t\t\t<div class=\"elementor-icon-box-content\">\n\n\t\t\t\t\t\t\t\t\t<h2 class=\"elementor-icon-box-title\">\n\t\t\t\t\t\t<span  >\n\t\t\t\t\t\t\tCaixa de Entrada Omnichannel que Une Todas as Conversas\t\t\t\t\t\t<\/span>\n\t\t\t\t\t<\/h2>\n\t\t\t\t\n\t\t\t\t\t\t\t\t\t<p class=\"elementor-icon-box-description\">\n\t\t\t\t\t\tGira WhatsApp, Instagram, Messenger, Telegram e Web Chat numa \u00fanica caixa de entrada inteligente. Atribua conversas, acompanhe o desempenho e nunca mais perca um cliente.\t\t\t\t\t<\/p>\n\t\t\t\t\n\t\t\t<\/div>\n\t\t\t\n\t\t<\/div>\n\t\t\t\t\t\t<\/div>\n\t\t\t\t<\/div>\n\t\t\t\t\t<\/div>\n\t\t\t\t<\/div>\n\t\t<div class=\"elementor-element elementor-element-e8dfa5a e-con-full e-flex e-con e-parent\" data-id=\"e8dfa5a\" data-element_type=\"container\" data-e-type=\"container\">\n\t\t<div class=\"elementor-element elementor-element-5245e2b section-padd e-flex e-con-boxed e-con e-child\" data-id=\"5245e2b\" data-element_type=\"container\" data-e-type=\"container\" data-settings=\"{&quot;background_background&quot;:&quot;gradient&quot;}\">\n\t\t\t\t\t<div class=\"e-con-inner\">\n\t\t\t\t<div class=\"elementor-element elementor-element-6820362 elementor-invisible elementor-widget elementor-widget-sasi-heading\" data-id=\"6820362\" data-element_type=\"widget\" data-e-type=\"widget\" data-settings=\"{&quot;_animation&quot;:&quot;fadeInUp&quot;}\" data-widget_type=\"sasi-heading.default\">\n\t\t\t\t<div class=\"elementor-widget-container\">\n\t\t\t\t\t\t\t<div class=\"sasi-heading\">\r\n\t        <span class=\"sasi-heading__sub\">FAQ<\/span>\t        <h2 class=\"sasi-heading__title\">Perguntas Frequentes<\/h2>\t    <\/div>\r\n\t    \t\t\t\t<\/div>\n\t\t\t\t<\/div>\n\t\t\t\t<div class=\"elementor-element elementor-element-70d440a elementor-widget__width-initial elementor-invisible elementor-widget elementor-widget-text-editor\" data-id=\"70d440a\" data-element_type=\"widget\" data-e-type=\"widget\" data-settings=\"{&quot;_animation&quot;:&quot;fadeInUp&quot;}\" data-widget_type=\"text-editor.default\">\n\t\t\t\t\t\t\t\t\t<p>Respondemos \u00e0s principais perguntas para o ajudar a compreender melhor como a TalkWoot pode apoiar o seu neg\u00f3cio.<br><br><\/p>\t\t\t\t\t\t\t\t<\/div>\n\t\t<div class=\"elementor-element elementor-element-b6b4138 e-con-full e-flex e-con e-child\" data-id=\"b6b4138\" data-element_type=\"container\" data-e-type=\"container\">\n\t\t<div class=\"elementor-element elementor-element-4316136 e-con-full e-flex elementor-invisible e-con e-child\" data-id=\"4316136\" data-element_type=\"container\" data-e-type=\"container\" data-settings=\"{&quot;animation&quot;:&quot;fadeInLeft&quot;}\">\n\t\t\t\t<div class=\"elementor-element elementor-element-20f3892 elementor-widget-tablet__width-inherit elementor-widget elementor-widget-sasi-accordions-2\" data-id=\"20f3892\" data-element_type=\"widget\" data-e-type=\"widget\" data-widget_type=\"sasi-accordions-2.default\">\n\t\t\t\t<div class=\"elementor-widget-container\">\n\t\t\t\t\t\r\n\t\t<div class=\"sasi-accordions-wrapper\">\r\n\t\t\t\t\t\t<div class=\"sasi-acc-item-s2\">\r\n\t\t\t\t<h5 class=\"sasi-acc-item__title\" data-tab=\"1\" data-default=\"yes\" >\r\n\r\n\t\t\t\t\t\t\t\t\t\t1. O que \u00e9 a TalkWoot?\r\n\t\t\t\t\t\t\t\t\t<\/h5>\r\n\t\t\t\t<div class=\"sasi-acc-item__content\">\r\n\t\t\t\t\t<div class=\"acc__content-inner\"><p data-start=\"186\" data-end=\"402\">A TalkWoot \u00e9 uma plataforma de IA conversacional e automa\u00e7\u00e3o que centraliza o WhatsApp, Instagram, Facebook, Telegram e Chat do Website num s\u00f3 lugar \u2014 ajudando as empresas a vender mais e a prestar um melhor servi\u00e7o.<\/p><\/div>\r\n\t\t\t\t<\/div>\r\n\t\t\t<\/div>\r\n\t\t\t\t\t\t<div class=\"sasi-acc-item-s2\">\r\n\t\t\t\t<h5 class=\"sasi-acc-item__title\" data-tab=\"2\" data-default=\"\" >\r\n\r\n\t\t\t\t\t\t\t\t\t\t2. O vosso CRM \u00e9 adequado para pequenas empresas?\r\n\t\t\t\t\t\t\t\t\t<\/h5>\r\n\t\t\t\t<div class=\"sasi-acc-item__content\">\r\n\t\t\t\t\t<div class=\"acc__content-inner\"><p data-start=\"469\" data-end=\"712\">Sim. A TalkWoot foi desenvolvida para ser escal\u00e1vel \u2014 \u00e9 simples o suficiente para freelancers e pequenas empresas, mas tamb\u00e9m robusta o bastante para equipas maiores. Pode come\u00e7ar com automa\u00e7\u00f5es b\u00e1sicas e crescer conforme as suas necessidades.<\/p><\/div>\r\n\t\t\t\t<\/div>\r\n\t\t\t<\/div>\r\n\t\t\t\t\t\t<div class=\"sasi-acc-item-s2\">\r\n\t\t\t\t<h5 class=\"sasi-acc-item__title\" data-tab=\"3\" data-default=\"\" >\r\n\r\n\t\t\t\t\t\t\t\t\t\t3. A TalkWoot funciona apenas com o WhatsApp?\r\n\t\t\t\t\t\t\t\t\t<\/h5>\r\n\t\t\t\t<div class=\"sasi-acc-item__content\">\r\n\t\t\t\t\t<div class=\"acc__content-inner\"><p data-start=\"775\" data-end=\"942\">N\u00e3o. Al\u00e9m do WhatsApp, a TalkWoot integra-se tamb\u00e9m com Instagram, Facebook Messenger, Telegram e o Chat do seu Website \u2014 tudo numa \u00fanica caixa de entrada inteligente.<\/p><\/div>\r\n\t\t\t\t<\/div>\r\n\t\t\t<\/div>\r\n\t\t\t\t\t\t<div class=\"sasi-acc-item-s2\">\r\n\t\t\t\t<h5 class=\"sasi-acc-item__title\" data-tab=\"4\" data-default=\"\" >\r\n\r\n\t\t\t\t\t\t\t\t\t\t4. Como funciona o teste gratuito de 14 dias?\r\n\t\t\t\t\t\t\t\t\t<\/h5>\r\n\t\t\t\t<div class=\"sasi-acc-item__content\">\r\n\t\t\t\t\t<div class=\"acc__content-inner\"><p data-start=\"1005\" data-end=\"1208\">Pode experimentar todas as funcionalidades sem compromisso durante 14 dias. N\u00e3o \u00e9 necess\u00e1rio cart\u00e3o de cr\u00e9dito. Basta criar a sua conta, configurar o canal e come\u00e7ar a testar as automa\u00e7\u00f5es imediatamente.<\/p><\/div>\r\n\t\t\t\t<\/div>\r\n\t\t\t<\/div>\r\n\t\t\t\t\t\t<div class=\"sasi-acc-item-s2\">\r\n\t\t\t\t<h5 class=\"sasi-acc-item__title\" data-tab=\"5\" data-default=\"\" >\r\n\r\n\t\t\t\t\t\t\t\t\t\t5. A TalkWoot \u00e9 segura?\r\n\t\t\t\t\t\t\t\t\t<\/h5>\r\n\t\t\t\t<div class=\"sasi-acc-item__content\">\r\n\t\t\t\t\t<div class=\"acc__content-inner\"><p data-start=\"1249\" data-end=\"1477\">Sim. A TalkWoot cumpre o <strong data-start=\"1274\" data-end=\"1323\">Regulamento Geral de Prote\u00e7\u00e3o de Dados (RGPD)<\/strong> e armazena todas as informa\u00e7\u00f5es de forma encriptada em servidores seguros na Europa. A sua privacidade e a dos seus clientes est\u00e3o totalmente protegidas.<\/p><\/div>\r\n\t\t\t\t<\/div>\r\n\t\t\t<\/div>\r\n\t\t\t\t    <\/div>\r\n\r\n\t    \t\t\t\t<\/div>\n\t\t\t\t<\/div>\n\t\t\t\t<\/div>\n\t\t<div class=\"elementor-element elementor-element-2af864d e-con-full e-flex elementor-invisible e-con e-child\" data-id=\"2af864d\" data-element_type=\"container\" data-e-type=\"container\" data-settings=\"{&quot;animation&quot;:&quot;fadeInRight&quot;}\">\n\t\t\t\t<div class=\"elementor-element elementor-element-a6cce8d elementor-widget elementor-widget-image\" data-id=\"a6cce8d\" data-element_type=\"widget\" data-e-type=\"widget\" data-widget_type=\"image.default\">\n\t\t\t\t\t\t\t\t\t\t\t\t\t\t\t<img fetchpriority=\"high\" decoding=\"async\" width=\"628\" height=\"571\" src=\"https:\/\/talkwoot.com\/wp-content\/uploads\/2025\/10\/image-faq-talkwoot.png\" class=\"attachment-full size-full wp-image-2005\" alt=\"\" srcset=\"https:\/\/talkwoot.com\/wp-content\/uploads\/2025\/10\/image-faq-talkwoot.png 628w, https:\/\/talkwoot.com\/wp-content\/uploads\/2025\/10\/image-faq-talkwoot-300x273.png 300w\" sizes=\"(max-width: 628px) 100vw, 628px\" \/>\t\t\t\t\t\t\t\t\t\t\t\t\t\t\t<\/div>\n\t\t\t\t<\/div>\n\t\t\t\t<\/div>\n\t\t\t\t\t<\/div>\n\t\t\t\t<\/div>\n\t\t\t\t<\/div>\n\t\t\t\t<\/div>\n\t\t","protected":false},"excerpt":{"rendered":"<p>Canais Ligue Todos os Canais,Potencie Todas as Conversas Unifique o WhatsApp, Instagram, Facebook Messenger, Telegram e Web Chat numa \u00fanica caixa de entrada inteligente.Automatize mensagens, aumente o envolvimento e expanda o seu neg\u00f3cio em todos os pontos de contacto \u2014 tudo a partir de uma \u00fanica plataforma. WhatsApp que Vende Enquanto Dorme Automatize as suas [&hellip;]<\/p>\n","protected":false},"author":1,"featured_media":0,"parent":0,"menu_order":0,"comment_status":"closed","ping_status":"closed","template":"","meta":{"footnotes":""},"class_list":["post-2182","page","type-page","status-publish","hentry"],"_links":{"self":[{"href":"https:\/\/talkwoot.com\/pt-pt\/wp-json\/wp\/v2\/pages\/2182","targetHints":{"allow":["GET"]}}],"collection":[{"href":"https:\/\/talkwoot.com\/pt-pt\/wp-json\/wp\/v2\/pages"}],"about":[{"href":"https:\/\/talkwoot.com\/pt-pt\/wp-json\/wp\/v2\/types\/page"}],"author":[{"embeddable":true,"href":"https:\/\/talkwoot.com\/pt-pt\/wp-json\/wp\/v2\/users\/1"}],"replies":[{"embeddable":true,"href":"https:\/\/talkwoot.com\/pt-pt\/wp-json\/wp\/v2\/comments?post=2182"}],"version-history":[{"count":8,"href":"https:\/\/talkwoot.com\/pt-pt\/wp-json\/wp\/v2\/pages\/2182\/revisions"}],"predecessor-version":[{"id":2382,"href":"https:\/\/talkwoot.com\/pt-pt\/wp-json\/wp\/v2\/pages\/2182\/revisions\/2382"}],"wp:attachment":[{"href":"https:\/\/talkwoot.com\/pt-pt\/wp-json\/wp\/v2\/media?parent=2182"}],"curies":[{"name":"wp","href":"https:\/\/api.w.org\/{rel}","templated":true}]}}